{"id":32,"date":"2018-11-26T17:42:29","date_gmt":"2018-11-26T16:42:29","guid":{"rendered":"http:\/\/viba-motor.fr\/?page_id=32"},"modified":"2024-03-29T17:47:11","modified_gmt":"2024-03-29T16:47:11","slug":"mentions-legales","status":"publish","type":"page","link":"https:\/\/viba-motor.fr\/fr\/mentions-legales\/","title":{"rendered":"Mentions l\u00e9gales"},"content":{"rendered":"<div data-elementor-type=\"wp-page\" data-elementor-id=\"32\" class=\"elementor elementor-32\" data-elementor-post-type=\"page\">\n\t\t\t\t<div class=\"elementor-element elementor-element-70fcda59 e-flex e-con-boxed e-con e-parent\" data-id=\"70fcda59\" data-element_type=\"container\" data-e-type=\"container\">\n\t\t\t\t\t<div class=\"e-con-inner\">\n\t\t\t\t<div class=\"elementor-element elementor-element-24aa301 elementor-widget elementor-widget-heading\" data-id=\"24aa301\" data-element_type=\"widget\" data-e-type=\"widget\" data-widget_type=\"heading.default\">\n\t\t\t\t<div class=\"elementor-widget-container\">\n\t\t\t\t\t<h2 class=\"elementor-heading-title elementor-size-default\">Mentions l\u00e9gales<\/h2>\t\t\t\t<\/div>\n\t\t\t\t<\/div>\n\t\t\t\t<div class=\"elementor-element elementor-element-e4f1e6a elementor-widget elementor-widget-text-editor\" data-id=\"e4f1e6a\" data-element_type=\"widget\" data-e-type=\"widget\" data-widget_type=\"text-editor.default\">\n\t\t\t\t<div class=\"elementor-widget-container\">\n\t\t\t\t\t\t\t\t\t<p><strong>viba-motor<\/strong> est un site web \u00e9dit\u00e9 et publi\u00e9 par la SAS VBS.\u2028Les conditions suivantes s\u2019appliquent \u00e0 toute personne qui acc\u00e8de et utilise le site Web, les contenus et services qui y sont associ\u00e9s.<br \/>Les informations fournies sur le site www.viba-motor.fr sont destin\u00e9es \u00e0 donner de l\u2019information et fournir des services gratuits sur le monde des v\u00e9hicules sans pr\u00e9tendre \u00e0 l\u2019exhaustivit\u00e9.<\/p>\t\t\t\t\t\t\t\t<\/div>\n\t\t\t\t<\/div>\n\t\t\t\t<div class=\"elementor-element elementor-element-aad1f9e elementor-widget elementor-widget-heading\" data-id=\"aad1f9e\" data-element_type=\"widget\" data-e-type=\"widget\" data-widget_type=\"heading.default\">\n\t\t\t\t<div class=\"elementor-widget-container\">\n\t\t\t\t\t<h3 class=\"elementor-heading-title elementor-size-default\">Site web<\/h3>\t\t\t\t<\/div>\n\t\t\t\t<\/div>\n\t\t\t\t<div class=\"elementor-element elementor-element-6b612c1 elementor-widget elementor-widget-text-editor\" data-id=\"6b612c1\" data-element_type=\"widget\" data-e-type=\"widget\" data-widget_type=\"text-editor.default\">\n\t\t\t\t<div class=\"elementor-widget-container\">\n\t\t\t\t\t\t\t\t\t<p><strong>VIBA<\/strong> ne pourra \u00eatre tenu pour responsable de quelque mani\u00e8re que ce soit des cons\u00e9quences directes ou indirectes engendr\u00e9es par des pertes, des retards li\u00e9s \u00e0 l\u2019utilisation du pr\u00e9sent site Web ou \u00e0 l\u2019impossibilit\u00e9 de l\u2019utiliser.<br \/>\u2028Sur son site, <strong>VIBA<\/strong> propose des liens vers d\u2019autres sites. <strong>VIBA<\/strong> n\u2019exerce aucun contr\u00f4le sur les sites Web autre que le sien et n\u2019assume aucune responsabilit\u00e9 concernant ces sites ou leurs contenus.<\/p>\t\t\t\t\t\t\t\t<\/div>\n\t\t\t\t<\/div>\n\t\t\t\t<div class=\"elementor-element elementor-element-c5ec6a6 elementor-widget elementor-widget-heading\" data-id=\"c5ec6a6\" data-element_type=\"widget\" data-e-type=\"widget\" data-widget_type=\"heading.default\">\n\t\t\t\t<div class=\"elementor-widget-container\">\n\t\t\t\t\t<h3 class=\"elementor-heading-title elementor-size-default\">Donn\u00e9es personnelles<\/h3>\t\t\t\t<\/div>\n\t\t\t\t<\/div>\n\t\t\t\t<div class=\"elementor-element elementor-element-438ab68 elementor-widget elementor-widget-text-editor\" data-id=\"438ab68\" data-element_type=\"widget\" data-e-type=\"widget\" data-widget_type=\"text-editor.default\">\n\t\t\t\t<div class=\"elementor-widget-container\">\n\t\t\t\t\t\t\t\t\t<p>Les informations et donn\u00e9es personnelles que <strong>VIBA<\/strong> demande de lui fournir sont r\u00e9serv\u00e9es \u00e0 son usage. Elles ne sont ni pr\u00eat\u00e9es, ni lou\u00e9es, ni vendues \u00e0 des tiers.\u2028Vous disposez d\u2019un droit d\u2019acc\u00e8s, de modification, de rectification et de suppression des donn\u00e9es qui vous concernent (art 34 de la loi No 78-17 Informatique et Libert\u00e9).<\/p>\t\t\t\t\t\t\t\t<\/div>\n\t\t\t\t<\/div>\n\t\t\t\t<div class=\"elementor-element elementor-element-d399834 elementor-widget elementor-widget-heading\" data-id=\"d399834\" data-element_type=\"widget\" data-e-type=\"widget\" data-widget_type=\"heading.default\">\n\t\t\t\t<div class=\"elementor-widget-container\">\n\t\t\t\t\t<h3 class=\"elementor-heading-title elementor-size-default\">Donn\u00e9es li\u00e9es \u00e0 la navigation<\/h3>\t\t\t\t<\/div>\n\t\t\t\t<\/div>\n\t\t\t\t<div class=\"elementor-element elementor-element-d5456cc elementor-widget elementor-widget-text-editor\" data-id=\"d5456cc\" data-element_type=\"widget\" data-e-type=\"widget\" data-widget_type=\"text-editor.default\">\n\t\t\t\t<div class=\"elementor-widget-container\">\n\t\t\t\t\t\t\t\t\t<p><strong>VIBA<\/strong> se r\u00e9serve la possibilit\u00e9 d\u2019utiliser des cookies et de les implanter dans l\u2019ordinateur de tout internaute visitant le site www.viba-motor.fr, afin d\u2019enregistrer toute information relative \u00e0 la navigation de son ordinateur sur www.viba-motor.fr (pages consult\u00e9es, dates et heures de consultation\u2026).<br \/>Les cookies sont des fichiers enregistr\u00e9s sur le disque dur de votre ordinateur lors de votre navigation sur Internet. Tout internaute a la possibilit\u00e9 de s\u2019opposer \u00e0 l\u2019enregistrement de cookie en modifiant la configuration du navigateur de son ordinateur.<\/p>\t\t\t\t\t\t\t\t<\/div>\n\t\t\t\t<\/div>\n\t\t\t\t<div class=\"elementor-element elementor-element-a0f9877 elementor-widget elementor-widget-heading\" data-id=\"a0f9877\" data-element_type=\"widget\" data-e-type=\"widget\" data-widget_type=\"heading.default\">\n\t\t\t\t<div class=\"elementor-widget-container\">\n\t\t\t\t\t<h3 class=\"elementor-heading-title elementor-size-default\">Droit de propri\u00e9t\u00e9s intellectuelles<\/h3>\t\t\t\t<\/div>\n\t\t\t\t<\/div>\n\t\t\t\t<div class=\"elementor-element elementor-element-a860927 elementor-widget elementor-widget-text-editor\" data-id=\"a860927\" data-element_type=\"widget\" data-e-type=\"widget\" data-widget_type=\"text-editor.default\">\n\t\t\t\t<div class=\"elementor-widget-container\">\n\t\t\t\t\t\t\t\t\t<p><strong>VIBA<\/strong>, le site www.viba-motor.fr et son contenu sont prot\u00e9g\u00e9s par le droit des marques et\/ou le droit d\u2019auteur et autres droits. L\u2019ensemble de ses \u00e9l\u00e9ments \u2013 textes, images, photos, sons, vid\u00e9os, programmes, etc\u2026 \u2013 demeure la propri\u00e9t\u00e9 exclusive de VBS.<br \/>Les logos, photos, illustrations, marques et marques d\u00e9pos\u00e9es sont la propri\u00e9t\u00e9 de leurs d\u00e9tenteurs respectifs.<br \/>En application des dispositions du Code de la propri\u00e9t\u00e9 intellectuelle, des dispositions l\u00e9gislatives et r\u00e9glementaires de tous pays et des conventions internationales, toute repr\u00e9sentation et\/ou reproduction, ou encore utilisation, exploitation, int\u00e9grale ou partielle, de l\u2019un quelconque des \u00e9l\u00e9ments mentionn\u00e9s ci-dessus, faite sans le consentement pr\u00e9alable et \u00e9crit de <strong>VIBA<\/strong> est interdite.\u2028Pour toute question ou r\u00e9clamation concernant ce site veuillez adresser un message via le formulaire de contact \u00e0 disposition.<\/p>\t\t\t\t\t\t\t\t<\/div>\n\t\t\t\t<\/div>\n\t\t\t\t\t<\/div>\n\t\t\t\t<\/div>\n\t\t\t\t<\/div>","protected":false},"excerpt":{"rendered":"<p>Mentions l\u00e9gales viba-motor est un site web \u00e9dit\u00e9 et publi\u00e9 par la SAS VBS.\u2028Les conditions suivantes s\u2019appliquent \u00e0 toute personne qui acc\u00e8de et utilise le site Web, les contenus et services qui y sont associ\u00e9s.Les informations fournies sur le site www.viba-motor.fr sont destin\u00e9es \u00e0 donner de l\u2019information et fournir des services gratuits sur le monde [&hellip;]<\/p>","protected":false},"author":1,"featured_media":0,"parent":0,"menu_order":0,"comment_status":"closed","ping_status":"closed","template":"","meta":{"_acf_changed":false,"inline_featured_image":false,"footnotes":""},"class_list":["post-32","page","type-page","status-publish","hentry"],"acf":[],"yoast_head":"<!-- This site is optimized with the Yoast SEO plugin v27.5 - https:\/\/yoast.com\/product\/yoast-seo-wordpress\/ -->\n<title>Mentions l\u00e9gales | VIBA - Design Studio &amp; Creative Atelier<\/title>\n<meta name=\"description\" content=\"Mentions l\u00e9gales\" \/>\n<meta name=\"robots\" content=\"noindex, follow\" \/>\n<meta property=\"og:locale\" content=\"fr_FR\" \/>\n<meta property=\"og:type\" content=\"article\" \/>\n<meta property=\"og:title\" content=\"Mentions l\u00e9gales | VIBA - Design Studio &amp; Creative Atelier\" \/>\n<meta property=\"og:description\" content=\"Mentions l\u00e9gales\" \/>\n<meta property=\"og:url\" content=\"https:\/\/viba-motor.fr\/fr\/mentions-legales\/\" \/>\n<meta property=\"og:site_name\" content=\"VIBA\" \/>\n<meta property=\"article:modified_time\" content=\"2024-03-29T16:47:11+00:00\" \/>\n<meta name=\"twitter:card\" content=\"summary_large_image\" \/>\n<meta name=\"twitter:label1\" content=\"Dur\u00e9e de lecture estim\u00e9e\" \/>\n\t<meta name=\"twitter:data1\" content=\"3 minutes\" \/>\n<script type=\"application\/ld+json\" class=\"yoast-schema-graph\">{\"@context\":\"https:\\\/\\\/schema.org\",\"@graph\":[{\"@type\":\"WebPage\",\"@id\":\"https:\\\/\\\/viba-motor.fr\\\/mentions-legales\\\/\",\"url\":\"https:\\\/\\\/viba-motor.fr\\\/mentions-legales\\\/\",\"name\":\"Mentions l\u00e9gales | VIBA - Design Studio &amp; Creative Atelier\",\"isPartOf\":{\"@id\":\"https:\\\/\\\/viba-motor.fr\\\/#website\"},\"datePublished\":\"2018-11-26T16:42:29+00:00\",\"dateModified\":\"2024-03-29T16:47:11+00:00\",\"description\":\"Mentions l\u00e9gales\",\"breadcrumb\":{\"@id\":\"https:\\\/\\\/viba-motor.fr\\\/mentions-legales\\\/#breadcrumb\"},\"inLanguage\":\"fr-FR\",\"potentialAction\":[{\"@type\":\"ReadAction\",\"target\":[\"https:\\\/\\\/viba-motor.fr\\\/mentions-legales\\\/\"]}]},{\"@type\":\"BreadcrumbList\",\"@id\":\"https:\\\/\\\/viba-motor.fr\\\/mentions-legales\\\/#breadcrumb\",\"itemListElement\":[{\"@type\":\"ListItem\",\"position\":1,\"name\":\"Accueil\",\"item\":\"https:\\\/\\\/viba-motor.fr\\\/\"},{\"@type\":\"ListItem\",\"position\":2,\"name\":\"Mentions l\u00e9gales\"}]},{\"@type\":\"WebSite\",\"@id\":\"https:\\\/\\\/viba-motor.fr\\\/#website\",\"url\":\"https:\\\/\\\/viba-motor.fr\\\/\",\"name\":\"VIBA\",\"description\":\"Design Studio &amp; Creative Atelier\",\"publisher\":{\"@id\":\"https:\\\/\\\/viba-motor.fr\\\/#organization\"},\"potentialAction\":[{\"@type\":\"SearchAction\",\"target\":{\"@type\":\"EntryPoint\",\"urlTemplate\":\"https:\\\/\\\/viba-motor.fr\\\/?s={search_term_string}\"},\"query-input\":{\"@type\":\"PropertyValueSpecification\",\"valueRequired\":true,\"valueName\":\"search_term_string\"}}],\"inLanguage\":\"fr-FR\"},{\"@type\":\"Organization\",\"@id\":\"https:\\\/\\\/viba-motor.fr\\\/#organization\",\"name\":\"VIBA\",\"url\":\"https:\\\/\\\/viba-motor.fr\\\/\",\"logo\":{\"@type\":\"ImageObject\",\"inLanguage\":\"fr-FR\",\"@id\":\"https:\\\/\\\/viba-motor.fr\\\/#\\\/schema\\\/logo\\\/image\\\/\",\"url\":\"https:\\\/\\\/viba-motor.fr\\\/wp-content\\\/uploads\\\/Viba-logo.svg\",\"contentUrl\":\"https:\\\/\\\/viba-motor.fr\\\/wp-content\\\/uploads\\\/Viba-logo.svg\",\"width\":200,\"height\":50,\"caption\":\"VIBA\"},\"image\":{\"@id\":\"https:\\\/\\\/viba-motor.fr\\\/#\\\/schema\\\/logo\\\/image\\\/\"}}]}<\/script>\n<!-- \/ Yoast SEO plugin. -->","yoast_head_json":{"title":"Mentions l\u00e9gales | VIBA - Design Studio &amp; Creative Atelier","description":"Mentions l\u00e9gales","robots":{"index":"noindex","follow":"follow"},"og_locale":"fr_FR","og_type":"article","og_title":"Mentions l\u00e9gales | VIBA - Design Studio &amp; Creative Atelier","og_description":"Mentions l\u00e9gales","og_url":"https:\/\/viba-motor.fr\/fr\/mentions-legales\/","og_site_name":"VIBA","article_modified_time":"2024-03-29T16:47:11+00:00","twitter_card":"summary_large_image","twitter_misc":{"Dur\u00e9e de lecture estim\u00e9e":"3 minutes"},"schema":{"@context":"https:\/\/schema.org","@graph":[{"@type":"WebPage","@id":"https:\/\/viba-motor.fr\/mentions-legales\/","url":"https:\/\/viba-motor.fr\/mentions-legales\/","name":"Mentions l\u00e9gales | VIBA - Design Studio &amp; Creative Atelier","isPartOf":{"@id":"https:\/\/viba-motor.fr\/#website"},"datePublished":"2018-11-26T16:42:29+00:00","dateModified":"2024-03-29T16:47:11+00:00","description":"Mentions l\u00e9gales","breadcrumb":{"@id":"https:\/\/viba-motor.fr\/mentions-legales\/#breadcrumb"},"inLanguage":"fr-FR","potentialAction":[{"@type":"ReadAction","target":["https:\/\/viba-motor.fr\/mentions-legales\/"]}]},{"@type":"BreadcrumbList","@id":"https:\/\/viba-motor.fr\/mentions-legales\/#breadcrumb","itemListElement":[{"@type":"ListItem","position":1,"name":"Accueil","item":"https:\/\/viba-motor.fr\/"},{"@type":"ListItem","position":2,"name":"Mentions l\u00e9gales"}]},{"@type":"WebSite","@id":"https:\/\/viba-motor.fr\/#website","url":"https:\/\/viba-motor.fr\/","name":"VIBA","description":"Design Studio &amp; Creative Atelier","publisher":{"@id":"https:\/\/viba-motor.fr\/#organization"},"potentialAction":[{"@type":"SearchAction","target":{"@type":"EntryPoint","urlTemplate":"https:\/\/viba-motor.fr\/?s={search_term_string}"},"query-input":{"@type":"PropertyValueSpecification","valueRequired":true,"valueName":"search_term_string"}}],"inLanguage":"fr-FR"},{"@type":"Organization","@id":"https:\/\/viba-motor.fr\/#organization","name":"VIBA","url":"https:\/\/viba-motor.fr\/","logo":{"@type":"ImageObject","inLanguage":"fr-FR","@id":"https:\/\/viba-motor.fr\/#\/schema\/logo\/image\/","url":"https:\/\/viba-motor.fr\/wp-content\/uploads\/Viba-logo.svg","contentUrl":"https:\/\/viba-motor.fr\/wp-content\/uploads\/Viba-logo.svg","width":200,"height":50,"caption":"VIBA"},"image":{"@id":"https:\/\/viba-motor.fr\/#\/schema\/logo\/image\/"}}]}},"jetpack_shortlink":"https:\/\/wp.me\/PatW1y-w","jetpack_sharing_enabled":true,"_links":{"self":[{"href":"https:\/\/viba-motor.fr\/fr\/wp-json\/wp\/v2\/pages\/32","targetHints":{"allow":["GET"]}}],"collection":[{"href":"https:\/\/viba-motor.fr\/fr\/wp-json\/wp\/v2\/pages"}],"about":[{"href":"https:\/\/viba-motor.fr\/fr\/wp-json\/wp\/v2\/types\/page"}],"author":[{"embeddable":true,"href":"https:\/\/viba-motor.fr\/fr\/wp-json\/wp\/v2\/users\/1"}],"replies":[{"embeddable":true,"href":"https:\/\/viba-motor.fr\/fr\/wp-json\/wp\/v2\/comments?post=32"}],"version-history":[{"count":0,"href":"https:\/\/viba-motor.fr\/fr\/wp-json\/wp\/v2\/pages\/32\/revisions"}],"wp:attachment":[{"href":"https:\/\/viba-motor.fr\/fr\/wp-json\/wp\/v2\/media?parent=32"}],"curies":[{"name":"wp","href":"https:\/\/api.w.org\/{rel}","templated":true}]}}