{"id":36,"date":"2018-11-26T17:57:12","date_gmt":"2018-11-26T16:57:12","guid":{"rendered":"http:\/\/viba-motor.fr\/?page_id=36"},"modified":"2024-05-17T12:14:34","modified_gmt":"2024-05-17T10:14:34","slug":"cgv","status":"publish","type":"page","link":"https:\/\/viba-motor.fr\/fr\/cgv\/","title":{"rendered":"CGV"},"content":{"rendered":"<div data-elementor-type=\"wp-page\" data-elementor-id=\"36\" class=\"elementor elementor-36\" data-elementor-post-type=\"page\">\n\t\t\t\t<div class=\"elementor-element elementor-element-61c9ba8 e-flex e-con-boxed e-con e-parent\" data-id=\"61c9ba8\" data-element_type=\"container\" data-e-type=\"container\">\n\t\t\t\t\t<div class=\"e-con-inner\">\n\t\t\t\t<div class=\"elementor-element elementor-element-cb29abe elementor-widget elementor-widget-heading\" data-id=\"cb29abe\" data-element_type=\"widget\" data-e-type=\"widget\" data-widget_type=\"heading.default\">\n\t\t\t\t<div class=\"elementor-widget-container\">\n\t\t\t\t\t<h2 class=\"elementor-heading-title elementor-size-default\">Conditions G\u00e9n\u00e9rales de Vente<\/h2>\t\t\t\t<\/div>\n\t\t\t\t<\/div>\n\t\t\t\t<div class=\"elementor-element elementor-element-5687bf15 elementor-widget elementor-widget-text-editor\" data-id=\"5687bf15\" data-element_type=\"widget\" data-e-type=\"widget\" data-widget_type=\"text-editor.default\">\n\t\t\t\t<div class=\"elementor-widget-container\">\n\t\t\t\t\t\t\t\t\t<p>L\u2019offre de la pr\u00e9sente boutique \u00e9lectronique est propos\u00e9e par la SAS VBS :<br \/>\u2028VBS\u2028<br \/>ZAC du Porche\u2028<br \/>18340 Plaimpied Givaudins\u2028FRANCE<br \/>\u2028RCS de Bourges : 812 194 942 00015\u2028<br \/>N\u00b0 TVA intra-communautaire : FR31 812 194 942<\/p>\t\t\t\t\t\t\t\t<\/div>\n\t\t\t\t<\/div>\n\t\t\t\t<div class=\"elementor-element elementor-element-40eec3c elementor-widget elementor-widget-heading\" data-id=\"40eec3c\" data-element_type=\"widget\" data-e-type=\"widget\" data-widget_type=\"heading.default\">\n\t\t\t\t<div class=\"elementor-widget-container\">\n\t\t\t\t\t<h3 class=\"elementor-heading-title elementor-size-default\">Article 1 \u2013 Champs d\u2019application et Modification des pr\u00e9sentes Conditions G\u00e9n\u00e9rales de Vente<\/h3>\t\t\t\t<\/div>\n\t\t\t\t<\/div>\n\t\t\t\t<div class=\"elementor-element elementor-element-c0f5227 elementor-widget elementor-widget-text-editor\" data-id=\"c0f5227\" data-element_type=\"widget\" data-e-type=\"widget\" data-widget_type=\"text-editor.default\">\n\t\t\t\t<div class=\"elementor-widget-container\">\n\t\t\t\t\t\t\t\t\t<p>Les pr\u00e9sentes conditions g\u00e9n\u00e9rales de vente s\u2019appliquent \u00e0 toutes commandes pass\u00e9es sur le site internet www.viba-motor.fr\/boutique. <strong>VIBA<\/strong> se r\u00e9serve la possibilit\u00e9 d\u2019adapter ou de modifier \u00e0 tout moment les pr\u00e9sentes conditions g\u00e9n\u00e9rales de vente. En cas de modification, les conditions g\u00e9n\u00e9rales de vente en vigueur au jour de la commande seront appliqu\u00e9es.<\/p>\t\t\t\t\t\t\t\t<\/div>\n\t\t\t\t<\/div>\n\t\t\t\t<div class=\"elementor-element elementor-element-9411580 elementor-widget elementor-widget-heading\" data-id=\"9411580\" data-element_type=\"widget\" data-e-type=\"widget\" data-widget_type=\"heading.default\">\n\t\t\t\t<div class=\"elementor-widget-container\">\n\t\t\t\t\t<h3 class=\"elementor-heading-title elementor-size-default\">Article 2 \u2013 Prix<\/h3>\t\t\t\t<\/div>\n\t\t\t\t<\/div>\n\t\t\t\t<div class=\"elementor-element elementor-element-a897720 elementor-widget elementor-widget-text-editor\" data-id=\"a897720\" data-element_type=\"widget\" data-e-type=\"widget\" data-widget_type=\"text-editor.default\">\n\t\t\t\t<div class=\"elementor-widget-container\">\n\t\t\t\t\t\t\t\t\t<p><strong>VIBA<\/strong> se r\u00e9serve le droit de modifier ses prix \u00e0 tout moment mais s\u2019engage \u00e0 appliquer les tarifs en vigueur qui auront \u00e9t\u00e9 indiqu\u00e9s au moment de la commande, sous r\u00e9serve de disponibilit\u00e9 \u00e0 cette date<\/p>\t\t\t\t\t\t\t\t<\/div>\n\t\t\t\t<\/div>\n\t\t\t\t<div class=\"elementor-element elementor-element-109e867 elementor-widget elementor-widget-heading\" data-id=\"109e867\" data-element_type=\"widget\" data-e-type=\"widget\" data-widget_type=\"heading.default\">\n\t\t\t\t<div class=\"elementor-widget-container\">\n\t\t\t\t\t<h3 class=\"elementor-heading-title elementor-size-default\">Article 3 \u2013 Modalit\u00e9s de Paiement et S\u00e9curisation<\/h3>\t\t\t\t<\/div>\n\t\t\t\t<\/div>\n\t\t\t\t<div class=\"elementor-element elementor-element-8cd1951 elementor-widget elementor-widget-text-editor\" data-id=\"8cd1951\" data-element_type=\"widget\" data-e-type=\"widget\" data-widget_type=\"text-editor.default\">\n\t\t\t\t<div class=\"elementor-widget-container\">\n\t\t\t\t\t\t\t\t\t<p><strong>3.1\/ Modalit\u00e9s de paiement<\/strong><br \/>\u2028Le paiement s\u2019effectue sur les serveurs bancaires s\u00e9curis\u00e9s PayPal. Ceci implique qu\u2019aucune information bancaire vous concernant ne transite via le site www.viba-motor.fr\/boutique. Le paiement par carte bancaire est donc parfaitement s\u00e9curis\u00e9 ; les commandes seront par cons\u00e9quent enregistr\u00e9es et valid\u00e9es d\u00e8s l\u2019acceptation du paiement par la banque.<\/p><p><strong>3.2\/ S\u00e9curisation\u2028<\/strong><br \/>Les coordonn\u00e9es des cartes bancaires utilis\u00e9es pour le paiement sont crypt\u00e9es gr\u00e2ce au protocole SSL (Secure Socket Layer) et ne transitent jamais en clair sur le r\u00e9seau. Le paiement est directement effectu\u00e9 aupr\u00e8s de la banque. <strong>VIBA<\/strong> n\u2019a en aucun cas acc\u00e8s \u00e0 ces coordonn\u00e9es et ne les conserve pas sur ses serveurs. C\u2019est la raison pour laquelle elles doivent \u00eatre renseign\u00e9es lors de chaque nouvelle transaction sur le site. Les personnels du site marchand ne peuvent en prendre connaissance.<\/p><p><strong>3.3\/ D\u00e9faut de Paiement\u2028<\/strong><br \/><strong>VIBA<\/strong> se r\u00e9serve le droit de refuser d\u2019effectuer une livraison ou d\u2019honorer une commande \u00e9manant d\u2019un consommateur qui n\u2019aurait pas r\u00e9gl\u00e9 totalement ou partiellement une commande pr\u00e9c\u00e9dente ou avec lequel un litige de paiement serait en cours d\u2019administration.<br \/><br \/><\/p>\t\t\t\t\t\t\t\t<\/div>\n\t\t\t\t<\/div>\n\t\t\t\t<div class=\"elementor-element elementor-element-214faab elementor-widget elementor-widget-heading\" data-id=\"214faab\" data-element_type=\"widget\" data-e-type=\"widget\" data-widget_type=\"heading.default\">\n\t\t\t\t<div class=\"elementor-widget-container\">\n\t\t\t\t\t<h3 class=\"elementor-heading-title elementor-size-default\">Article 4 \u2013 Disponibilit\u00e9 des produits<\/h3>\t\t\t\t<\/div>\n\t\t\t\t<\/div>\n\t\t\t\t<div class=\"elementor-element elementor-element-efe748b elementor-widget elementor-widget-text-editor\" data-id=\"efe748b\" data-element_type=\"widget\" data-e-type=\"widget\" data-widget_type=\"text-editor.default\">\n\t\t\t\t<div class=\"elementor-widget-container\">\n\t\t\t\t\t\t\t\t\t<p>Les offres de produits et prix sont valables tant qu\u2019elles sont visibles sur le site, dans la limite des stocks disponibles.\u2028<br \/><strong>VIBA<\/strong> se r\u00e9serve le droit de retirer une offre publi\u00e9e sur le site sans pr\u00e9avis. Cette offre sera r\u00e9put\u00e9e non valable d\u00e8s lors qu\u2019elle n\u2019est plus visible sur le site.\u2028<br \/>A r\u00e9ception de la commande, nous v\u00e9rifions la disponibilit\u00e9 du (ou des) produit(s) command\u00e9(s). En cas d\u2019indisponibilit\u00e9, nous nous engageons dans les 21 jours ouvr\u00e9s \u00e0 compter de la validation de la commande soit \u00e0 livrer le produit command\u00e9, soit \u00e0 proposer un produit similaire \u00e0 un prix similaire, soit \u00e0 le rembourser.\u2028<br \/>La date de validation de la commande correspond \u00e0 la date de confirmation du paiement par carte bancaire en ligne.<\/p>\t\t\t\t\t\t\t\t<\/div>\n\t\t\t\t<\/div>\n\t\t\t\t<div class=\"elementor-element elementor-element-2f770bd elementor-widget elementor-widget-heading\" data-id=\"2f770bd\" data-element_type=\"widget\" data-e-type=\"widget\" data-widget_type=\"heading.default\">\n\t\t\t\t<div class=\"elementor-widget-container\">\n\t\t\t\t\t<h3 class=\"elementor-heading-title elementor-size-default\">Article 5 \u2013 Modalit\u00e9s de livraison et d\u00e9lais de livraison<\/h3>\t\t\t\t<\/div>\n\t\t\t\t<\/div>\n\t\t\t\t<div class=\"elementor-element elementor-element-9887826 elementor-widget elementor-widget-text-editor\" data-id=\"9887826\" data-element_type=\"widget\" data-e-type=\"widget\" data-widget_type=\"text-editor.default\">\n\t\t\t\t<div class=\"elementor-widget-container\">\n\t\t\t\t\t\t\t\t\t<p><strong>5.1\/ Adresses de livraison\u2028<\/strong><br \/>Les produits sont livr\u00e9s \u00e0 l\u2019adresse sp\u00e9cifi\u00e9e par l\u2019internaute dans ses \u00ab coordonn\u00e9es de livraison \u00bb.<\/p><p><strong>5.2\/ D\u00e9lais d\u2019exp\u00e9dition<\/strong><br \/>L\u2019exp\u00e9dition s\u2019effectue sous 15 jours ouvr\u00e9s. L\u2019ensemble des d\u00e9lais annonc\u00e9s sont calcul\u00e9s en jours ouvrables. Les d\u00e9lais indiqu\u00e9s sont des d\u00e9lais moyens et correspondent aux d\u00e9lais de traitement, de pr\u00e9paration et d\u2019exp\u00e9dition de la commande (sortie entrep\u00f4ts). A ce d\u00e9lai, il faut ajouter le d\u00e9lai de livraison du transporteur par circuit postal.<\/p><p><strong>5.3\/ Livraison hors France m\u00e9tropolitaine\u2028<\/strong><br \/>Les frais de port hors France m\u00e9tropolitaine sont calcul\u00e9s au moment de l\u2019indication du pays de livraison. Certaines offres peuvent \u00eatre limit\u00e9es \u00e0 la France m\u00e9tropolitaine.\u2028 <br \/>Les \u00e9ventuels taxes et droits de douanes sont \u00e0 la charge du destinataire.<\/p><p><strong>5.4\/ Responsabilit\u00e9s\u2028<\/strong><br \/><strong>VIBA<\/strong> ne serait \u00eatre tenu des \u00e9ventuels d\u00e9t\u00e9riorations ou vol survenu au(x) produit(s) durant leur livraison.\u2028<\/p><p><strong>5.5\/ Droit de r\u00e9tractation<\/strong><br \/>\u2028Le client dispose, dans un d\u00e9lai de 14 (quatorze) jours ouvrables \u00e0 compter de la livraison de sa commande, d\u2019un droit de r\u00e9tractation formul\u00e9 par \u00e9crit. Il dispose ensuite d\u2019un nouveau d\u00e9lai de 14 (quatorze) jours, pour renvoyer le produit aux fins d\u2019\u00e9change ou de remboursement. Si ce d\u00e9lai expire un samedi, un dimanche ou un jour f\u00e9ri\u00e9 ou ch\u00f4m\u00e9, il est prorog\u00e9 jusqu\u2019au premier jour ouvrable suivant. Le produit retourn\u00e9 devra l\u2019\u00eatre dans son \u00e9tat et emballage d\u2019origine. Il devra ne pas avoir \u00e9t\u00e9 utilis\u00e9, n\u2019avoir subi aucune d\u00e9t\u00e9rioration si minime soit-elle et \u00eatre dans un \u00e9tat de propret\u00e9 parfaite. Ce droit de r\u00e9tractation s\u2019exerce sans p\u00e9nalit\u00e9s.\u2028<br \/>En cas d\u2019annulation de la livraison de la commande alors que celle-ci est en cours d\u2019exp\u00e9dition, les frais de pr\u00e9paration de commande et de transports dans leur int\u00e9gralit\u00e9 seront soustraits au remboursement de la commande.\u2028<br \/>Dans un d\u00e9lai maximum de 14 jours \u00e0 compter de la r\u00e9ception du produit, en cas d\u2019annulation de la commande par le client, ce dernier se verra rembours\u00e9 des sommes vers\u00e9es, les frais d\u2019envoi et de retour exclus. A cet effet, il communiquera ses coordonn\u00e9es bancaires.<\/p>\t\t\t\t\t\t\t\t<\/div>\n\t\t\t\t<\/div>\n\t\t\t\t<div class=\"elementor-element elementor-element-7fee094 elementor-widget elementor-widget-heading\" data-id=\"7fee094\" data-element_type=\"widget\" data-e-type=\"widget\" data-widget_type=\"heading.default\">\n\t\t\t\t<div class=\"elementor-widget-container\">\n\t\t\t\t\t<h3 class=\"elementor-heading-title elementor-size-default\">Article 6 \u2013 Responsabilit\u00e9s<\/h3>\t\t\t\t<\/div>\n\t\t\t\t<\/div>\n\t\t\t\t<div class=\"elementor-element elementor-element-9c9e926 elementor-widget elementor-widget-text-editor\" data-id=\"9c9e926\" data-element_type=\"widget\" data-e-type=\"widget\" data-widget_type=\"text-editor.default\">\n\t\t\t\t<div class=\"elementor-widget-container\">\n\t\t\t\t\t\t\t\t\t<p><strong>6.1\/<\/strong> <strong>VIBA<\/strong> ne saurait \u00eatre tenu pour responsable de l\u2019inex\u00e9cution du contrat conclu \u00e0 l\u2019occasion, de force majeure, de perturbation ou de gr\u00e8ve totale ou partielle notamment des services postaux et moyens de transport et\/ou communications, d\u2019inondation, d\u2019incendie. En ce qui concerne les produits achet\u00e9s pour satisfaire les besoins professionnels, <strong>VIBA<\/strong> n\u2019encourra aucune responsabilit\u00e9 pour tous dommages indirects du fait des pr\u00e9sentes, perte d\u2019exploitation, perte de profit, dommages ou frais, qui pourraient survenir.<\/p><p><br \/><strong>6.2\/<\/strong> Le choix et l\u2019achat d\u2019un produit sont plac\u00e9s sous l\u2019unique responsabilit\u00e9 du client. L\u2019impossibilit\u00e9 totale ou partielle d\u2019utiliser les produits ne peut donner lieu \u00e0 aucun d\u00e9dommagement, remboursement ou mise en cause de la responsabilit\u00e9 de <strong>VIBA<\/strong>.<\/p>\t\t\t\t\t\t\t\t<\/div>\n\t\t\t\t<\/div>\n\t\t\t\t\t<\/div>\n\t\t\t\t<\/div>\n\t\t\t\t<\/div>","protected":false},"excerpt":{"rendered":"<p>Conditions G\u00e9n\u00e9rales de Vente L\u2019offre de la pr\u00e9sente boutique \u00e9lectronique est propos\u00e9e par la SAS VBS :\u2028VBS\u2028ZAC du Porche\u202818340 Plaimpied Givaudins\u2028FRANCE\u2028RCS de Bourges : 812 194 942 00015\u2028N\u00b0 TVA intra-communautaire : FR31 812 194 942 Article 1 \u2013 Champs d\u2019application et Modification des pr\u00e9sentes Conditions G\u00e9n\u00e9rales de Vente Les pr\u00e9sentes conditions g\u00e9n\u00e9rales de vente s\u2019appliquent [&hellip;]<\/p>","protected":false},"author":1,"featured_media":0,"parent":0,"menu_order":0,"comment_status":"closed","ping_status":"closed","template":"","meta":{"_acf_changed":false,"inline_featured_image":false,"footnotes":""},"class_list":["post-36","page","type-page","status-publish","hentry"],"acf":[],"yoast_head":"<!-- This site is optimized with the Yoast SEO plugin v27.5 - https:\/\/yoast.com\/product\/yoast-seo-wordpress\/ -->\n<title>VIBA - Design Studio &amp; Creative Atelier | CGV<\/title>\n<meta name=\"description\" content=\"Conditions G\u00e9n\u00e9rales de Vente\" \/>\n<meta name=\"robots\" content=\"noindex, follow\" \/>\n<meta property=\"og:locale\" content=\"fr_FR\" \/>\n<meta property=\"og:type\" content=\"article\" \/>\n<meta property=\"og:title\" content=\"VIBA - Design Studio &amp; Creative Atelier | CGV\" \/>\n<meta property=\"og:description\" content=\"Conditions G\u00e9n\u00e9rales de Vente\" \/>\n<meta property=\"og:url\" content=\"https:\/\/viba-motor.fr\/fr\/cgv\/\" \/>\n<meta property=\"og:site_name\" content=\"VIBA\" \/>\n<meta property=\"article:modified_time\" content=\"2024-05-17T10:14:34+00:00\" \/>\n<meta name=\"twitter:card\" content=\"summary_large_image\" \/>\n<meta name=\"twitter:label1\" content=\"Dur\u00e9e de lecture estim\u00e9e\" \/>\n\t<meta name=\"twitter:data1\" content=\"5 minutes\" \/>\n<script type=\"application\/ld+json\" class=\"yoast-schema-graph\">{\"@context\":\"https:\\\/\\\/schema.org\",\"@graph\":[{\"@type\":\"WebPage\",\"@id\":\"https:\\\/\\\/viba-motor.fr\\\/cgv\\\/\",\"url\":\"https:\\\/\\\/viba-motor.fr\\\/cgv\\\/\",\"name\":\"VIBA - Design Studio & Creative Atelier | CGV\",\"isPartOf\":{\"@id\":\"https:\\\/\\\/viba-motor.fr\\\/#website\"},\"datePublished\":\"2018-11-26T16:57:12+00:00\",\"dateModified\":\"2024-05-17T10:14:34+00:00\",\"description\":\"Conditions G\u00e9n\u00e9rales de Vente\",\"breadcrumb\":{\"@id\":\"https:\\\/\\\/viba-motor.fr\\\/cgv\\\/#breadcrumb\"},\"inLanguage\":\"fr-FR\",\"potentialAction\":[{\"@type\":\"ReadAction\",\"target\":[\"https:\\\/\\\/viba-motor.fr\\\/cgv\\\/\"]}]},{\"@type\":\"BreadcrumbList\",\"@id\":\"https:\\\/\\\/viba-motor.fr\\\/cgv\\\/#breadcrumb\",\"itemListElement\":[{\"@type\":\"ListItem\",\"position\":1,\"name\":\"Accueil\",\"item\":\"https:\\\/\\\/viba-motor.fr\\\/\"},{\"@type\":\"ListItem\",\"position\":2,\"name\":\"CGV\"}]},{\"@type\":\"WebSite\",\"@id\":\"https:\\\/\\\/viba-motor.fr\\\/#website\",\"url\":\"https:\\\/\\\/viba-motor.fr\\\/\",\"name\":\"VIBA\",\"description\":\"Design Studio &amp; Creative Atelier\",\"publisher\":{\"@id\":\"https:\\\/\\\/viba-motor.fr\\\/#organization\"},\"potentialAction\":[{\"@type\":\"SearchAction\",\"target\":{\"@type\":\"EntryPoint\",\"urlTemplate\":\"https:\\\/\\\/viba-motor.fr\\\/?s={search_term_string}\"},\"query-input\":{\"@type\":\"PropertyValueSpecification\",\"valueRequired\":true,\"valueName\":\"search_term_string\"}}],\"inLanguage\":\"fr-FR\"},{\"@type\":\"Organization\",\"@id\":\"https:\\\/\\\/viba-motor.fr\\\/#organization\",\"name\":\"VIBA\",\"url\":\"https:\\\/\\\/viba-motor.fr\\\/\",\"logo\":{\"@type\":\"ImageObject\",\"inLanguage\":\"fr-FR\",\"@id\":\"https:\\\/\\\/viba-motor.fr\\\/#\\\/schema\\\/logo\\\/image\\\/\",\"url\":\"https:\\\/\\\/viba-motor.fr\\\/wp-content\\\/uploads\\\/Viba-logo.svg\",\"contentUrl\":\"https:\\\/\\\/viba-motor.fr\\\/wp-content\\\/uploads\\\/Viba-logo.svg\",\"width\":200,\"height\":50,\"caption\":\"VIBA\"},\"image\":{\"@id\":\"https:\\\/\\\/viba-motor.fr\\\/#\\\/schema\\\/logo\\\/image\\\/\"}}]}<\/script>\n<!-- \/ Yoast SEO plugin. -->","yoast_head_json":{"title":"VIBA - Design Studio & Creative Atelier | CGV","description":"Conditions G\u00e9n\u00e9rales de Vente","robots":{"index":"noindex","follow":"follow"},"og_locale":"fr_FR","og_type":"article","og_title":"VIBA - Design Studio & Creative Atelier | CGV","og_description":"Conditions G\u00e9n\u00e9rales de Vente","og_url":"https:\/\/viba-motor.fr\/fr\/cgv\/","og_site_name":"VIBA","article_modified_time":"2024-05-17T10:14:34+00:00","twitter_card":"summary_large_image","twitter_misc":{"Dur\u00e9e de lecture estim\u00e9e":"5 minutes"},"schema":{"@context":"https:\/\/schema.org","@graph":[{"@type":"WebPage","@id":"https:\/\/viba-motor.fr\/cgv\/","url":"https:\/\/viba-motor.fr\/cgv\/","name":"VIBA - Design Studio & Creative Atelier | CGV","isPartOf":{"@id":"https:\/\/viba-motor.fr\/#website"},"datePublished":"2018-11-26T16:57:12+00:00","dateModified":"2024-05-17T10:14:34+00:00","description":"Conditions G\u00e9n\u00e9rales de Vente","breadcrumb":{"@id":"https:\/\/viba-motor.fr\/cgv\/#breadcrumb"},"inLanguage":"fr-FR","potentialAction":[{"@type":"ReadAction","target":["https:\/\/viba-motor.fr\/cgv\/"]}]},{"@type":"BreadcrumbList","@id":"https:\/\/viba-motor.fr\/cgv\/#breadcrumb","itemListElement":[{"@type":"ListItem","position":1,"name":"Accueil","item":"https:\/\/viba-motor.fr\/"},{"@type":"ListItem","position":2,"name":"CGV"}]},{"@type":"WebSite","@id":"https:\/\/viba-motor.fr\/#website","url":"https:\/\/viba-motor.fr\/","name":"VIBA","description":"Design Studio &amp; Creative Atelier","publisher":{"@id":"https:\/\/viba-motor.fr\/#organization"},"potentialAction":[{"@type":"SearchAction","target":{"@type":"EntryPoint","urlTemplate":"https:\/\/viba-motor.fr\/?s={search_term_string}"},"query-input":{"@type":"PropertyValueSpecification","valueRequired":true,"valueName":"search_term_string"}}],"inLanguage":"fr-FR"},{"@type":"Organization","@id":"https:\/\/viba-motor.fr\/#organization","name":"VIBA","url":"https:\/\/viba-motor.fr\/","logo":{"@type":"ImageObject","inLanguage":"fr-FR","@id":"https:\/\/viba-motor.fr\/#\/schema\/logo\/image\/","url":"https:\/\/viba-motor.fr\/wp-content\/uploads\/Viba-logo.svg","contentUrl":"https:\/\/viba-motor.fr\/wp-content\/uploads\/Viba-logo.svg","width":200,"height":50,"caption":"VIBA"},"image":{"@id":"https:\/\/viba-motor.fr\/#\/schema\/logo\/image\/"}}]}},"jetpack_shortlink":"https:\/\/wp.me\/PatW1y-A","jetpack_sharing_enabled":true,"_links":{"self":[{"href":"https:\/\/viba-motor.fr\/fr\/wp-json\/wp\/v2\/pages\/36","targetHints":{"allow":["GET"]}}],"collection":[{"href":"https:\/\/viba-motor.fr\/fr\/wp-json\/wp\/v2\/pages"}],"about":[{"href":"https:\/\/viba-motor.fr\/fr\/wp-json\/wp\/v2\/types\/page"}],"author":[{"embeddable":true,"href":"https:\/\/viba-motor.fr\/fr\/wp-json\/wp\/v2\/users\/1"}],"replies":[{"embeddable":true,"href":"https:\/\/viba-motor.fr\/fr\/wp-json\/wp\/v2\/comments?post=36"}],"version-history":[{"count":0,"href":"https:\/\/viba-motor.fr\/fr\/wp-json\/wp\/v2\/pages\/36\/revisions"}],"wp:attachment":[{"href":"https:\/\/viba-motor.fr\/fr\/wp-json\/wp\/v2\/media?parent=36"}],"curies":[{"name":"wp","href":"https:\/\/api.w.org\/{rel}","templated":true}]}}