{"id":8,"date":"2018-11-26T16:43:34","date_gmt":"2018-11-26T15:43:34","guid":{"rendered":"http:\/\/viba-motor.fr\/index.php\/mon-compte\/"},"modified":"2024-04-12T16:34:17","modified_gmt":"2024-04-12T14:34:17","slug":"mon-compte","status":"publish","type":"page","link":"https:\/\/viba-motor.fr\/fr\/mon-compte\/","title":{"rendered":"Mon compte"},"content":{"rendered":"<div data-elementor-type=\"wp-page\" data-elementor-id=\"8\" class=\"elementor elementor-8\" data-elementor-post-type=\"page\">\n\t\t\t\t<div class=\"elementor-element elementor-element-5d9187b e-flex e-con-boxed e-con e-parent\" data-id=\"5d9187b\" data-element_type=\"container\" data-e-type=\"container\">\n\t\t\t\t\t<div class=\"e-con-inner\">\n\t\t\t\t<div class=\"elementor-element elementor-element-83140f5 e-my-account-tabs-vertical elementor-widget elementor-widget-woocommerce-my-account\" data-id=\"83140f5\" data-element_type=\"widget\" data-e-type=\"widget\" data-widget_type=\"woocommerce-my-account.default\">\n\t\t\t\t<div class=\"elementor-widget-container\">\n\t\t\t\t\t<div class=\"e-my-account-tab e-my-account-tab__\">\t\t\t<div class=\"woocommerce\"><\/div>\t\t<\/div>\n\t\t\t\t\t\t<\/div>\n\t\t\t\t<\/div>\n\t\t\t\t\t<\/div>\n\t\t\t\t<\/div>\n\t\t\t\t<\/div>","protected":false},"excerpt":{"rendered":"<p>Dashboard Orders Downloads Addresses Account details Log Out Bonjour viba (vous n\u2019\u00eates pas viba\u00a0? D\u00e9connexion) \u00c0 partir du tableau de bord de votre compte, vous pouvez visualiser vos commandes r\u00e9centes, g\u00e9rer vos adresses de livraison et de facturation ainsi que changer votre mot de passe et les d\u00e9tails de votre compte.<\/p>","protected":false},"author":1,"featured_media":0,"parent":0,"menu_order":0,"comment_status":"closed","ping_status":"closed","template":"","meta":{"_acf_changed":false,"inline_featured_image":false,"footnotes":""},"class_list":["post-8","page","type-page","status-publish","hentry"],"acf":[],"yoast_head":"<!-- This site is optimized with the Yoast SEO plugin v27.3 - https:\/\/yoast.com\/product\/yoast-seo-wordpress\/ -->\n<title>VIBA - Design Studio &amp; Creative Atelier | Mon compte<\/title>\n<meta name=\"description\" content=\"Mon compte\" \/>\n<meta name=\"robots\" content=\"noindex, follow\" \/>\n<meta property=\"og:locale\" content=\"fr_FR\" \/>\n<meta property=\"og:type\" content=\"article\" \/>\n<meta property=\"og:title\" content=\"VIBA - Design Studio &amp; Creative Atelier | Mon compte\" \/>\n<meta property=\"og:description\" content=\"Mon compte\" \/>\n<meta property=\"og:url\" content=\"https:\/\/viba-motor.fr\/fr\/mon-compte\/\" \/>\n<meta property=\"og:site_name\" content=\"VIBA\" \/>\n<meta property=\"article:modified_time\" content=\"2024-04-12T14:34:17+00:00\" \/>\n<meta name=\"twitter:card\" content=\"summary_large_image\" \/>\n<meta name=\"twitter:label1\" content=\"Dur\u00e9e de lecture estim\u00e9e\" \/>\n\t<meta name=\"twitter:data1\" content=\"1 minute\" \/>\n<script type=\"application\/ld+json\" class=\"yoast-schema-graph\">{\"@context\":\"https:\\\/\\\/schema.org\",\"@graph\":[{\"@type\":\"WebPage\",\"@id\":\"https:\\\/\\\/viba-motor.fr\\\/mon-compte\\\/\",\"url\":\"https:\\\/\\\/viba-motor.fr\\\/mon-compte\\\/\",\"name\":\"VIBA - Design Studio & Creative Atelier | Mon compte\",\"isPartOf\":{\"@id\":\"https:\\\/\\\/viba-motor.fr\\\/#website\"},\"datePublished\":\"2018-11-26T15:43:34+00:00\",\"dateModified\":\"2024-04-12T14:34:17+00:00\",\"description\":\"Mon compte\",\"breadcrumb\":{\"@id\":\"https:\\\/\\\/viba-motor.fr\\\/mon-compte\\\/#breadcrumb\"},\"inLanguage\":\"fr-FR\",\"potentialAction\":[{\"@type\":\"ReadAction\",\"target\":[\"https:\\\/\\\/viba-motor.fr\\\/mon-compte\\\/\"]}]},{\"@type\":\"BreadcrumbList\",\"@id\":\"https:\\\/\\\/viba-motor.fr\\\/mon-compte\\\/#breadcrumb\",\"itemListElement\":[{\"@type\":\"ListItem\",\"position\":1,\"name\":\"Accueil\",\"item\":\"https:\\\/\\\/viba-motor.fr\\\/\"},{\"@type\":\"ListItem\",\"position\":2,\"name\":\"Mon compte\"}]},{\"@type\":\"WebSite\",\"@id\":\"https:\\\/\\\/viba-motor.fr\\\/#website\",\"url\":\"https:\\\/\\\/viba-motor.fr\\\/\",\"name\":\"VIBA\",\"description\":\"Design Studio &amp; Creative Atelier\",\"publisher\":{\"@id\":\"https:\\\/\\\/viba-motor.fr\\\/#organization\"},\"potentialAction\":[{\"@type\":\"SearchAction\",\"target\":{\"@type\":\"EntryPoint\",\"urlTemplate\":\"https:\\\/\\\/viba-motor.fr\\\/?s={search_term_string}\"},\"query-input\":{\"@type\":\"PropertyValueSpecification\",\"valueRequired\":true,\"valueName\":\"search_term_string\"}}],\"inLanguage\":\"fr-FR\"},{\"@type\":\"Organization\",\"@id\":\"https:\\\/\\\/viba-motor.fr\\\/#organization\",\"name\":\"VIBA\",\"url\":\"https:\\\/\\\/viba-motor.fr\\\/\",\"logo\":{\"@type\":\"ImageObject\",\"inLanguage\":\"fr-FR\",\"@id\":\"https:\\\/\\\/viba-motor.fr\\\/#\\\/schema\\\/logo\\\/image\\\/\",\"url\":\"https:\\\/\\\/viba-motor.fr\\\/wp-content\\\/uploads\\\/Viba-logo.svg\",\"contentUrl\":\"https:\\\/\\\/viba-motor.fr\\\/wp-content\\\/uploads\\\/Viba-logo.svg\",\"width\":200,\"height\":50,\"caption\":\"VIBA\"},\"image\":{\"@id\":\"https:\\\/\\\/viba-motor.fr\\\/#\\\/schema\\\/logo\\\/image\\\/\"}}]}<\/script>\n<!-- \/ Yoast SEO plugin. -->","yoast_head_json":{"title":"VIBA - Design Studio & Creative Atelier | Mon compte","description":"Mon compte","robots":{"index":"noindex","follow":"follow"},"og_locale":"fr_FR","og_type":"article","og_title":"VIBA - Design Studio & Creative Atelier | Mon compte","og_description":"Mon compte","og_url":"https:\/\/viba-motor.fr\/fr\/mon-compte\/","og_site_name":"VIBA","article_modified_time":"2024-04-12T14:34:17+00:00","twitter_card":"summary_large_image","twitter_misc":{"Dur\u00e9e de lecture estim\u00e9e":"1 minute"},"schema":{"@context":"https:\/\/schema.org","@graph":[{"@type":"WebPage","@id":"https:\/\/viba-motor.fr\/mon-compte\/","url":"https:\/\/viba-motor.fr\/mon-compte\/","name":"VIBA - Design Studio & Creative Atelier | Mon compte","isPartOf":{"@id":"https:\/\/viba-motor.fr\/#website"},"datePublished":"2018-11-26T15:43:34+00:00","dateModified":"2024-04-12T14:34:17+00:00","description":"Mon compte","breadcrumb":{"@id":"https:\/\/viba-motor.fr\/mon-compte\/#breadcrumb"},"inLanguage":"fr-FR","potentialAction":[{"@type":"ReadAction","target":["https:\/\/viba-motor.fr\/mon-compte\/"]}]},{"@type":"BreadcrumbList","@id":"https:\/\/viba-motor.fr\/mon-compte\/#breadcrumb","itemListElement":[{"@type":"ListItem","position":1,"name":"Accueil","item":"https:\/\/viba-motor.fr\/"},{"@type":"ListItem","position":2,"name":"Mon compte"}]},{"@type":"WebSite","@id":"https:\/\/viba-motor.fr\/#website","url":"https:\/\/viba-motor.fr\/","name":"VIBA","description":"Design Studio &amp; Creative Atelier","publisher":{"@id":"https:\/\/viba-motor.fr\/#organization"},"potentialAction":[{"@type":"SearchAction","target":{"@type":"EntryPoint","urlTemplate":"https:\/\/viba-motor.fr\/?s={search_term_string}"},"query-input":{"@type":"PropertyValueSpecification","valueRequired":true,"valueName":"search_term_string"}}],"inLanguage":"fr-FR"},{"@type":"Organization","@id":"https:\/\/viba-motor.fr\/#organization","name":"VIBA","url":"https:\/\/viba-motor.fr\/","logo":{"@type":"ImageObject","inLanguage":"fr-FR","@id":"https:\/\/viba-motor.fr\/#\/schema\/logo\/image\/","url":"https:\/\/viba-motor.fr\/wp-content\/uploads\/Viba-logo.svg","contentUrl":"https:\/\/viba-motor.fr\/wp-content\/uploads\/Viba-logo.svg","width":200,"height":50,"caption":"VIBA"},"image":{"@id":"https:\/\/viba-motor.fr\/#\/schema\/logo\/image\/"}}]}},"jetpack_shortlink":"https:\/\/wp.me\/PatW1y-8","jetpack_sharing_enabled":true,"_links":{"self":[{"href":"https:\/\/viba-motor.fr\/fr\/wp-json\/wp\/v2\/pages\/8","targetHints":{"allow":["GET"]}}],"collection":[{"href":"https:\/\/viba-motor.fr\/fr\/wp-json\/wp\/v2\/pages"}],"about":[{"href":"https:\/\/viba-motor.fr\/fr\/wp-json\/wp\/v2\/types\/page"}],"author":[{"embeddable":true,"href":"https:\/\/viba-motor.fr\/fr\/wp-json\/wp\/v2\/users\/1"}],"replies":[{"embeddable":true,"href":"https:\/\/viba-motor.fr\/fr\/wp-json\/wp\/v2\/comments?post=8"}],"version-history":[{"count":0,"href":"https:\/\/viba-motor.fr\/fr\/wp-json\/wp\/v2\/pages\/8\/revisions"}],"wp:attachment":[{"href":"https:\/\/viba-motor.fr\/fr\/wp-json\/wp\/v2\/media?parent=8"}],"curies":[{"name":"wp","href":"https:\/\/api.w.org\/{rel}","templated":true}]}}