{"id":1160,"date":"2020-09-09T16:35:59","date_gmt":"2020-09-09T14:35:59","guid":{"rendered":"https:\/\/viba-motor.fr\/?post_type=product&#038;p=1160"},"modified":"2026-02-02T14:21:53","modified_gmt":"2026-02-02T13:21:53","slug":"turn-signal-triumph-scrambler-1200-xc-xe","status":"publish","type":"product","link":"https:\/\/viba-motor.fr\/fr\/produit\/turn-signal-triumph-scrambler-1200-xc-xe\/","title":{"rendered":"Turn Signal CC18 Triumph Scrambler 1200 X \/ XC \/ XE"},"content":{"rendered":"<p>Vous recevrez une paire de clignotants con\u00e7us et assembl\u00e9s \u00e0 la main en France. Fabriqu\u00e9s avec des LED de 18 mm de diam\u00e8tre, ils sont enti\u00e8rement plug &amp; play, avec des fils de la bonne longueur et des connecteurs de type origine qui s'adaptent directement \u00e0 ceux de votre Triumph. Bien entendu, des vis sont incluses pour monter parfaitement vos nouvelles pi\u00e8ces Viba sur votre Triumph Scrambler 1200 XC \/ XE. Remplacez les clignotants de votre moto plus rapidement et plus facilement que jamais !<\/p>","protected":false},"excerpt":{"rendered":"<p>Paire de clignotants \u00e0 LED avant ou arri\u00e8re. Enti\u00e8rement plug &amp; play gr\u00e2ce aux connecteurs de type origine et les vis de montage adapt\u00e9es.<br \/>\nCon\u00e7u pour \u00eatre mont\u00e9 et connect\u00e9 directement et facilement sur Triumph Scrambler 1200 X \/ XC \/ XE.<\/p>","protected":false},"featured_media":788,"template":"","meta":{"_acf_changed":false,"inline_featured_image":false},"product_brand":[],"product_cat":[42,24],"product_tag":[65],"class_list":{"0":"post-1160","1":"product","2":"type-product","3":"status-publish","4":"has-post-thumbnail","6":"product_cat-scrambler1200","7":"product_cat-triumph","8":"product_tag-scrambler-1200","10":"first","11":"instock","12":"taxable","13":"shipping-taxable","14":"purchasable","15":"product-type-variable","16":"has-default-attributes"},"acf":[],"yoast_head":"<!-- This site is optimized with the Yoast SEO plugin v27.4 - https:\/\/yoast.com\/product\/yoast-seo-wordpress\/ -->\n<title>Turn Signal CC18 Triumph Scrambler 1200 X \/ XC \/ XE - VIBA<\/title>\n<meta name=\"description\" content=\"Front and Rear LED Turn signal for Triumph Scrambler 1200 X \/ XC \/ XE Plug n Play - Paire de clignotant LED pour Triumph Scrambler 1200 X \/ XC \/ XE\" \/>\n<meta name=\"robots\" content=\"index, follow, max-snippet:-1, max-image-preview:large, max-video-preview:-1\" \/>\n<link rel=\"canonical\" href=\"https:\/\/viba-motor.fr\/fr\/produit\/turn-signal-triumph-scrambler-1200-xc-xe\/\" \/>\n<meta property=\"og:locale\" content=\"fr_FR\" \/>\n<meta property=\"og:type\" content=\"article\" \/>\n<meta property=\"og:title\" content=\"Turn Signal CC18 Triumph Scrambler 1200 X \/ XC \/ XE - VIBA\" \/>\n<meta property=\"og:description\" content=\"Front and Rear LED Turn signal for Triumph Scrambler 1200 X \/ XC \/ XE Plug n Play - Paire de clignotant LED pour Triumph Scrambler 1200 X \/ XC \/ XE\" \/>\n<meta property=\"og:url\" content=\"https:\/\/viba-motor.fr\/fr\/produit\/turn-signal-triumph-scrambler-1200-xc-xe\/\" \/>\n<meta property=\"og:site_name\" content=\"VIBA\" \/>\n<meta property=\"article:modified_time\" content=\"2026-02-02T13:21:53+00:00\" \/>\n<meta property=\"og:image\" content=\"https:\/\/viba-motor.fr\/wp-content\/uploads\/Front-Blinker-Triumph_SpeedTwin_19-06-scaled.jpg\" \/>\n\t<meta property=\"og:image:width\" content=\"3000\" \/>\n\t<meta property=\"og:image:height\" content=\"2000\" \/>\n\t<meta property=\"og:image:type\" content=\"image\/jpeg\" \/>\n<meta name=\"twitter:card\" content=\"summary_large_image\" \/>\n<meta name=\"twitter:label1\" content=\"Dur\u00e9e de lecture estim\u00e9e\" \/>\n\t<meta name=\"twitter:data1\" content=\"1 minute\" \/>\n<script type=\"application\/ld+json\" class=\"yoast-schema-graph\">{\"@context\":\"https:\\\/\\\/schema.org\",\"@graph\":[{\"@type\":\"WebPage\",\"@id\":\"https:\\\/\\\/viba-motor.fr\\\/produit\\\/turn-signal-triumph-scrambler-1200-xc-xe\\\/\",\"url\":\"https:\\\/\\\/viba-motor.fr\\\/produit\\\/turn-signal-triumph-scrambler-1200-xc-xe\\\/\",\"name\":\"Turn Signal CC18 Triumph Scrambler 1200 X \\\/ XC \\\/ XE - VIBA\",\"isPartOf\":{\"@id\":\"https:\\\/\\\/viba-motor.fr\\\/#website\"},\"primaryImageOfPage\":{\"@id\":\"https:\\\/\\\/viba-motor.fr\\\/produit\\\/turn-signal-triumph-scrambler-1200-xc-xe\\\/#primaryimage\"},\"image\":{\"@id\":\"https:\\\/\\\/viba-motor.fr\\\/produit\\\/turn-signal-triumph-scrambler-1200-xc-xe\\\/#primaryimage\"},\"thumbnailUrl\":\"https:\\\/\\\/i0.wp.com\\\/viba-motor.fr\\\/wp-content\\\/uploads\\\/Front-Blinker-Triumph_SpeedTwin_19-06-scaled.jpg?fit=3000%2C2000&ssl=1\",\"datePublished\":\"2020-09-09T14:35:59+00:00\",\"dateModified\":\"2026-02-02T13:21:53+00:00\",\"description\":\"Front and Rear LED Turn signal for Triumph Scrambler 1200 X \\\/ XC \\\/ XE Plug n Play - Paire de clignotant LED pour Triumph Scrambler 1200 X \\\/ XC \\\/ XE\",\"breadcrumb\":{\"@id\":\"https:\\\/\\\/viba-motor.fr\\\/produit\\\/turn-signal-triumph-scrambler-1200-xc-xe\\\/#breadcrumb\"},\"inLanguage\":\"fr-FR\",\"potentialAction\":[{\"@type\":\"ReadAction\",\"target\":[\"https:\\\/\\\/viba-motor.fr\\\/produit\\\/turn-signal-triumph-scrambler-1200-xc-xe\\\/\"]}]},{\"@type\":\"ImageObject\",\"inLanguage\":\"fr-FR\",\"@id\":\"https:\\\/\\\/viba-motor.fr\\\/produit\\\/turn-signal-triumph-scrambler-1200-xc-xe\\\/#primaryimage\",\"url\":\"https:\\\/\\\/i0.wp.com\\\/viba-motor.fr\\\/wp-content\\\/uploads\\\/Front-Blinker-Triumph_SpeedTwin_19-06-scaled.jpg?fit=3000%2C2000&ssl=1\",\"contentUrl\":\"https:\\\/\\\/i0.wp.com\\\/viba-motor.fr\\\/wp-content\\\/uploads\\\/Front-Blinker-Triumph_SpeedTwin_19-06-scaled.jpg?fit=3000%2C2000&ssl=1\",\"width\":3000,\"height\":2000,\"caption\":\"Turn Signal CC18\"},{\"@type\":\"BreadcrumbList\",\"@id\":\"https:\\\/\\\/viba-motor.fr\\\/produit\\\/turn-signal-triumph-scrambler-1200-xc-xe\\\/#breadcrumb\",\"itemListElement\":[{\"@type\":\"ListItem\",\"position\":1,\"name\":\"Accueil\",\"item\":\"https:\\\/\\\/viba-motor.fr\\\/\"},{\"@type\":\"ListItem\",\"position\":2,\"name\":\"Shop\",\"item\":\"https:\\\/\\\/viba-motor.fr\\\/\"},{\"@type\":\"ListItem\",\"position\":3,\"name\":\"Scrambler 1200\",\"item\":\"https:\\\/\\\/viba-motor.fr\\\/etiquette-produit\\\/scrambler-1200\\\/\"},{\"@type\":\"ListItem\",\"position\":4,\"name\":\"Turn Signal CC18 Triumph Scrambler 1200 X \\\/ XC \\\/ XE\"}]},{\"@type\":\"WebSite\",\"@id\":\"https:\\\/\\\/viba-motor.fr\\\/#website\",\"url\":\"https:\\\/\\\/viba-motor.fr\\\/\",\"name\":\"VIBA\",\"description\":\"Design Studio &amp; Creative Atelier\",\"publisher\":{\"@id\":\"https:\\\/\\\/viba-motor.fr\\\/#organization\"},\"potentialAction\":[{\"@type\":\"SearchAction\",\"target\":{\"@type\":\"EntryPoint\",\"urlTemplate\":\"https:\\\/\\\/viba-motor.fr\\\/?s={search_term_string}\"},\"query-input\":{\"@type\":\"PropertyValueSpecification\",\"valueRequired\":true,\"valueName\":\"search_term_string\"}}],\"inLanguage\":\"fr-FR\"},{\"@type\":\"Organization\",\"@id\":\"https:\\\/\\\/viba-motor.fr\\\/#organization\",\"name\":\"VIBA\",\"url\":\"https:\\\/\\\/viba-motor.fr\\\/\",\"logo\":{\"@type\":\"ImageObject\",\"inLanguage\":\"fr-FR\",\"@id\":\"https:\\\/\\\/viba-motor.fr\\\/#\\\/schema\\\/logo\\\/image\\\/\",\"url\":\"https:\\\/\\\/viba-motor.fr\\\/wp-content\\\/uploads\\\/Viba-logo.svg\",\"contentUrl\":\"https:\\\/\\\/viba-motor.fr\\\/wp-content\\\/uploads\\\/Viba-logo.svg\",\"width\":200,\"height\":50,\"caption\":\"VIBA\"},\"image\":{\"@id\":\"https:\\\/\\\/viba-motor.fr\\\/#\\\/schema\\\/logo\\\/image\\\/\"}}]}<\/script>\n<!-- \/ Yoast SEO plugin. -->","yoast_head_json":{"title":"Turn Signal CC18 Triumph Scrambler 1200 X \/ XC \/ XE - VIBA","description":"Front and Rear LED Turn signal for Triumph Scrambler 1200 X \/ XC \/ XE Plug n Play - Paire de clignotant LED pour Triumph Scrambler 1200 X \/ XC \/ XE","robots":{"index":"index","follow":"follow","max-snippet":"max-snippet:-1","max-image-preview":"max-image-preview:large","max-video-preview":"max-video-preview:-1"},"canonical":"https:\/\/viba-motor.fr\/fr\/produit\/turn-signal-triumph-scrambler-1200-xc-xe\/","og_locale":"fr_FR","og_type":"article","og_title":"Turn Signal CC18 Triumph Scrambler 1200 X \/ XC \/ XE - VIBA","og_description":"Front and Rear LED Turn signal for Triumph Scrambler 1200 X \/ XC \/ XE Plug n Play - Paire de clignotant LED pour Triumph Scrambler 1200 X \/ XC \/ XE","og_url":"https:\/\/viba-motor.fr\/fr\/produit\/turn-signal-triumph-scrambler-1200-xc-xe\/","og_site_name":"VIBA","article_modified_time":"2026-02-02T13:21:53+00:00","og_image":[{"width":3000,"height":2000,"url":"https:\/\/viba-motor.fr\/wp-content\/uploads\/Front-Blinker-Triumph_SpeedTwin_19-06-scaled.jpg","type":"image\/jpeg"}],"twitter_card":"summary_large_image","twitter_misc":{"Dur\u00e9e de lecture estim\u00e9e":"1 minute"},"schema":{"@context":"https:\/\/schema.org","@graph":[{"@type":"WebPage","@id":"https:\/\/viba-motor.fr\/produit\/turn-signal-triumph-scrambler-1200-xc-xe\/","url":"https:\/\/viba-motor.fr\/produit\/turn-signal-triumph-scrambler-1200-xc-xe\/","name":"Turn Signal CC18 Triumph Scrambler 1200 X \/ XC \/ XE - VIBA","isPartOf":{"@id":"https:\/\/viba-motor.fr\/#website"},"primaryImageOfPage":{"@id":"https:\/\/viba-motor.fr\/produit\/turn-signal-triumph-scrambler-1200-xc-xe\/#primaryimage"},"image":{"@id":"https:\/\/viba-motor.fr\/produit\/turn-signal-triumph-scrambler-1200-xc-xe\/#primaryimage"},"thumbnailUrl":"https:\/\/i0.wp.com\/viba-motor.fr\/wp-content\/uploads\/Front-Blinker-Triumph_SpeedTwin_19-06-scaled.jpg?fit=3000%2C2000&ssl=1","datePublished":"2020-09-09T14:35:59+00:00","dateModified":"2026-02-02T13:21:53+00:00","description":"Front and Rear LED Turn signal for Triumph Scrambler 1200 X \/ XC \/ XE Plug n Play - Paire de clignotant LED pour Triumph Scrambler 1200 X \/ XC \/ XE","breadcrumb":{"@id":"https:\/\/viba-motor.fr\/produit\/turn-signal-triumph-scrambler-1200-xc-xe\/#breadcrumb"},"inLanguage":"fr-FR","potentialAction":[{"@type":"ReadAction","target":["https:\/\/viba-motor.fr\/produit\/turn-signal-triumph-scrambler-1200-xc-xe\/"]}]},{"@type":"ImageObject","inLanguage":"fr-FR","@id":"https:\/\/viba-motor.fr\/produit\/turn-signal-triumph-scrambler-1200-xc-xe\/#primaryimage","url":"https:\/\/i0.wp.com\/viba-motor.fr\/wp-content\/uploads\/Front-Blinker-Triumph_SpeedTwin_19-06-scaled.jpg?fit=3000%2C2000&ssl=1","contentUrl":"https:\/\/i0.wp.com\/viba-motor.fr\/wp-content\/uploads\/Front-Blinker-Triumph_SpeedTwin_19-06-scaled.jpg?fit=3000%2C2000&ssl=1","width":3000,"height":2000,"caption":"Turn Signal CC18"},{"@type":"BreadcrumbList","@id":"https:\/\/viba-motor.fr\/produit\/turn-signal-triumph-scrambler-1200-xc-xe\/#breadcrumb","itemListElement":[{"@type":"ListItem","position":1,"name":"Accueil","item":"https:\/\/viba-motor.fr\/"},{"@type":"ListItem","position":2,"name":"Shop","item":"https:\/\/viba-motor.fr\/"},{"@type":"ListItem","position":3,"name":"Scrambler 1200","item":"https:\/\/viba-motor.fr\/etiquette-produit\/scrambler-1200\/"},{"@type":"ListItem","position":4,"name":"Turn Signal CC18 Triumph Scrambler 1200 X \/ XC \/ XE"}]},{"@type":"WebSite","@id":"https:\/\/viba-motor.fr\/#website","url":"https:\/\/viba-motor.fr\/","name":"VIBA","description":"Design Studio &amp; Creative Atelier","publisher":{"@id":"https:\/\/viba-motor.fr\/#organization"},"potentialAction":[{"@type":"SearchAction","target":{"@type":"EntryPoint","urlTemplate":"https:\/\/viba-motor.fr\/?s={search_term_string}"},"query-input":{"@type":"PropertyValueSpecification","valueRequired":true,"valueName":"search_term_string"}}],"inLanguage":"fr-FR"},{"@type":"Organization","@id":"https:\/\/viba-motor.fr\/#organization","name":"VIBA","url":"https:\/\/viba-motor.fr\/","logo":{"@type":"ImageObject","inLanguage":"fr-FR","@id":"https:\/\/viba-motor.fr\/#\/schema\/logo\/image\/","url":"https:\/\/viba-motor.fr\/wp-content\/uploads\/Viba-logo.svg","contentUrl":"https:\/\/viba-motor.fr\/wp-content\/uploads\/Viba-logo.svg","width":200,"height":50,"caption":"VIBA"},"image":{"@id":"https:\/\/viba-motor.fr\/#\/schema\/logo\/image\/"}}]}},"jetpack_sharing_enabled":true,"_links":{"self":[{"href":"https:\/\/viba-motor.fr\/fr\/wp-json\/wp\/v2\/product\/1160","targetHints":{"allow":["GET"]}}],"collection":[{"href":"https:\/\/viba-motor.fr\/fr\/wp-json\/wp\/v2\/product"}],"about":[{"href":"https:\/\/viba-motor.fr\/fr\/wp-json\/wp\/v2\/types\/product"}],"version-history":[{"count":0,"href":"https:\/\/viba-motor.fr\/fr\/wp-json\/wp\/v2\/product\/1160\/revisions"}],"wp:featuredmedia":[{"embeddable":true,"href":"https:\/\/viba-motor.fr\/fr\/wp-json\/wp\/v2\/media\/788"}],"wp:attachment":[{"href":"https:\/\/viba-motor.fr\/fr\/wp-json\/wp\/v2\/media?parent=1160"}],"wp:term":[{"taxonomy":"product_brand","embeddable":true,"href":"https:\/\/viba-motor.fr\/fr\/wp-json\/wp\/v2\/product_brand?post=1160"},{"taxonomy":"product_cat","embeddable":true,"href":"https:\/\/viba-motor.fr\/fr\/wp-json\/wp\/v2\/product_cat?post=1160"},{"taxonomy":"product_tag","embeddable":true,"href":"https:\/\/viba-motor.fr\/fr\/wp-json\/wp\/v2\/product_tag?post=1160"}],"curies":[{"name":"wp","href":"https:\/\/api.w.org\/{rel}","templated":true}]}}