{"id":1206,"date":"2021-01-07T15:08:03","date_gmt":"2021-01-07T14:08:03","guid":{"rendered":"https:\/\/viba-motor.fr\/?post_type=product&#038;p=1206"},"modified":"2025-10-11T14:00:11","modified_gmt":"2025-10-11T12:00:11","slug":"led-tail-light-triumph-street-twin","status":"publish","type":"product","link":"https:\/\/viba-motor.fr\/fr\/produit\/led-tail-light-triumph-street-twin\/","title":{"rendered":"LED Tail Light SP40 Triumph Street Twin"},"content":{"rendered":"<p>Vous recevrez un feu arri\u00e8re con\u00e7u et assembl\u00e9 \u00e0 la main en France. Fabriqu\u00e9 avec un bloc LED de 40 mm de largeur, il est enti\u00e8rement plug &amp; play, avec des fils de la bonne longueur et des connecteurs de type origine. Compatible avec Triumph Street Twin \u00e0 partir de 2017, notre feu arri\u00e8re Viba SP40 est sp\u00e9cialement con\u00e7u pour s'ajuster avec pr\u00e9cision sur le garde-boue arri\u00e8re StreetTwin d'origine. Dites adieu aux installations compliqu\u00e9es et bonjour au look minimaliste.<\/p>","protected":false},"excerpt":{"rendered":"<p>Feu arri\u00e8re LED plug &amp; play avec connecteur de type origine et vis de montage.<br \/>\nCon\u00e7u pour \u00eatre mont\u00e9 et connect\u00e9 directement et facilement sur Triumph Street Twin 2016+<\/p>","protected":false},"featured_media":1210,"template":"","meta":{"_acf_changed":false,"inline_featured_image":false},"product_brand":[],"product_cat":[45,24],"product_tag":[66],"class_list":{"0":"post-1206","1":"product","2":"type-product","3":"status-publish","4":"has-post-thumbnail","6":"product_cat-streettwin","7":"product_cat-triumph","8":"product_tag-streettwin","10":"first","11":"onbackorder","12":"taxable","13":"shipping-taxable","14":"purchasable","15":"product-type-simple"},"acf":[],"yoast_head":"<!-- This site is optimized with the Yoast SEO plugin v27.5 - https:\/\/yoast.com\/product\/yoast-seo-wordpress\/ -->\n<title>LED Tail Light SP40 Triumph Street Twin - VIBA<\/title>\n<meta name=\"description\" content=\"Rear stop and tail light stripe with a built in mounting bracket to fit on original Triumph Street Twin 2018+\" \/>\n<meta name=\"robots\" content=\"index, follow, max-snippet:-1, max-image-preview:large, max-video-preview:-1\" \/>\n<link rel=\"canonical\" href=\"https:\/\/viba-motor.fr\/fr\/produit\/led-tail-light-triumph-street-twin\/\" \/>\n<meta property=\"og:locale\" content=\"fr_FR\" \/>\n<meta property=\"og:type\" content=\"article\" \/>\n<meta property=\"og:title\" content=\"LED Tail Light SP40 Triumph Street Twin - VIBA\" \/>\n<meta property=\"og:description\" content=\"Rear stop and tail light stripe with a built in mounting bracket to fit on original Triumph Street Twin 2018+\" \/>\n<meta property=\"og:url\" content=\"https:\/\/viba-motor.fr\/fr\/produit\/led-tail-light-triumph-street-twin\/\" \/>\n<meta property=\"og:site_name\" content=\"VIBA\" \/>\n<meta property=\"article:modified_time\" content=\"2025-10-11T12:00:11+00:00\" \/>\n<meta property=\"og:image\" content=\"https:\/\/viba-motor.fr\/wp-content\/uploads\/Taillight-stripe-streettwin_01.jpg\" \/>\n\t<meta property=\"og:image:width\" content=\"1600\" \/>\n\t<meta property=\"og:image:height\" content=\"1067\" \/>\n\t<meta property=\"og:image:type\" content=\"image\/jpeg\" \/>\n<meta name=\"twitter:card\" content=\"summary_large_image\" \/>\n<meta name=\"twitter:label1\" content=\"Dur\u00e9e de lecture estim\u00e9e\" \/>\n\t<meta name=\"twitter:data1\" content=\"1 minute\" \/>\n<script type=\"application\/ld+json\" class=\"yoast-schema-graph\">{\"@context\":\"https:\\\/\\\/schema.org\",\"@graph\":[{\"@type\":\"WebPage\",\"@id\":\"https:\\\/\\\/viba-motor.fr\\\/produit\\\/led-tail-light-triumph-street-twin\\\/\",\"url\":\"https:\\\/\\\/viba-motor.fr\\\/produit\\\/led-tail-light-triumph-street-twin\\\/\",\"name\":\"LED Tail Light SP40 Triumph Street Twin - VIBA\",\"isPartOf\":{\"@id\":\"https:\\\/\\\/viba-motor.fr\\\/#website\"},\"primaryImageOfPage\":{\"@id\":\"https:\\\/\\\/viba-motor.fr\\\/produit\\\/led-tail-light-triumph-street-twin\\\/#primaryimage\"},\"image\":{\"@id\":\"https:\\\/\\\/viba-motor.fr\\\/produit\\\/led-tail-light-triumph-street-twin\\\/#primaryimage\"},\"thumbnailUrl\":\"https:\\\/\\\/i0.wp.com\\\/viba-motor.fr\\\/wp-content\\\/uploads\\\/Taillight-stripe-streettwin_01.jpg?fit=1600%2C1067&ssl=1\",\"datePublished\":\"2021-01-07T14:08:03+00:00\",\"dateModified\":\"2025-10-11T12:00:11+00:00\",\"description\":\"Rear stop and tail light stripe with a built in mounting bracket to fit on original Triumph Street Twin 2018+\",\"breadcrumb\":{\"@id\":\"https:\\\/\\\/viba-motor.fr\\\/produit\\\/led-tail-light-triumph-street-twin\\\/#breadcrumb\"},\"inLanguage\":\"fr-FR\",\"potentialAction\":[{\"@type\":\"ReadAction\",\"target\":[\"https:\\\/\\\/viba-motor.fr\\\/produit\\\/led-tail-light-triumph-street-twin\\\/\"]}]},{\"@type\":\"ImageObject\",\"inLanguage\":\"fr-FR\",\"@id\":\"https:\\\/\\\/viba-motor.fr\\\/produit\\\/led-tail-light-triumph-street-twin\\\/#primaryimage\",\"url\":\"https:\\\/\\\/i0.wp.com\\\/viba-motor.fr\\\/wp-content\\\/uploads\\\/Taillight-stripe-streettwin_01.jpg?fit=1600%2C1067&ssl=1\",\"contentUrl\":\"https:\\\/\\\/i0.wp.com\\\/viba-motor.fr\\\/wp-content\\\/uploads\\\/Taillight-stripe-streettwin_01.jpg?fit=1600%2C1067&ssl=1\",\"width\":1600,\"height\":1067},{\"@type\":\"BreadcrumbList\",\"@id\":\"https:\\\/\\\/viba-motor.fr\\\/produit\\\/led-tail-light-triumph-street-twin\\\/#breadcrumb\",\"itemListElement\":[{\"@type\":\"ListItem\",\"position\":1,\"name\":\"Accueil\",\"item\":\"https:\\\/\\\/viba-motor.fr\\\/\"},{\"@type\":\"ListItem\",\"position\":2,\"name\":\"Shop\",\"item\":\"https:\\\/\\\/viba-motor.fr\\\/\"},{\"@type\":\"ListItem\",\"position\":3,\"name\":\"StreetTwin\",\"item\":\"https:\\\/\\\/viba-motor.fr\\\/etiquette-produit\\\/streettwin\\\/\"},{\"@type\":\"ListItem\",\"position\":4,\"name\":\"LED Tail Light SP40 Triumph Street Twin\"}]},{\"@type\":\"WebSite\",\"@id\":\"https:\\\/\\\/viba-motor.fr\\\/#website\",\"url\":\"https:\\\/\\\/viba-motor.fr\\\/\",\"name\":\"VIBA\",\"description\":\"Design Studio &amp; Creative Atelier\",\"publisher\":{\"@id\":\"https:\\\/\\\/viba-motor.fr\\\/#organization\"},\"potentialAction\":[{\"@type\":\"SearchAction\",\"target\":{\"@type\":\"EntryPoint\",\"urlTemplate\":\"https:\\\/\\\/viba-motor.fr\\\/?s={search_term_string}\"},\"query-input\":{\"@type\":\"PropertyValueSpecification\",\"valueRequired\":true,\"valueName\":\"search_term_string\"}}],\"inLanguage\":\"fr-FR\"},{\"@type\":\"Organization\",\"@id\":\"https:\\\/\\\/viba-motor.fr\\\/#organization\",\"name\":\"VIBA\",\"url\":\"https:\\\/\\\/viba-motor.fr\\\/\",\"logo\":{\"@type\":\"ImageObject\",\"inLanguage\":\"fr-FR\",\"@id\":\"https:\\\/\\\/viba-motor.fr\\\/#\\\/schema\\\/logo\\\/image\\\/\",\"url\":\"https:\\\/\\\/viba-motor.fr\\\/wp-content\\\/uploads\\\/Viba-logo.svg\",\"contentUrl\":\"https:\\\/\\\/viba-motor.fr\\\/wp-content\\\/uploads\\\/Viba-logo.svg\",\"width\":200,\"height\":50,\"caption\":\"VIBA\"},\"image\":{\"@id\":\"https:\\\/\\\/viba-motor.fr\\\/#\\\/schema\\\/logo\\\/image\\\/\"}}]}<\/script>\n<!-- \/ Yoast SEO plugin. -->","yoast_head_json":{"title":"LED Tail Light SP40 Triumph Street Twin - VIBA","description":"Rear stop and tail light stripe with a built in mounting bracket to fit on original Triumph Street Twin 2018+","robots":{"index":"index","follow":"follow","max-snippet":"max-snippet:-1","max-image-preview":"max-image-preview:large","max-video-preview":"max-video-preview:-1"},"canonical":"https:\/\/viba-motor.fr\/fr\/produit\/led-tail-light-triumph-street-twin\/","og_locale":"fr_FR","og_type":"article","og_title":"LED Tail Light SP40 Triumph Street Twin - VIBA","og_description":"Rear stop and tail light stripe with a built in mounting bracket to fit on original Triumph Street Twin 2018+","og_url":"https:\/\/viba-motor.fr\/fr\/produit\/led-tail-light-triumph-street-twin\/","og_site_name":"VIBA","article_modified_time":"2025-10-11T12:00:11+00:00","og_image":[{"width":1600,"height":1067,"url":"https:\/\/viba-motor.fr\/wp-content\/uploads\/Taillight-stripe-streettwin_01.jpg","type":"image\/jpeg"}],"twitter_card":"summary_large_image","twitter_misc":{"Dur\u00e9e de lecture estim\u00e9e":"1 minute"},"schema":{"@context":"https:\/\/schema.org","@graph":[{"@type":"WebPage","@id":"https:\/\/viba-motor.fr\/produit\/led-tail-light-triumph-street-twin\/","url":"https:\/\/viba-motor.fr\/produit\/led-tail-light-triumph-street-twin\/","name":"LED Tail Light SP40 Triumph Street Twin - VIBA","isPartOf":{"@id":"https:\/\/viba-motor.fr\/#website"},"primaryImageOfPage":{"@id":"https:\/\/viba-motor.fr\/produit\/led-tail-light-triumph-street-twin\/#primaryimage"},"image":{"@id":"https:\/\/viba-motor.fr\/produit\/led-tail-light-triumph-street-twin\/#primaryimage"},"thumbnailUrl":"https:\/\/i0.wp.com\/viba-motor.fr\/wp-content\/uploads\/Taillight-stripe-streettwin_01.jpg?fit=1600%2C1067&ssl=1","datePublished":"2021-01-07T14:08:03+00:00","dateModified":"2025-10-11T12:00:11+00:00","description":"Rear stop and tail light stripe with a built in mounting bracket to fit on original Triumph Street Twin 2018+","breadcrumb":{"@id":"https:\/\/viba-motor.fr\/produit\/led-tail-light-triumph-street-twin\/#breadcrumb"},"inLanguage":"fr-FR","potentialAction":[{"@type":"ReadAction","target":["https:\/\/viba-motor.fr\/produit\/led-tail-light-triumph-street-twin\/"]}]},{"@type":"ImageObject","inLanguage":"fr-FR","@id":"https:\/\/viba-motor.fr\/produit\/led-tail-light-triumph-street-twin\/#primaryimage","url":"https:\/\/i0.wp.com\/viba-motor.fr\/wp-content\/uploads\/Taillight-stripe-streettwin_01.jpg?fit=1600%2C1067&ssl=1","contentUrl":"https:\/\/i0.wp.com\/viba-motor.fr\/wp-content\/uploads\/Taillight-stripe-streettwin_01.jpg?fit=1600%2C1067&ssl=1","width":1600,"height":1067},{"@type":"BreadcrumbList","@id":"https:\/\/viba-motor.fr\/produit\/led-tail-light-triumph-street-twin\/#breadcrumb","itemListElement":[{"@type":"ListItem","position":1,"name":"Accueil","item":"https:\/\/viba-motor.fr\/"},{"@type":"ListItem","position":2,"name":"Shop","item":"https:\/\/viba-motor.fr\/"},{"@type":"ListItem","position":3,"name":"StreetTwin","item":"https:\/\/viba-motor.fr\/etiquette-produit\/streettwin\/"},{"@type":"ListItem","position":4,"name":"LED Tail Light SP40 Triumph Street Twin"}]},{"@type":"WebSite","@id":"https:\/\/viba-motor.fr\/#website","url":"https:\/\/viba-motor.fr\/","name":"VIBA","description":"Design Studio &amp; Creative Atelier","publisher":{"@id":"https:\/\/viba-motor.fr\/#organization"},"potentialAction":[{"@type":"SearchAction","target":{"@type":"EntryPoint","urlTemplate":"https:\/\/viba-motor.fr\/?s={search_term_string}"},"query-input":{"@type":"PropertyValueSpecification","valueRequired":true,"valueName":"search_term_string"}}],"inLanguage":"fr-FR"},{"@type":"Organization","@id":"https:\/\/viba-motor.fr\/#organization","name":"VIBA","url":"https:\/\/viba-motor.fr\/","logo":{"@type":"ImageObject","inLanguage":"fr-FR","@id":"https:\/\/viba-motor.fr\/#\/schema\/logo\/image\/","url":"https:\/\/viba-motor.fr\/wp-content\/uploads\/Viba-logo.svg","contentUrl":"https:\/\/viba-motor.fr\/wp-content\/uploads\/Viba-logo.svg","width":200,"height":50,"caption":"VIBA"},"image":{"@id":"https:\/\/viba-motor.fr\/#\/schema\/logo\/image\/"}}]}},"jetpack_sharing_enabled":true,"_links":{"self":[{"href":"https:\/\/viba-motor.fr\/fr\/wp-json\/wp\/v2\/product\/1206","targetHints":{"allow":["GET"]}}],"collection":[{"href":"https:\/\/viba-motor.fr\/fr\/wp-json\/wp\/v2\/product"}],"about":[{"href":"https:\/\/viba-motor.fr\/fr\/wp-json\/wp\/v2\/types\/product"}],"version-history":[{"count":1,"href":"https:\/\/viba-motor.fr\/fr\/wp-json\/wp\/v2\/product\/1206\/revisions"}],"predecessor-version":[{"id":3819,"href":"https:\/\/viba-motor.fr\/fr\/wp-json\/wp\/v2\/product\/1206\/revisions\/3819"}],"wp:featuredmedia":[{"embeddable":true,"href":"https:\/\/viba-motor.fr\/fr\/wp-json\/wp\/v2\/media\/1210"}],"wp:attachment":[{"href":"https:\/\/viba-motor.fr\/fr\/wp-json\/wp\/v2\/media?parent=1206"}],"wp:term":[{"taxonomy":"product_brand","embeddable":true,"href":"https:\/\/viba-motor.fr\/fr\/wp-json\/wp\/v2\/product_brand?post=1206"},{"taxonomy":"product_cat","embeddable":true,"href":"https:\/\/viba-motor.fr\/fr\/wp-json\/wp\/v2\/product_cat?post=1206"},{"taxonomy":"product_tag","embeddable":true,"href":"https:\/\/viba-motor.fr\/fr\/wp-json\/wp\/v2\/product_tag?post=1206"}],"curies":[{"name":"wp","href":"https:\/\/api.w.org\/{rel}","templated":true}]}}