{"id":1723,"date":"2022-08-10T12:17:26","date_gmt":"2022-08-10T10:17:26","guid":{"rendered":"https:\/\/viba-motor.fr\/?post_type=product&#038;p=1723"},"modified":"2026-03-26T12:32:56","modified_gmt":"2026-03-26T11:32:56","slug":"license-plate-light-triumph-bobber-t120","status":"publish","type":"product","link":"https:\/\/viba-motor.fr\/fr\/produit\/license-plate-light-triumph-bobber-t120\/","title":{"rendered":"License plate light Triumph Bobber"},"content":{"rendered":"<p>Vous recevrez un \u00e9clairage de plaque \u00e0 LED SMD, sp\u00e9cialement con\u00e7u et assembl\u00e9 \u00e0 la main en France, pour les mod\u00e8les Triumph Bobber \u00e0 partir de 2017. Son design compact, trois fois plus petit que la version d'origine, assure une mise \u00e0 niveau esth\u00e9tique. Profitez d'une installation ais\u00e9e gr\u00e2ce aux connecteurs plug &amp; play se connectant directement au faisceau de c\u00e2bles d'origine de votre Bobber, \u00e9liminant ainsi le besoin de toute d\u00e9coupe ou soudure. Notre \u00e9clairage de plaque d'immatriculation Viba est parfaitement int\u00e9gr\u00e9, am\u00e9liorant sans effort le style de votre Triumph Bobber.<\/p>","protected":false},"excerpt":{"rendered":"<p>\u00c9clairage de plaque d'immatriculation plug &amp; play avec connecteurs de style origine et vis de montage.<br \/>\nCon\u00e7u pour \u00eatre mont\u00e9 et connect\u00e9 directement et facilement sur Triumph Bobber T120 2017+.<\/p>","protected":false},"featured_media":1716,"template":"","meta":{"_acf_changed":false,"inline_featured_image":false},"product_brand":[],"product_cat":[43,24],"product_tag":[48],"class_list":{"0":"post-1723","1":"product","2":"type-product","3":"status-publish","4":"has-post-thumbnail","6":"product_cat-bobber","7":"product_cat-triumph","8":"product_tag-bobber","10":"first","11":"instock","12":"taxable","13":"shipping-taxable","14":"purchasable","15":"product-type-simple"},"acf":[],"yoast_head":"<!-- This site is optimized with the Yoast SEO plugin v27.3 - https:\/\/yoast.com\/product\/yoast-seo-wordpress\/ -->\n<title>License plate light Triumph Bobber - VIBA<\/title>\n<meta name=\"description\" content=\"License plate ligth for Triumph Bobber T120 Plug n Play - \u00c9clairage de plaque LED pour Triumph Triumph Bobber T120 Plug and Play\" \/>\n<meta name=\"robots\" content=\"index, follow, max-snippet:-1, max-image-preview:large, max-video-preview:-1\" \/>\n<link rel=\"canonical\" href=\"https:\/\/viba-motor.fr\/fr\/produit\/license-plate-light-triumph-bobber-t120\/\" \/>\n<meta property=\"og:locale\" content=\"fr_FR\" \/>\n<meta property=\"og:type\" content=\"article\" \/>\n<meta property=\"og:title\" content=\"License plate light Triumph Bobber - VIBA\" \/>\n<meta property=\"og:description\" content=\"License plate ligth for Triumph Bobber T120 Plug n Play - \u00c9clairage de plaque LED pour Triumph Triumph Bobber T120 Plug and Play\" \/>\n<meta property=\"og:url\" content=\"https:\/\/viba-motor.fr\/fr\/produit\/license-plate-light-triumph-bobber-t120\/\" \/>\n<meta property=\"og:site_name\" content=\"VIBA\" \/>\n<meta property=\"article:modified_time\" content=\"2026-03-26T11:32:56+00:00\" \/>\n<meta property=\"og:image\" content=\"https:\/\/viba-motor.fr\/wp-content\/uploads\/License-plate-light_Triumph-Bobber_VIBA_01-scaled.jpg\" \/>\n\t<meta property=\"og:image:width\" content=\"2560\" \/>\n\t<meta property=\"og:image:height\" content=\"1707\" \/>\n\t<meta property=\"og:image:type\" content=\"image\/jpeg\" \/>\n<meta name=\"twitter:card\" content=\"summary_large_image\" \/>\n<meta name=\"twitter:label1\" content=\"Dur\u00e9e de lecture estim\u00e9e\" \/>\n\t<meta name=\"twitter:data1\" content=\"1 minute\" \/>\n<script type=\"application\/ld+json\" class=\"yoast-schema-graph\">{\"@context\":\"https:\\\/\\\/schema.org\",\"@graph\":[{\"@type\":\"WebPage\",\"@id\":\"https:\\\/\\\/viba-motor.fr\\\/produit\\\/license-plate-light-triumph-bobber-t120\\\/\",\"url\":\"https:\\\/\\\/viba-motor.fr\\\/produit\\\/license-plate-light-triumph-bobber-t120\\\/\",\"name\":\"License plate light Triumph Bobber - VIBA\",\"isPartOf\":{\"@id\":\"https:\\\/\\\/viba-motor.fr\\\/#website\"},\"primaryImageOfPage\":{\"@id\":\"https:\\\/\\\/viba-motor.fr\\\/produit\\\/license-plate-light-triumph-bobber-t120\\\/#primaryimage\"},\"image\":{\"@id\":\"https:\\\/\\\/viba-motor.fr\\\/produit\\\/license-plate-light-triumph-bobber-t120\\\/#primaryimage\"},\"thumbnailUrl\":\"https:\\\/\\\/i0.wp.com\\\/viba-motor.fr\\\/wp-content\\\/uploads\\\/License-plate-light_Triumph-Bobber_VIBA_01-scaled.jpg?fit=2560%2C1707&ssl=1\",\"datePublished\":\"2022-08-10T10:17:26+00:00\",\"dateModified\":\"2026-03-26T11:32:56+00:00\",\"description\":\"License plate ligth for Triumph Bobber T120 Plug n Play - \u00c9clairage de plaque LED pour Triumph Triumph Bobber T120 Plug and Play\",\"breadcrumb\":{\"@id\":\"https:\\\/\\\/viba-motor.fr\\\/produit\\\/license-plate-light-triumph-bobber-t120\\\/#breadcrumb\"},\"inLanguage\":\"fr-FR\",\"potentialAction\":[{\"@type\":\"ReadAction\",\"target\":[\"https:\\\/\\\/viba-motor.fr\\\/produit\\\/license-plate-light-triumph-bobber-t120\\\/\"]}]},{\"@type\":\"ImageObject\",\"inLanguage\":\"fr-FR\",\"@id\":\"https:\\\/\\\/viba-motor.fr\\\/produit\\\/license-plate-light-triumph-bobber-t120\\\/#primaryimage\",\"url\":\"https:\\\/\\\/i0.wp.com\\\/viba-motor.fr\\\/wp-content\\\/uploads\\\/License-plate-light_Triumph-Bobber_VIBA_01-scaled.jpg?fit=2560%2C1707&ssl=1\",\"contentUrl\":\"https:\\\/\\\/i0.wp.com\\\/viba-motor.fr\\\/wp-content\\\/uploads\\\/License-plate-light_Triumph-Bobber_VIBA_01-scaled.jpg?fit=2560%2C1707&ssl=1\",\"width\":2560,\"height\":1707},{\"@type\":\"BreadcrumbList\",\"@id\":\"https:\\\/\\\/viba-motor.fr\\\/produit\\\/license-plate-light-triumph-bobber-t120\\\/#breadcrumb\",\"itemListElement\":[{\"@type\":\"ListItem\",\"position\":1,\"name\":\"Accueil\",\"item\":\"https:\\\/\\\/viba-motor.fr\\\/\"},{\"@type\":\"ListItem\",\"position\":2,\"name\":\"Shop\",\"item\":\"https:\\\/\\\/viba-motor.fr\\\/\"},{\"@type\":\"ListItem\",\"position\":3,\"name\":\"Bobber\",\"item\":\"https:\\\/\\\/viba-motor.fr\\\/etiquette-produit\\\/bobber\\\/\"},{\"@type\":\"ListItem\",\"position\":4,\"name\":\"License plate light Triumph Bobber\"}]},{\"@type\":\"WebSite\",\"@id\":\"https:\\\/\\\/viba-motor.fr\\\/#website\",\"url\":\"https:\\\/\\\/viba-motor.fr\\\/\",\"name\":\"VIBA\",\"description\":\"Design Studio &amp; Creative Atelier\",\"publisher\":{\"@id\":\"https:\\\/\\\/viba-motor.fr\\\/#organization\"},\"potentialAction\":[{\"@type\":\"SearchAction\",\"target\":{\"@type\":\"EntryPoint\",\"urlTemplate\":\"https:\\\/\\\/viba-motor.fr\\\/?s={search_term_string}\"},\"query-input\":{\"@type\":\"PropertyValueSpecification\",\"valueRequired\":true,\"valueName\":\"search_term_string\"}}],\"inLanguage\":\"fr-FR\"},{\"@type\":\"Organization\",\"@id\":\"https:\\\/\\\/viba-motor.fr\\\/#organization\",\"name\":\"VIBA\",\"url\":\"https:\\\/\\\/viba-motor.fr\\\/\",\"logo\":{\"@type\":\"ImageObject\",\"inLanguage\":\"fr-FR\",\"@id\":\"https:\\\/\\\/viba-motor.fr\\\/#\\\/schema\\\/logo\\\/image\\\/\",\"url\":\"https:\\\/\\\/viba-motor.fr\\\/wp-content\\\/uploads\\\/Viba-logo.svg\",\"contentUrl\":\"https:\\\/\\\/viba-motor.fr\\\/wp-content\\\/uploads\\\/Viba-logo.svg\",\"width\":200,\"height\":50,\"caption\":\"VIBA\"},\"image\":{\"@id\":\"https:\\\/\\\/viba-motor.fr\\\/#\\\/schema\\\/logo\\\/image\\\/\"}}]}<\/script>\n<!-- \/ Yoast SEO plugin. -->","yoast_head_json":{"title":"License plate light Triumph Bobber - VIBA","description":"License plate ligth for Triumph Bobber T120 Plug n Play - \u00c9clairage de plaque LED pour Triumph Triumph Bobber T120 Plug and Play","robots":{"index":"index","follow":"follow","max-snippet":"max-snippet:-1","max-image-preview":"max-image-preview:large","max-video-preview":"max-video-preview:-1"},"canonical":"https:\/\/viba-motor.fr\/fr\/produit\/license-plate-light-triumph-bobber-t120\/","og_locale":"fr_FR","og_type":"article","og_title":"License plate light Triumph Bobber - VIBA","og_description":"License plate ligth for Triumph Bobber T120 Plug n Play - \u00c9clairage de plaque LED pour Triumph Triumph Bobber T120 Plug and Play","og_url":"https:\/\/viba-motor.fr\/fr\/produit\/license-plate-light-triumph-bobber-t120\/","og_site_name":"VIBA","article_modified_time":"2026-03-26T11:32:56+00:00","og_image":[{"width":2560,"height":1707,"url":"https:\/\/viba-motor.fr\/wp-content\/uploads\/License-plate-light_Triumph-Bobber_VIBA_01-scaled.jpg","type":"image\/jpeg"}],"twitter_card":"summary_large_image","twitter_misc":{"Dur\u00e9e de lecture estim\u00e9e":"1 minute"},"schema":{"@context":"https:\/\/schema.org","@graph":[{"@type":"WebPage","@id":"https:\/\/viba-motor.fr\/produit\/license-plate-light-triumph-bobber-t120\/","url":"https:\/\/viba-motor.fr\/produit\/license-plate-light-triumph-bobber-t120\/","name":"License plate light Triumph Bobber - VIBA","isPartOf":{"@id":"https:\/\/viba-motor.fr\/#website"},"primaryImageOfPage":{"@id":"https:\/\/viba-motor.fr\/produit\/license-plate-light-triumph-bobber-t120\/#primaryimage"},"image":{"@id":"https:\/\/viba-motor.fr\/produit\/license-plate-light-triumph-bobber-t120\/#primaryimage"},"thumbnailUrl":"https:\/\/i0.wp.com\/viba-motor.fr\/wp-content\/uploads\/License-plate-light_Triumph-Bobber_VIBA_01-scaled.jpg?fit=2560%2C1707&ssl=1","datePublished":"2022-08-10T10:17:26+00:00","dateModified":"2026-03-26T11:32:56+00:00","description":"License plate ligth for Triumph Bobber T120 Plug n Play - \u00c9clairage de plaque LED pour Triumph Triumph Bobber T120 Plug and Play","breadcrumb":{"@id":"https:\/\/viba-motor.fr\/produit\/license-plate-light-triumph-bobber-t120\/#breadcrumb"},"inLanguage":"fr-FR","potentialAction":[{"@type":"ReadAction","target":["https:\/\/viba-motor.fr\/produit\/license-plate-light-triumph-bobber-t120\/"]}]},{"@type":"ImageObject","inLanguage":"fr-FR","@id":"https:\/\/viba-motor.fr\/produit\/license-plate-light-triumph-bobber-t120\/#primaryimage","url":"https:\/\/i0.wp.com\/viba-motor.fr\/wp-content\/uploads\/License-plate-light_Triumph-Bobber_VIBA_01-scaled.jpg?fit=2560%2C1707&ssl=1","contentUrl":"https:\/\/i0.wp.com\/viba-motor.fr\/wp-content\/uploads\/License-plate-light_Triumph-Bobber_VIBA_01-scaled.jpg?fit=2560%2C1707&ssl=1","width":2560,"height":1707},{"@type":"BreadcrumbList","@id":"https:\/\/viba-motor.fr\/produit\/license-plate-light-triumph-bobber-t120\/#breadcrumb","itemListElement":[{"@type":"ListItem","position":1,"name":"Accueil","item":"https:\/\/viba-motor.fr\/"},{"@type":"ListItem","position":2,"name":"Shop","item":"https:\/\/viba-motor.fr\/"},{"@type":"ListItem","position":3,"name":"Bobber","item":"https:\/\/viba-motor.fr\/etiquette-produit\/bobber\/"},{"@type":"ListItem","position":4,"name":"License plate light Triumph Bobber"}]},{"@type":"WebSite","@id":"https:\/\/viba-motor.fr\/#website","url":"https:\/\/viba-motor.fr\/","name":"VIBA","description":"Design Studio &amp; Creative Atelier","publisher":{"@id":"https:\/\/viba-motor.fr\/#organization"},"potentialAction":[{"@type":"SearchAction","target":{"@type":"EntryPoint","urlTemplate":"https:\/\/viba-motor.fr\/?s={search_term_string}"},"query-input":{"@type":"PropertyValueSpecification","valueRequired":true,"valueName":"search_term_string"}}],"inLanguage":"fr-FR"},{"@type":"Organization","@id":"https:\/\/viba-motor.fr\/#organization","name":"VIBA","url":"https:\/\/viba-motor.fr\/","logo":{"@type":"ImageObject","inLanguage":"fr-FR","@id":"https:\/\/viba-motor.fr\/#\/schema\/logo\/image\/","url":"https:\/\/viba-motor.fr\/wp-content\/uploads\/Viba-logo.svg","contentUrl":"https:\/\/viba-motor.fr\/wp-content\/uploads\/Viba-logo.svg","width":200,"height":50,"caption":"VIBA"},"image":{"@id":"https:\/\/viba-motor.fr\/#\/schema\/logo\/image\/"}}]}},"jetpack_sharing_enabled":true,"_links":{"self":[{"href":"https:\/\/viba-motor.fr\/fr\/wp-json\/wp\/v2\/product\/1723","targetHints":{"allow":["GET"]}}],"collection":[{"href":"https:\/\/viba-motor.fr\/fr\/wp-json\/wp\/v2\/product"}],"about":[{"href":"https:\/\/viba-motor.fr\/fr\/wp-json\/wp\/v2\/types\/product"}],"version-history":[{"count":1,"href":"https:\/\/viba-motor.fr\/fr\/wp-json\/wp\/v2\/product\/1723\/revisions"}],"predecessor-version":[{"id":3905,"href":"https:\/\/viba-motor.fr\/fr\/wp-json\/wp\/v2\/product\/1723\/revisions\/3905"}],"wp:featuredmedia":[{"embeddable":true,"href":"https:\/\/viba-motor.fr\/fr\/wp-json\/wp\/v2\/media\/1716"}],"wp:attachment":[{"href":"https:\/\/viba-motor.fr\/fr\/wp-json\/wp\/v2\/media?parent=1723"}],"wp:term":[{"taxonomy":"product_brand","embeddable":true,"href":"https:\/\/viba-motor.fr\/fr\/wp-json\/wp\/v2\/product_brand?post=1723"},{"taxonomy":"product_cat","embeddable":true,"href":"https:\/\/viba-motor.fr\/fr\/wp-json\/wp\/v2\/product_cat?post=1723"},{"taxonomy":"product_tag","embeddable":true,"href":"https:\/\/viba-motor.fr\/fr\/wp-json\/wp\/v2\/product_tag?post=1723"}],"curies":[{"name":"wp","href":"https:\/\/api.w.org\/{rel}","templated":true}]}}