{"id":1727,"date":"2022-08-10T15:49:24","date_gmt":"2022-08-10T13:49:24","guid":{"rendered":"https:\/\/viba-motor.fr\/?post_type=product&#038;p=1727"},"modified":"2026-04-22T11:03:40","modified_gmt":"2026-04-22T09:03:40","slug":"multifunction-lamp-d30-triumph-bobber-seat","status":"publish","type":"product","link":"https:\/\/viba-motor.fr\/fr\/produit\/multifunction-lamp-d30-triumph-bobber-seat\/","title":{"rendered":"Multifunction light seat mount Triumph Bobber"},"content":{"rendered":"<p>Vous recevrez une paire de feux multifonctions sp\u00e9cialement d\u00e9velopp\u00e9s pour la selle de Triumph Bobber. Con\u00e7u avec des LED SMD de 30 mm de diam\u00e8tre int\u00e9grant les fonctions de feu arri\u00e8re, de feu stop et de clignotant dans un design \u00e9l\u00e9gant. L'installation est un jeu d'enfant avec notre faisceau plug &amp; play, se connectant directement au faisceau d'origine sans avoir besoin de couper ou de souder quoi que ce soit.<br \/>\nChaque kit comprend une paire de feux multifonctions, un faisceau secondaire et un faisceau suppl\u00e9mentaire pour faciliter l'installation si vous utilisez un \u00e9clairage de plaque autre que celui du kit Triumph.<br \/>\nCompatibles pour les Triumph Bobber \u00e0 partir de 2017, nos feux multifonctions VIBA offrent une mise \u00e0 niveau \u00e9l\u00e9gante et fonctionnelle avec une installation facile.<\/p>","protected":false},"excerpt":{"rendered":"<p>Paire de feux LED multifonctions plug &amp; play pour selle de Triumph Bobber <span class=\"VIiyi\" lang=\"en\"><span class=\"JLqJ4b ChMk0b\" data-language-for-alternatives=\"en\" data-language-to-translate-into=\"fr\" data-phrase-index=\"0\">avec connecteurs de type origine.<br \/>\nCon\u00e7u pour \u00eatre mont\u00e9 et connect\u00e9 directement et facilement sur Triumph Bobber 2017+.<\/span><\/span><\/p>","protected":false},"featured_media":1720,"template":"","meta":{"_acf_changed":false,"inline_featured_image":false},"product_brand":[],"product_cat":[43,24],"product_tag":[48],"class_list":{"0":"post-1727","1":"product","2":"type-product","3":"status-publish","4":"has-post-thumbnail","6":"product_cat-bobber","7":"product_cat-triumph","8":"product_tag-bobber","10":"first","11":"instock","12":"taxable","13":"shipping-taxable","14":"purchasable","15":"product-type-simple"},"acf":[],"yoast_head":"<!-- This site is optimized with the Yoast SEO plugin v27.5 - https:\/\/yoast.com\/product\/yoast-seo-wordpress\/ -->\n<title>Multifunction light seat mount Triumph Bobber - VIBA<\/title>\n<meta name=\"description\" content=\"Multifunction LED Lamps D30 for Triumph Bobber T120 seat - Paire de feux multifonctions LED D30 \u00e0 fixer sous la selle de Triumph Bobber T120 - Plug n Play\" \/>\n<meta name=\"robots\" content=\"index, follow, max-snippet:-1, max-image-preview:large, max-video-preview:-1\" \/>\n<link rel=\"canonical\" href=\"https:\/\/viba-motor.fr\/fr\/produit\/multifunction-lamp-d30-triumph-bobber-seat\/\" \/>\n<meta property=\"og:locale\" content=\"fr_FR\" \/>\n<meta property=\"og:type\" content=\"article\" \/>\n<meta property=\"og:title\" content=\"Multifunction light seat mount Triumph Bobber - VIBA\" \/>\n<meta property=\"og:description\" content=\"Multifunction LED Lamps D30 for Triumph Bobber T120 seat - Paire de feux multifonctions LED D30 \u00e0 fixer sous la selle de Triumph Bobber T120 - Plug n Play\" \/>\n<meta property=\"og:url\" content=\"https:\/\/viba-motor.fr\/fr\/produit\/multifunction-lamp-d30-triumph-bobber-seat\/\" \/>\n<meta property=\"og:site_name\" content=\"VIBA\" \/>\n<meta property=\"article:modified_time\" content=\"2026-04-22T09:03:40+00:00\" \/>\n<meta property=\"og:image\" content=\"https:\/\/viba-motor.fr\/wp-content\/uploads\/Rear-Light-Seat-Mount_D30_Triumph-Bobber_VIBA_03-scaled.jpg\" \/>\n\t<meta property=\"og:image:width\" content=\"2560\" \/>\n\t<meta property=\"og:image:height\" content=\"1707\" \/>\n\t<meta property=\"og:image:type\" content=\"image\/jpeg\" \/>\n<meta name=\"twitter:card\" content=\"summary_large_image\" \/>\n<meta name=\"twitter:label1\" content=\"Dur\u00e9e de lecture estim\u00e9e\" \/>\n\t<meta name=\"twitter:data1\" content=\"1 minute\" \/>\n<script type=\"application\/ld+json\" class=\"yoast-schema-graph\">{\"@context\":\"https:\\\/\\\/schema.org\",\"@graph\":[{\"@type\":\"WebPage\",\"@id\":\"https:\\\/\\\/viba-motor.fr\\\/produit\\\/multifunction-lamp-d30-triumph-bobber-seat\\\/\",\"url\":\"https:\\\/\\\/viba-motor.fr\\\/produit\\\/multifunction-lamp-d30-triumph-bobber-seat\\\/\",\"name\":\"Multifunction light seat mount Triumph Bobber - VIBA\",\"isPartOf\":{\"@id\":\"https:\\\/\\\/viba-motor.fr\\\/#website\"},\"primaryImageOfPage\":{\"@id\":\"https:\\\/\\\/viba-motor.fr\\\/produit\\\/multifunction-lamp-d30-triumph-bobber-seat\\\/#primaryimage\"},\"image\":{\"@id\":\"https:\\\/\\\/viba-motor.fr\\\/produit\\\/multifunction-lamp-d30-triumph-bobber-seat\\\/#primaryimage\"},\"thumbnailUrl\":\"https:\\\/\\\/i0.wp.com\\\/viba-motor.fr\\\/wp-content\\\/uploads\\\/Rear-Light-Seat-Mount_D30_Triumph-Bobber_VIBA_03-scaled.jpg?fit=2560%2C1707&ssl=1\",\"datePublished\":\"2022-08-10T13:49:24+00:00\",\"dateModified\":\"2026-04-22T09:03:40+00:00\",\"description\":\"Multifunction LED Lamps D30 for Triumph Bobber T120 seat - Paire de feux multifonctions LED D30 \u00e0 fixer sous la selle de Triumph Bobber T120 - Plug n Play\",\"breadcrumb\":{\"@id\":\"https:\\\/\\\/viba-motor.fr\\\/produit\\\/multifunction-lamp-d30-triumph-bobber-seat\\\/#breadcrumb\"},\"inLanguage\":\"fr-FR\",\"potentialAction\":[{\"@type\":\"ReadAction\",\"target\":[\"https:\\\/\\\/viba-motor.fr\\\/produit\\\/multifunction-lamp-d30-triumph-bobber-seat\\\/\"]}]},{\"@type\":\"ImageObject\",\"inLanguage\":\"fr-FR\",\"@id\":\"https:\\\/\\\/viba-motor.fr\\\/produit\\\/multifunction-lamp-d30-triumph-bobber-seat\\\/#primaryimage\",\"url\":\"https:\\\/\\\/i0.wp.com\\\/viba-motor.fr\\\/wp-content\\\/uploads\\\/Rear-Light-Seat-Mount_D30_Triumph-Bobber_VIBA_03-scaled.jpg?fit=2560%2C1707&ssl=1\",\"contentUrl\":\"https:\\\/\\\/i0.wp.com\\\/viba-motor.fr\\\/wp-content\\\/uploads\\\/Rear-Light-Seat-Mount_D30_Triumph-Bobber_VIBA_03-scaled.jpg?fit=2560%2C1707&ssl=1\",\"width\":2560,\"height\":1707,\"caption\":\"Multifonction Lamp D30\"},{\"@type\":\"BreadcrumbList\",\"@id\":\"https:\\\/\\\/viba-motor.fr\\\/produit\\\/multifunction-lamp-d30-triumph-bobber-seat\\\/#breadcrumb\",\"itemListElement\":[{\"@type\":\"ListItem\",\"position\":1,\"name\":\"Accueil\",\"item\":\"https:\\\/\\\/viba-motor.fr\\\/\"},{\"@type\":\"ListItem\",\"position\":2,\"name\":\"Shop\",\"item\":\"https:\\\/\\\/viba-motor.fr\\\/\"},{\"@type\":\"ListItem\",\"position\":3,\"name\":\"Bobber\",\"item\":\"https:\\\/\\\/viba-motor.fr\\\/etiquette-produit\\\/bobber\\\/\"},{\"@type\":\"ListItem\",\"position\":4,\"name\":\"Multifunction light seat mount Triumph Bobber\"}]},{\"@type\":\"WebSite\",\"@id\":\"https:\\\/\\\/viba-motor.fr\\\/#website\",\"url\":\"https:\\\/\\\/viba-motor.fr\\\/\",\"name\":\"VIBA\",\"description\":\"Design Studio &amp; Creative Atelier\",\"publisher\":{\"@id\":\"https:\\\/\\\/viba-motor.fr\\\/#organization\"},\"potentialAction\":[{\"@type\":\"SearchAction\",\"target\":{\"@type\":\"EntryPoint\",\"urlTemplate\":\"https:\\\/\\\/viba-motor.fr\\\/?s={search_term_string}\"},\"query-input\":{\"@type\":\"PropertyValueSpecification\",\"valueRequired\":true,\"valueName\":\"search_term_string\"}}],\"inLanguage\":\"fr-FR\"},{\"@type\":\"Organization\",\"@id\":\"https:\\\/\\\/viba-motor.fr\\\/#organization\",\"name\":\"VIBA\",\"url\":\"https:\\\/\\\/viba-motor.fr\\\/\",\"logo\":{\"@type\":\"ImageObject\",\"inLanguage\":\"fr-FR\",\"@id\":\"https:\\\/\\\/viba-motor.fr\\\/#\\\/schema\\\/logo\\\/image\\\/\",\"url\":\"https:\\\/\\\/viba-motor.fr\\\/wp-content\\\/uploads\\\/Viba-logo.svg\",\"contentUrl\":\"https:\\\/\\\/viba-motor.fr\\\/wp-content\\\/uploads\\\/Viba-logo.svg\",\"width\":200,\"height\":50,\"caption\":\"VIBA\"},\"image\":{\"@id\":\"https:\\\/\\\/viba-motor.fr\\\/#\\\/schema\\\/logo\\\/image\\\/\"}}]}<\/script>\n<!-- \/ Yoast SEO plugin. -->","yoast_head_json":{"title":"Multifunction light seat mount Triumph Bobber - VIBA","description":"Multifunction LED Lamps D30 for Triumph Bobber T120 seat - Paire de feux multifonctions LED D30 \u00e0 fixer sous la selle de Triumph Bobber T120 - Plug n Play","robots":{"index":"index","follow":"follow","max-snippet":"max-snippet:-1","max-image-preview":"max-image-preview:large","max-video-preview":"max-video-preview:-1"},"canonical":"https:\/\/viba-motor.fr\/fr\/produit\/multifunction-lamp-d30-triumph-bobber-seat\/","og_locale":"fr_FR","og_type":"article","og_title":"Multifunction light seat mount Triumph Bobber - VIBA","og_description":"Multifunction LED Lamps D30 for Triumph Bobber T120 seat - Paire de feux multifonctions LED D30 \u00e0 fixer sous la selle de Triumph Bobber T120 - Plug n Play","og_url":"https:\/\/viba-motor.fr\/fr\/produit\/multifunction-lamp-d30-triumph-bobber-seat\/","og_site_name":"VIBA","article_modified_time":"2026-04-22T09:03:40+00:00","og_image":[{"width":2560,"height":1707,"url":"https:\/\/viba-motor.fr\/wp-content\/uploads\/Rear-Light-Seat-Mount_D30_Triumph-Bobber_VIBA_03-scaled.jpg","type":"image\/jpeg"}],"twitter_card":"summary_large_image","twitter_misc":{"Dur\u00e9e de lecture estim\u00e9e":"1 minute"},"schema":{"@context":"https:\/\/schema.org","@graph":[{"@type":"WebPage","@id":"https:\/\/viba-motor.fr\/produit\/multifunction-lamp-d30-triumph-bobber-seat\/","url":"https:\/\/viba-motor.fr\/produit\/multifunction-lamp-d30-triumph-bobber-seat\/","name":"Multifunction light seat mount Triumph Bobber - VIBA","isPartOf":{"@id":"https:\/\/viba-motor.fr\/#website"},"primaryImageOfPage":{"@id":"https:\/\/viba-motor.fr\/produit\/multifunction-lamp-d30-triumph-bobber-seat\/#primaryimage"},"image":{"@id":"https:\/\/viba-motor.fr\/produit\/multifunction-lamp-d30-triumph-bobber-seat\/#primaryimage"},"thumbnailUrl":"https:\/\/i0.wp.com\/viba-motor.fr\/wp-content\/uploads\/Rear-Light-Seat-Mount_D30_Triumph-Bobber_VIBA_03-scaled.jpg?fit=2560%2C1707&ssl=1","datePublished":"2022-08-10T13:49:24+00:00","dateModified":"2026-04-22T09:03:40+00:00","description":"Multifunction LED Lamps D30 for Triumph Bobber T120 seat - Paire de feux multifonctions LED D30 \u00e0 fixer sous la selle de Triumph Bobber T120 - Plug n Play","breadcrumb":{"@id":"https:\/\/viba-motor.fr\/produit\/multifunction-lamp-d30-triumph-bobber-seat\/#breadcrumb"},"inLanguage":"fr-FR","potentialAction":[{"@type":"ReadAction","target":["https:\/\/viba-motor.fr\/produit\/multifunction-lamp-d30-triumph-bobber-seat\/"]}]},{"@type":"ImageObject","inLanguage":"fr-FR","@id":"https:\/\/viba-motor.fr\/produit\/multifunction-lamp-d30-triumph-bobber-seat\/#primaryimage","url":"https:\/\/i0.wp.com\/viba-motor.fr\/wp-content\/uploads\/Rear-Light-Seat-Mount_D30_Triumph-Bobber_VIBA_03-scaled.jpg?fit=2560%2C1707&ssl=1","contentUrl":"https:\/\/i0.wp.com\/viba-motor.fr\/wp-content\/uploads\/Rear-Light-Seat-Mount_D30_Triumph-Bobber_VIBA_03-scaled.jpg?fit=2560%2C1707&ssl=1","width":2560,"height":1707,"caption":"Multifonction Lamp D30"},{"@type":"BreadcrumbList","@id":"https:\/\/viba-motor.fr\/produit\/multifunction-lamp-d30-triumph-bobber-seat\/#breadcrumb","itemListElement":[{"@type":"ListItem","position":1,"name":"Accueil","item":"https:\/\/viba-motor.fr\/"},{"@type":"ListItem","position":2,"name":"Shop","item":"https:\/\/viba-motor.fr\/"},{"@type":"ListItem","position":3,"name":"Bobber","item":"https:\/\/viba-motor.fr\/etiquette-produit\/bobber\/"},{"@type":"ListItem","position":4,"name":"Multifunction light seat mount Triumph Bobber"}]},{"@type":"WebSite","@id":"https:\/\/viba-motor.fr\/#website","url":"https:\/\/viba-motor.fr\/","name":"VIBA","description":"Design Studio &amp; Creative Atelier","publisher":{"@id":"https:\/\/viba-motor.fr\/#organization"},"potentialAction":[{"@type":"SearchAction","target":{"@type":"EntryPoint","urlTemplate":"https:\/\/viba-motor.fr\/?s={search_term_string}"},"query-input":{"@type":"PropertyValueSpecification","valueRequired":true,"valueName":"search_term_string"}}],"inLanguage":"fr-FR"},{"@type":"Organization","@id":"https:\/\/viba-motor.fr\/#organization","name":"VIBA","url":"https:\/\/viba-motor.fr\/","logo":{"@type":"ImageObject","inLanguage":"fr-FR","@id":"https:\/\/viba-motor.fr\/#\/schema\/logo\/image\/","url":"https:\/\/viba-motor.fr\/wp-content\/uploads\/Viba-logo.svg","contentUrl":"https:\/\/viba-motor.fr\/wp-content\/uploads\/Viba-logo.svg","width":200,"height":50,"caption":"VIBA"},"image":{"@id":"https:\/\/viba-motor.fr\/#\/schema\/logo\/image\/"}}]}},"jetpack_sharing_enabled":true,"_links":{"self":[{"href":"https:\/\/viba-motor.fr\/fr\/wp-json\/wp\/v2\/product\/1727","targetHints":{"allow":["GET"]}}],"collection":[{"href":"https:\/\/viba-motor.fr\/fr\/wp-json\/wp\/v2\/product"}],"about":[{"href":"https:\/\/viba-motor.fr\/fr\/wp-json\/wp\/v2\/types\/product"}],"version-history":[{"count":1,"href":"https:\/\/viba-motor.fr\/fr\/wp-json\/wp\/v2\/product\/1727\/revisions"}],"predecessor-version":[{"id":3800,"href":"https:\/\/viba-motor.fr\/fr\/wp-json\/wp\/v2\/product\/1727\/revisions\/3800"}],"wp:featuredmedia":[{"embeddable":true,"href":"https:\/\/viba-motor.fr\/fr\/wp-json\/wp\/v2\/media\/1720"}],"wp:attachment":[{"href":"https:\/\/viba-motor.fr\/fr\/wp-json\/wp\/v2\/media?parent=1727"}],"wp:term":[{"taxonomy":"product_brand","embeddable":true,"href":"https:\/\/viba-motor.fr\/fr\/wp-json\/wp\/v2\/product_brand?post=1727"},{"taxonomy":"product_cat","embeddable":true,"href":"https:\/\/viba-motor.fr\/fr\/wp-json\/wp\/v2\/product_cat?post=1727"},{"taxonomy":"product_tag","embeddable":true,"href":"https:\/\/viba-motor.fr\/fr\/wp-json\/wp\/v2\/product_tag?post=1727"}],"curies":[{"name":"wp","href":"https:\/\/api.w.org\/{rel}","templated":true}]}}