{"id":2974,"date":"2024-03-15T18:00:59","date_gmt":"2024-03-15T17:00:59","guid":{"rendered":"https:\/\/viba-motor.fr\/?post_type=product&#038;p=2974"},"modified":"2026-03-26T16:38:42","modified_gmt":"2026-03-26T15:38:42","slug":"front-turn-signal-honda-monkey-125","status":"publish","type":"product","link":"https:\/\/viba-motor.fr\/fr\/produit\/front-turn-signal-honda-monkey-125\/","title":{"rendered":"Turn signal CC18 Honda Monkey 125 &#8211; Front"},"content":{"rendered":"<p>You\u2019ll get a pair of front turn signals designed and hand-assembled in France. Made with 18mm-diameter LEDs, they\u2019re fully plug &amp; play, with wires of the right length and OE-style connectors that fit directly onto those on your Honda. Of course, screws are included to mount your new Viba parts perfectly on your Honda Monkey 125. Replace your bike\u2019s turn signals faster and easier than ever!<\/p>","protected":false},"excerpt":{"rendered":"<p>Paire de clignotants LED avant plug &amp; play avec connecteurs de type origine et vis de montage.<br \/>\nCon\u00e7u pour \u00eatre mont\u00e9 et connect\u00e9 directement et facilement sur Honda Monkey 125 2018+<\/p>","protected":false},"featured_media":833,"template":"","meta":{"_acf_changed":false,"inline_featured_image":false},"product_brand":[],"product_cat":[25,67],"product_tag":[56],"class_list":{"0":"post-2974","1":"product","2":"type-product","3":"status-publish","4":"has-post-thumbnail","6":"product_cat-honda","7":"product_cat-monkey-125","8":"product_tag-monkey-125","10":"first","11":"instock","12":"taxable","13":"shipping-taxable","14":"purchasable","15":"product-type-simple"},"acf":[],"yoast_head":"<!-- This site is optimized with the Yoast SEO plugin v27.3 - https:\/\/yoast.com\/product\/yoast-seo-wordpress\/ -->\n<title>Turn signal CC18 Honda Monkey 125 - Front - VIBA<\/title>\n<meta name=\"description\" content=\"Front LED turn signal for Honda Monkey 125 - Paire de clignotant LED avant pour Honda Monkey 125.\" \/>\n<meta name=\"robots\" content=\"index, follow, max-snippet:-1, max-image-preview:large, max-video-preview:-1\" \/>\n<link rel=\"canonical\" href=\"https:\/\/viba-motor.fr\/fr\/produit\/front-turn-signal-honda-monkey-125\/\" \/>\n<meta property=\"og:locale\" content=\"fr_FR\" \/>\n<meta property=\"og:type\" content=\"article\" \/>\n<meta property=\"og:title\" content=\"Turn signal CC18 Honda Monkey 125 - Front - VIBA\" \/>\n<meta property=\"og:description\" content=\"Front LED turn signal for Honda Monkey 125 - Paire de clignotant LED avant pour Honda Monkey 125.\" \/>\n<meta property=\"og:url\" content=\"https:\/\/viba-motor.fr\/fr\/produit\/front-turn-signal-honda-monkey-125\/\" \/>\n<meta property=\"og:site_name\" content=\"VIBA\" \/>\n<meta property=\"article:modified_time\" content=\"2026-03-26T15:38:42+00:00\" \/>\n<meta property=\"og:image\" content=\"https:\/\/viba-motor.fr\/wp-content\/uploads\/front-blinker-Honda-Monkey_03-scaled.jpg\" \/>\n\t<meta property=\"og:image:width\" content=\"2560\" \/>\n\t<meta property=\"og:image:height\" content=\"1707\" \/>\n\t<meta property=\"og:image:type\" content=\"image\/jpeg\" \/>\n<meta name=\"twitter:card\" content=\"summary_large_image\" \/>\n<meta name=\"twitter:label1\" content=\"Dur\u00e9e de lecture estim\u00e9e\" \/>\n\t<meta name=\"twitter:data1\" content=\"1 minute\" \/>\n<script type=\"application\/ld+json\" class=\"yoast-schema-graph\">{\"@context\":\"https:\\\/\\\/schema.org\",\"@graph\":[{\"@type\":\"WebPage\",\"@id\":\"https:\\\/\\\/viba-motor.fr\\\/produit\\\/front-turn-signal-honda-monkey-125\\\/\",\"url\":\"https:\\\/\\\/viba-motor.fr\\\/produit\\\/front-turn-signal-honda-monkey-125\\\/\",\"name\":\"Turn signal CC18 Honda Monkey 125 - Front - VIBA\",\"isPartOf\":{\"@id\":\"https:\\\/\\\/viba-motor.fr\\\/#website\"},\"primaryImageOfPage\":{\"@id\":\"https:\\\/\\\/viba-motor.fr\\\/produit\\\/front-turn-signal-honda-monkey-125\\\/#primaryimage\"},\"image\":{\"@id\":\"https:\\\/\\\/viba-motor.fr\\\/produit\\\/front-turn-signal-honda-monkey-125\\\/#primaryimage\"},\"thumbnailUrl\":\"https:\\\/\\\/i0.wp.com\\\/viba-motor.fr\\\/wp-content\\\/uploads\\\/front-blinker-Honda-Monkey_03-scaled.jpg?fit=2560%2C1707&ssl=1\",\"datePublished\":\"2024-03-15T17:00:59+00:00\",\"dateModified\":\"2026-03-26T15:38:42+00:00\",\"description\":\"Front LED turn signal for Honda Monkey 125 - Paire de clignotant LED avant pour Honda Monkey 125.\",\"breadcrumb\":{\"@id\":\"https:\\\/\\\/viba-motor.fr\\\/produit\\\/front-turn-signal-honda-monkey-125\\\/#breadcrumb\"},\"inLanguage\":\"fr-FR\",\"potentialAction\":[{\"@type\":\"ReadAction\",\"target\":[\"https:\\\/\\\/viba-motor.fr\\\/produit\\\/front-turn-signal-honda-monkey-125\\\/\"]}]},{\"@type\":\"ImageObject\",\"inLanguage\":\"fr-FR\",\"@id\":\"https:\\\/\\\/viba-motor.fr\\\/produit\\\/front-turn-signal-honda-monkey-125\\\/#primaryimage\",\"url\":\"https:\\\/\\\/i0.wp.com\\\/viba-motor.fr\\\/wp-content\\\/uploads\\\/front-blinker-Honda-Monkey_03-scaled.jpg?fit=2560%2C1707&ssl=1\",\"contentUrl\":\"https:\\\/\\\/i0.wp.com\\\/viba-motor.fr\\\/wp-content\\\/uploads\\\/front-blinker-Honda-Monkey_03-scaled.jpg?fit=2560%2C1707&ssl=1\",\"width\":2560,\"height\":1707},{\"@type\":\"BreadcrumbList\",\"@id\":\"https:\\\/\\\/viba-motor.fr\\\/produit\\\/front-turn-signal-honda-monkey-125\\\/#breadcrumb\",\"itemListElement\":[{\"@type\":\"ListItem\",\"position\":1,\"name\":\"Accueil\",\"item\":\"https:\\\/\\\/viba-motor.fr\\\/\"},{\"@type\":\"ListItem\",\"position\":2,\"name\":\"Shop\",\"item\":\"https:\\\/\\\/viba-motor.fr\\\/\"},{\"@type\":\"ListItem\",\"position\":3,\"name\":\"Monkey 125\",\"item\":\"https:\\\/\\\/viba-motor.fr\\\/etiquette-produit\\\/monkey-125\\\/\"},{\"@type\":\"ListItem\",\"position\":4,\"name\":\"Turn signal CC18 Honda Monkey 125 &#8211; Front\"}]},{\"@type\":\"WebSite\",\"@id\":\"https:\\\/\\\/viba-motor.fr\\\/#website\",\"url\":\"https:\\\/\\\/viba-motor.fr\\\/\",\"name\":\"VIBA\",\"description\":\"Design Studio &amp; Creative Atelier\",\"publisher\":{\"@id\":\"https:\\\/\\\/viba-motor.fr\\\/#organization\"},\"potentialAction\":[{\"@type\":\"SearchAction\",\"target\":{\"@type\":\"EntryPoint\",\"urlTemplate\":\"https:\\\/\\\/viba-motor.fr\\\/?s={search_term_string}\"},\"query-input\":{\"@type\":\"PropertyValueSpecification\",\"valueRequired\":true,\"valueName\":\"search_term_string\"}}],\"inLanguage\":\"fr-FR\"},{\"@type\":\"Organization\",\"@id\":\"https:\\\/\\\/viba-motor.fr\\\/#organization\",\"name\":\"VIBA\",\"url\":\"https:\\\/\\\/viba-motor.fr\\\/\",\"logo\":{\"@type\":\"ImageObject\",\"inLanguage\":\"fr-FR\",\"@id\":\"https:\\\/\\\/viba-motor.fr\\\/#\\\/schema\\\/logo\\\/image\\\/\",\"url\":\"https:\\\/\\\/viba-motor.fr\\\/wp-content\\\/uploads\\\/Viba-logo.svg\",\"contentUrl\":\"https:\\\/\\\/viba-motor.fr\\\/wp-content\\\/uploads\\\/Viba-logo.svg\",\"width\":200,\"height\":50,\"caption\":\"VIBA\"},\"image\":{\"@id\":\"https:\\\/\\\/viba-motor.fr\\\/#\\\/schema\\\/logo\\\/image\\\/\"}}]}<\/script>\n<!-- \/ Yoast SEO plugin. -->","yoast_head_json":{"title":"Turn signal CC18 Honda Monkey 125 - Front - VIBA","description":"Front LED turn signal for Honda Monkey 125 - Paire de clignotant LED avant pour Honda Monkey 125.","robots":{"index":"index","follow":"follow","max-snippet":"max-snippet:-1","max-image-preview":"max-image-preview:large","max-video-preview":"max-video-preview:-1"},"canonical":"https:\/\/viba-motor.fr\/fr\/produit\/front-turn-signal-honda-monkey-125\/","og_locale":"fr_FR","og_type":"article","og_title":"Turn signal CC18 Honda Monkey 125 - Front - VIBA","og_description":"Front LED turn signal for Honda Monkey 125 - Paire de clignotant LED avant pour Honda Monkey 125.","og_url":"https:\/\/viba-motor.fr\/fr\/produit\/front-turn-signal-honda-monkey-125\/","og_site_name":"VIBA","article_modified_time":"2026-03-26T15:38:42+00:00","og_image":[{"width":2560,"height":1707,"url":"https:\/\/viba-motor.fr\/wp-content\/uploads\/front-blinker-Honda-Monkey_03-scaled.jpg","type":"image\/jpeg"}],"twitter_card":"summary_large_image","twitter_misc":{"Dur\u00e9e de lecture estim\u00e9e":"1 minute"},"schema":{"@context":"https:\/\/schema.org","@graph":[{"@type":"WebPage","@id":"https:\/\/viba-motor.fr\/produit\/front-turn-signal-honda-monkey-125\/","url":"https:\/\/viba-motor.fr\/produit\/front-turn-signal-honda-monkey-125\/","name":"Turn signal CC18 Honda Monkey 125 - Front - VIBA","isPartOf":{"@id":"https:\/\/viba-motor.fr\/#website"},"primaryImageOfPage":{"@id":"https:\/\/viba-motor.fr\/produit\/front-turn-signal-honda-monkey-125\/#primaryimage"},"image":{"@id":"https:\/\/viba-motor.fr\/produit\/front-turn-signal-honda-monkey-125\/#primaryimage"},"thumbnailUrl":"https:\/\/i0.wp.com\/viba-motor.fr\/wp-content\/uploads\/front-blinker-Honda-Monkey_03-scaled.jpg?fit=2560%2C1707&ssl=1","datePublished":"2024-03-15T17:00:59+00:00","dateModified":"2026-03-26T15:38:42+00:00","description":"Front LED turn signal for Honda Monkey 125 - Paire de clignotant LED avant pour Honda Monkey 125.","breadcrumb":{"@id":"https:\/\/viba-motor.fr\/produit\/front-turn-signal-honda-monkey-125\/#breadcrumb"},"inLanguage":"fr-FR","potentialAction":[{"@type":"ReadAction","target":["https:\/\/viba-motor.fr\/produit\/front-turn-signal-honda-monkey-125\/"]}]},{"@type":"ImageObject","inLanguage":"fr-FR","@id":"https:\/\/viba-motor.fr\/produit\/front-turn-signal-honda-monkey-125\/#primaryimage","url":"https:\/\/i0.wp.com\/viba-motor.fr\/wp-content\/uploads\/front-blinker-Honda-Monkey_03-scaled.jpg?fit=2560%2C1707&ssl=1","contentUrl":"https:\/\/i0.wp.com\/viba-motor.fr\/wp-content\/uploads\/front-blinker-Honda-Monkey_03-scaled.jpg?fit=2560%2C1707&ssl=1","width":2560,"height":1707},{"@type":"BreadcrumbList","@id":"https:\/\/viba-motor.fr\/produit\/front-turn-signal-honda-monkey-125\/#breadcrumb","itemListElement":[{"@type":"ListItem","position":1,"name":"Accueil","item":"https:\/\/viba-motor.fr\/"},{"@type":"ListItem","position":2,"name":"Shop","item":"https:\/\/viba-motor.fr\/"},{"@type":"ListItem","position":3,"name":"Monkey 125","item":"https:\/\/viba-motor.fr\/etiquette-produit\/monkey-125\/"},{"@type":"ListItem","position":4,"name":"Turn signal CC18 Honda Monkey 125 &#8211; Front"}]},{"@type":"WebSite","@id":"https:\/\/viba-motor.fr\/#website","url":"https:\/\/viba-motor.fr\/","name":"VIBA","description":"Design Studio &amp; Creative Atelier","publisher":{"@id":"https:\/\/viba-motor.fr\/#organization"},"potentialAction":[{"@type":"SearchAction","target":{"@type":"EntryPoint","urlTemplate":"https:\/\/viba-motor.fr\/?s={search_term_string}"},"query-input":{"@type":"PropertyValueSpecification","valueRequired":true,"valueName":"search_term_string"}}],"inLanguage":"fr-FR"},{"@type":"Organization","@id":"https:\/\/viba-motor.fr\/#organization","name":"VIBA","url":"https:\/\/viba-motor.fr\/","logo":{"@type":"ImageObject","inLanguage":"fr-FR","@id":"https:\/\/viba-motor.fr\/#\/schema\/logo\/image\/","url":"https:\/\/viba-motor.fr\/wp-content\/uploads\/Viba-logo.svg","contentUrl":"https:\/\/viba-motor.fr\/wp-content\/uploads\/Viba-logo.svg","width":200,"height":50,"caption":"VIBA"},"image":{"@id":"https:\/\/viba-motor.fr\/#\/schema\/logo\/image\/"}}]}},"jetpack_sharing_enabled":true,"_links":{"self":[{"href":"https:\/\/viba-motor.fr\/fr\/wp-json\/wp\/v2\/product\/2974","targetHints":{"allow":["GET"]}}],"collection":[{"href":"https:\/\/viba-motor.fr\/fr\/wp-json\/wp\/v2\/product"}],"about":[{"href":"https:\/\/viba-motor.fr\/fr\/wp-json\/wp\/v2\/types\/product"}],"version-history":[{"count":1,"href":"https:\/\/viba-motor.fr\/fr\/wp-json\/wp\/v2\/product\/2974\/revisions"}],"predecessor-version":[{"id":3865,"href":"https:\/\/viba-motor.fr\/fr\/wp-json\/wp\/v2\/product\/2974\/revisions\/3865"}],"wp:featuredmedia":[{"embeddable":true,"href":"https:\/\/viba-motor.fr\/fr\/wp-json\/wp\/v2\/media\/833"}],"wp:attachment":[{"href":"https:\/\/viba-motor.fr\/fr\/wp-json\/wp\/v2\/media?parent=2974"}],"wp:term":[{"taxonomy":"product_brand","embeddable":true,"href":"https:\/\/viba-motor.fr\/fr\/wp-json\/wp\/v2\/product_brand?post=2974"},{"taxonomy":"product_cat","embeddable":true,"href":"https:\/\/viba-motor.fr\/fr\/wp-json\/wp\/v2\/product_cat?post=2974"},{"taxonomy":"product_tag","embeddable":true,"href":"https:\/\/viba-motor.fr\/fr\/wp-json\/wp\/v2\/product_tag?post=2974"}],"curies":[{"name":"wp","href":"https:\/\/api.w.org\/{rel}","templated":true}]}}