{"id":3045,"date":"2024-03-16T16:08:21","date_gmt":"2024-03-16T15:08:21","guid":{"rendered":"https:\/\/viba-motor.fr\/?post_type=product&#038;p=3045"},"modified":"2026-03-26T18:28:31","modified_gmt":"2026-03-26T17:28:31","slug":"rear-turn-signal-cc18-triumph-speedtwin","status":"publish","type":"product","link":"https:\/\/viba-motor.fr\/fr\/produit\/rear-turn-signal-cc18-triumph-speedtwin\/","title":{"rendered":"Turn signal CC18 Triumph SpeedTwin &#8211; Rear"},"content":{"rendered":"<p>Vous recevrez une paire de clignotants con\u00e7us et assembl\u00e9s \u00e0 la main en France. Fabriqu\u00e9s avec un bloc LED de 18mm de diam\u00e8tre, ils sont enti\u00e8rement plug &amp; play, avec des fils de la bonne longueur et des connecteurs de type origine qui s'adaptent directement \u00e0 ceux de votre Triumph. Bien s\u00fbr, les vis sont incluses pour monter parfaitement vos nouvelles pi\u00e8ces Viba sur votre Triumph SpeedTwin 19+. Remplacez les clignotants de votre moto plus rapidement et plus facilement que jamais !<\/p>","protected":false},"excerpt":{"rendered":"<p>Paire de clignotants \u00e0 LED arri\u00e8re. Enti\u00e8rement plug &amp; play gr\u00e2ce aux connecteurs de type origine et les vis de montage adapt\u00e9es.<br \/>\nCon\u00e7u pour \u00eatre mont\u00e9 et connect\u00e9 directement et facilement sur Triumph SpeedTwin 2019+.<\/p>","protected":false},"featured_media":791,"template":"","meta":{"_acf_changed":false,"inline_featured_image":false},"product_brand":[],"product_cat":[44,24],"product_tag":[57],"class_list":{"0":"post-3045","1":"product","2":"type-product","3":"status-publish","4":"has-post-thumbnail","6":"product_cat-speedtwin","7":"product_cat-triumph","8":"product_tag-speed-twin","10":"first","11":"instock","12":"taxable","13":"shipping-taxable","14":"purchasable","15":"product-type-variable","16":"has-default-attributes"},"acf":[],"yoast_head":"<!-- This site is optimized with the Yoast SEO plugin v27.3 - https:\/\/yoast.com\/product\/yoast-seo-wordpress\/ -->\n<title>Turn signal CC18 Triumph SpeedTwin - Rear - VIBA<\/title>\n<meta name=\"description\" content=\"Front LED turn signals for Triumph Speed Twin Plug n Play - Paire de clignotants LED pour Triumph Speed Twin\" \/>\n<meta name=\"robots\" content=\"index, follow, max-snippet:-1, max-image-preview:large, max-video-preview:-1\" \/>\n<link rel=\"canonical\" href=\"https:\/\/viba-motor.fr\/fr\/produit\/rear-turn-signal-cc18-triumph-speedtwin\/\" \/>\n<meta property=\"og:locale\" content=\"fr_FR\" \/>\n<meta property=\"og:type\" content=\"article\" \/>\n<meta property=\"og:title\" content=\"Turn signal CC18 Triumph SpeedTwin - Rear - VIBA\" \/>\n<meta property=\"og:description\" content=\"Front LED turn signals for Triumph Speed Twin Plug n Play - Paire de clignotants LED pour Triumph Speed Twin\" \/>\n<meta property=\"og:url\" content=\"https:\/\/viba-motor.fr\/fr\/produit\/rear-turn-signal-cc18-triumph-speedtwin\/\" \/>\n<meta property=\"og:site_name\" content=\"VIBA\" \/>\n<meta property=\"article:modified_time\" content=\"2026-03-26T17:28:31+00:00\" \/>\n<meta property=\"og:image\" content=\"https:\/\/viba-motor.fr\/wp-content\/uploads\/Rear-Blinker-Triumph_SpeedTwin_19-03-1160x773.jpg\" \/>\n\t<meta property=\"og:image:width\" content=\"1160\" \/>\n\t<meta property=\"og:image:height\" content=\"773\" \/>\n\t<meta property=\"og:image:type\" content=\"image\/jpeg\" \/>\n<meta name=\"twitter:card\" content=\"summary_large_image\" \/>\n<meta name=\"twitter:label1\" content=\"Dur\u00e9e de lecture estim\u00e9e\" \/>\n\t<meta name=\"twitter:data1\" content=\"1 minute\" \/>\n<script type=\"application\/ld+json\" class=\"yoast-schema-graph\">{\"@context\":\"https:\\\/\\\/schema.org\",\"@graph\":[{\"@type\":\"WebPage\",\"@id\":\"https:\\\/\\\/viba-motor.fr\\\/produit\\\/rear-turn-signal-cc18-triumph-speedtwin\\\/\",\"url\":\"https:\\\/\\\/viba-motor.fr\\\/produit\\\/rear-turn-signal-cc18-triumph-speedtwin\\\/\",\"name\":\"Turn signal CC18 Triumph SpeedTwin - Rear - VIBA\",\"isPartOf\":{\"@id\":\"https:\\\/\\\/viba-motor.fr\\\/#website\"},\"primaryImageOfPage\":{\"@id\":\"https:\\\/\\\/viba-motor.fr\\\/produit\\\/rear-turn-signal-cc18-triumph-speedtwin\\\/#primaryimage\"},\"image\":{\"@id\":\"https:\\\/\\\/viba-motor.fr\\\/produit\\\/rear-turn-signal-cc18-triumph-speedtwin\\\/#primaryimage\"},\"thumbnailUrl\":\"https:\\\/\\\/i0.wp.com\\\/viba-motor.fr\\\/wp-content\\\/uploads\\\/Rear-Blinker-Triumph_SpeedTwin_19-03.jpg?fit=3000%2C2000&ssl=1\",\"datePublished\":\"2024-03-16T15:08:21+00:00\",\"dateModified\":\"2026-03-26T17:28:31+00:00\",\"description\":\"Front LED turn signals for Triumph Speed Twin Plug n Play - Paire de clignotants LED pour Triumph Speed Twin\",\"breadcrumb\":{\"@id\":\"https:\\\/\\\/viba-motor.fr\\\/produit\\\/rear-turn-signal-cc18-triumph-speedtwin\\\/#breadcrumb\"},\"inLanguage\":\"fr-FR\",\"potentialAction\":[{\"@type\":\"ReadAction\",\"target\":[\"https:\\\/\\\/viba-motor.fr\\\/produit\\\/rear-turn-signal-cc18-triumph-speedtwin\\\/\"]}]},{\"@type\":\"ImageObject\",\"inLanguage\":\"fr-FR\",\"@id\":\"https:\\\/\\\/viba-motor.fr\\\/produit\\\/rear-turn-signal-cc18-triumph-speedtwin\\\/#primaryimage\",\"url\":\"https:\\\/\\\/i0.wp.com\\\/viba-motor.fr\\\/wp-content\\\/uploads\\\/Rear-Blinker-Triumph_SpeedTwin_19-03.jpg?fit=3000%2C2000&ssl=1\",\"contentUrl\":\"https:\\\/\\\/i0.wp.com\\\/viba-motor.fr\\\/wp-content\\\/uploads\\\/Rear-Blinker-Triumph_SpeedTwin_19-03.jpg?fit=3000%2C2000&ssl=1\",\"width\":3000,\"height\":2000,\"caption\":\"Rear Blinker Triumph SpeedTwin\"},{\"@type\":\"BreadcrumbList\",\"@id\":\"https:\\\/\\\/viba-motor.fr\\\/produit\\\/rear-turn-signal-cc18-triumph-speedtwin\\\/#breadcrumb\",\"itemListElement\":[{\"@type\":\"ListItem\",\"position\":1,\"name\":\"Accueil\",\"item\":\"https:\\\/\\\/viba-motor.fr\\\/\"},{\"@type\":\"ListItem\",\"position\":2,\"name\":\"Shop\",\"item\":\"https:\\\/\\\/viba-motor.fr\\\/\"},{\"@type\":\"ListItem\",\"position\":3,\"name\":\"Speed Twin\",\"item\":\"https:\\\/\\\/viba-motor.fr\\\/etiquette-produit\\\/speed-twin\\\/\"},{\"@type\":\"ListItem\",\"position\":4,\"name\":\"Turn signal CC18 Triumph SpeedTwin &#8211; Rear\"}]},{\"@type\":\"WebSite\",\"@id\":\"https:\\\/\\\/viba-motor.fr\\\/#website\",\"url\":\"https:\\\/\\\/viba-motor.fr\\\/\",\"name\":\"VIBA\",\"description\":\"Design Studio &amp; Creative Atelier\",\"publisher\":{\"@id\":\"https:\\\/\\\/viba-motor.fr\\\/#organization\"},\"potentialAction\":[{\"@type\":\"SearchAction\",\"target\":{\"@type\":\"EntryPoint\",\"urlTemplate\":\"https:\\\/\\\/viba-motor.fr\\\/?s={search_term_string}\"},\"query-input\":{\"@type\":\"PropertyValueSpecification\",\"valueRequired\":true,\"valueName\":\"search_term_string\"}}],\"inLanguage\":\"fr-FR\"},{\"@type\":\"Organization\",\"@id\":\"https:\\\/\\\/viba-motor.fr\\\/#organization\",\"name\":\"VIBA\",\"url\":\"https:\\\/\\\/viba-motor.fr\\\/\",\"logo\":{\"@type\":\"ImageObject\",\"inLanguage\":\"fr-FR\",\"@id\":\"https:\\\/\\\/viba-motor.fr\\\/#\\\/schema\\\/logo\\\/image\\\/\",\"url\":\"https:\\\/\\\/viba-motor.fr\\\/wp-content\\\/uploads\\\/Viba-logo.svg\",\"contentUrl\":\"https:\\\/\\\/viba-motor.fr\\\/wp-content\\\/uploads\\\/Viba-logo.svg\",\"width\":200,\"height\":50,\"caption\":\"VIBA\"},\"image\":{\"@id\":\"https:\\\/\\\/viba-motor.fr\\\/#\\\/schema\\\/logo\\\/image\\\/\"}}]}<\/script>\n<!-- \/ Yoast SEO plugin. -->","yoast_head_json":{"title":"Turn signal CC18 Triumph SpeedTwin - Rear - VIBA","description":"Front LED turn signals for Triumph Speed Twin Plug n Play - Paire de clignotants LED pour Triumph Speed Twin","robots":{"index":"index","follow":"follow","max-snippet":"max-snippet:-1","max-image-preview":"max-image-preview:large","max-video-preview":"max-video-preview:-1"},"canonical":"https:\/\/viba-motor.fr\/fr\/produit\/rear-turn-signal-cc18-triumph-speedtwin\/","og_locale":"fr_FR","og_type":"article","og_title":"Turn signal CC18 Triumph SpeedTwin - Rear - VIBA","og_description":"Front LED turn signals for Triumph Speed Twin Plug n Play - Paire de clignotants LED pour Triumph Speed Twin","og_url":"https:\/\/viba-motor.fr\/fr\/produit\/rear-turn-signal-cc18-triumph-speedtwin\/","og_site_name":"VIBA","article_modified_time":"2026-03-26T17:28:31+00:00","og_image":[{"width":1160,"height":773,"url":"https:\/\/viba-motor.fr\/wp-content\/uploads\/Rear-Blinker-Triumph_SpeedTwin_19-03-1160x773.jpg","type":"image\/jpeg"}],"twitter_card":"summary_large_image","twitter_misc":{"Dur\u00e9e de lecture estim\u00e9e":"1 minute"},"schema":{"@context":"https:\/\/schema.org","@graph":[{"@type":"WebPage","@id":"https:\/\/viba-motor.fr\/produit\/rear-turn-signal-cc18-triumph-speedtwin\/","url":"https:\/\/viba-motor.fr\/produit\/rear-turn-signal-cc18-triumph-speedtwin\/","name":"Turn signal CC18 Triumph SpeedTwin - Rear - VIBA","isPartOf":{"@id":"https:\/\/viba-motor.fr\/#website"},"primaryImageOfPage":{"@id":"https:\/\/viba-motor.fr\/produit\/rear-turn-signal-cc18-triumph-speedtwin\/#primaryimage"},"image":{"@id":"https:\/\/viba-motor.fr\/produit\/rear-turn-signal-cc18-triumph-speedtwin\/#primaryimage"},"thumbnailUrl":"https:\/\/i0.wp.com\/viba-motor.fr\/wp-content\/uploads\/Rear-Blinker-Triumph_SpeedTwin_19-03.jpg?fit=3000%2C2000&ssl=1","datePublished":"2024-03-16T15:08:21+00:00","dateModified":"2026-03-26T17:28:31+00:00","description":"Front LED turn signals for Triumph Speed Twin Plug n Play - Paire de clignotants LED pour Triumph Speed Twin","breadcrumb":{"@id":"https:\/\/viba-motor.fr\/produit\/rear-turn-signal-cc18-triumph-speedtwin\/#breadcrumb"},"inLanguage":"fr-FR","potentialAction":[{"@type":"ReadAction","target":["https:\/\/viba-motor.fr\/produit\/rear-turn-signal-cc18-triumph-speedtwin\/"]}]},{"@type":"ImageObject","inLanguage":"fr-FR","@id":"https:\/\/viba-motor.fr\/produit\/rear-turn-signal-cc18-triumph-speedtwin\/#primaryimage","url":"https:\/\/i0.wp.com\/viba-motor.fr\/wp-content\/uploads\/Rear-Blinker-Triumph_SpeedTwin_19-03.jpg?fit=3000%2C2000&ssl=1","contentUrl":"https:\/\/i0.wp.com\/viba-motor.fr\/wp-content\/uploads\/Rear-Blinker-Triumph_SpeedTwin_19-03.jpg?fit=3000%2C2000&ssl=1","width":3000,"height":2000,"caption":"Rear Blinker Triumph SpeedTwin"},{"@type":"BreadcrumbList","@id":"https:\/\/viba-motor.fr\/produit\/rear-turn-signal-cc18-triumph-speedtwin\/#breadcrumb","itemListElement":[{"@type":"ListItem","position":1,"name":"Accueil","item":"https:\/\/viba-motor.fr\/"},{"@type":"ListItem","position":2,"name":"Shop","item":"https:\/\/viba-motor.fr\/"},{"@type":"ListItem","position":3,"name":"Speed Twin","item":"https:\/\/viba-motor.fr\/etiquette-produit\/speed-twin\/"},{"@type":"ListItem","position":4,"name":"Turn signal CC18 Triumph SpeedTwin &#8211; Rear"}]},{"@type":"WebSite","@id":"https:\/\/viba-motor.fr\/#website","url":"https:\/\/viba-motor.fr\/","name":"VIBA","description":"Design Studio &amp; Creative Atelier","publisher":{"@id":"https:\/\/viba-motor.fr\/#organization"},"potentialAction":[{"@type":"SearchAction","target":{"@type":"EntryPoint","urlTemplate":"https:\/\/viba-motor.fr\/?s={search_term_string}"},"query-input":{"@type":"PropertyValueSpecification","valueRequired":true,"valueName":"search_term_string"}}],"inLanguage":"fr-FR"},{"@type":"Organization","@id":"https:\/\/viba-motor.fr\/#organization","name":"VIBA","url":"https:\/\/viba-motor.fr\/","logo":{"@type":"ImageObject","inLanguage":"fr-FR","@id":"https:\/\/viba-motor.fr\/#\/schema\/logo\/image\/","url":"https:\/\/viba-motor.fr\/wp-content\/uploads\/Viba-logo.svg","contentUrl":"https:\/\/viba-motor.fr\/wp-content\/uploads\/Viba-logo.svg","width":200,"height":50,"caption":"VIBA"},"image":{"@id":"https:\/\/viba-motor.fr\/#\/schema\/logo\/image\/"}}]}},"jetpack_sharing_enabled":true,"_links":{"self":[{"href":"https:\/\/viba-motor.fr\/fr\/wp-json\/wp\/v2\/product\/3045","targetHints":{"allow":["GET"]}}],"collection":[{"href":"https:\/\/viba-motor.fr\/fr\/wp-json\/wp\/v2\/product"}],"about":[{"href":"https:\/\/viba-motor.fr\/fr\/wp-json\/wp\/v2\/types\/product"}],"version-history":[{"count":1,"href":"https:\/\/viba-motor.fr\/fr\/wp-json\/wp\/v2\/product\/3045\/revisions"}],"predecessor-version":[{"id":3896,"href":"https:\/\/viba-motor.fr\/fr\/wp-json\/wp\/v2\/product\/3045\/revisions\/3896"}],"wp:featuredmedia":[{"embeddable":true,"href":"https:\/\/viba-motor.fr\/fr\/wp-json\/wp\/v2\/media\/791"}],"wp:attachment":[{"href":"https:\/\/viba-motor.fr\/fr\/wp-json\/wp\/v2\/media?parent=3045"}],"wp:term":[{"taxonomy":"product_brand","embeddable":true,"href":"https:\/\/viba-motor.fr\/fr\/wp-json\/wp\/v2\/product_brand?post=3045"},{"taxonomy":"product_cat","embeddable":true,"href":"https:\/\/viba-motor.fr\/fr\/wp-json\/wp\/v2\/product_cat?post=3045"},{"taxonomy":"product_tag","embeddable":true,"href":"https:\/\/viba-motor.fr\/fr\/wp-json\/wp\/v2\/product_tag?post=3045"}],"curies":[{"name":"wp","href":"https:\/\/api.w.org\/{rel}","templated":true}]}}