{"id":382,"date":"2018-11-30T11:01:36","date_gmt":"2018-11-30T10:01:36","guid":{"rendered":"http:\/\/viba-motor.fr\/?post_type=product&#038;p=382"},"modified":"2024-07-03T06:12:58","modified_gmt":"2024-07-03T04:12:58","slug":"airflow-kit-triumph-bobber-t120","status":"publish","type":"product","link":"https:\/\/viba-motor.fr\/fr\/produit\/airflow-kit-triumph-bobber-t120\/","title":{"rendered":"AirFlow kit Triumph Bobber"},"content":{"rendered":"<p>Le kit AirFlow se compose de deux pipes de haute qualit\u00e9 et deux filtres \u00e0 air SprintFilter\u00ae de pointe dot\u00e9s de propri\u00e9t\u00e9s hydrofuges, prot\u00e9geant votre moteur des \u00e9l\u00e9ments et permettant des performances optimales dans toutes les conditions.<br \/>\nL'installation est un jeu d'enfant gr\u00e2ce \u00e0 notre conception d\u00e9velopp\u00e9 sp\u00e9cifiquement. Le kit Viba AirFlow sera parfaitement int\u00e9gr\u00e9 \u00e0 votre Bobber sans aucune modification irr\u00e9versible. Gr\u00e2ce au logiciel moteur avanc\u00e9 \u00ab d'auto-apprentissage \u00bb de votre Triumph Bobber 2017+, vous n'avez pas besoin de modifier le mapping.<\/p>","protected":false},"excerpt":{"rendered":"<p>Am\u00e9liorez le style et les performances avec cette paire de pipes et de filtres \u00e0 air hydrofuges. Installation facile, aucune modification. Compatible avec le logiciel moteur, garantissant des performances optimales.<br \/>\nCon\u00e7u pour \u00eatre mont\u00e9 sur Triumph Bobber 2017+.<\/p>","protected":false},"featured_media":418,"template":"","meta":{"_acf_changed":false,"inline_featured_image":false},"product_brand":[],"product_cat":[43,24],"product_tag":[48],"class_list":{"0":"post-382","1":"product","2":"type-product","3":"status-publish","4":"has-post-thumbnail","6":"product_cat-bobber","7":"product_cat-triumph","8":"product_tag-bobber","10":"first","11":"outofstock","12":"taxable","13":"shipping-taxable","14":"purchasable","15":"product-type-simple"},"acf":[],"yoast_head":"<!-- This site is optimized with the Yoast SEO plugin v27.3 - https:\/\/yoast.com\/product\/yoast-seo-wordpress\/ -->\n<title>VIBA - Shop - AirFlow kit Triumph Bobber<\/title>\n<meta name=\"description\" content=\"AirFlow kit for Triumph Bonneville Bobber T120 \/ Kit pipes d&#039;amission d&#039;air pour Triumph Bobber T120\" \/>\n<meta name=\"robots\" content=\"index, follow, max-snippet:-1, max-image-preview:large, max-video-preview:-1\" \/>\n<link rel=\"canonical\" href=\"https:\/\/viba-motor.fr\/fr\/produit\/airflow-kit-triumph-bobber-t120\/\" \/>\n<meta property=\"og:locale\" content=\"fr_FR\" \/>\n<meta property=\"og:type\" content=\"article\" \/>\n<meta property=\"og:title\" content=\"VIBA - Shop - AirFlow kit Triumph Bobber\" \/>\n<meta property=\"og:description\" content=\"AirFlow kit for Triumph Bonneville Bobber T120 \/ Kit pipes d&#039;amission d&#039;air pour Triumph Bobber T120\" \/>\n<meta property=\"og:url\" content=\"https:\/\/viba-motor.fr\/fr\/produit\/airflow-kit-triumph-bobber-t120\/\" \/>\n<meta property=\"og:site_name\" content=\"VIBA\" \/>\n<meta property=\"article:modified_time\" content=\"2024-07-03T04:12:58+00:00\" \/>\n<meta property=\"og:image\" content=\"https:\/\/viba-motor.fr\/wp-content\/uploads\/AirFlow-kit-Triumph-Bobber-by-VIBA_01.jpg\" \/>\n\t<meta property=\"og:image:width\" content=\"1600\" \/>\n\t<meta property=\"og:image:height\" content=\"1067\" \/>\n\t<meta property=\"og:image:type\" content=\"image\/jpeg\" \/>\n<meta name=\"twitter:card\" content=\"summary_large_image\" \/>\n<meta name=\"twitter:label1\" content=\"Dur\u00e9e de lecture estim\u00e9e\" \/>\n\t<meta name=\"twitter:data1\" content=\"1 minute\" \/>\n<script type=\"application\/ld+json\" class=\"yoast-schema-graph\">{\"@context\":\"https:\\\/\\\/schema.org\",\"@graph\":[{\"@type\":\"WebPage\",\"@id\":\"https:\\\/\\\/viba-motor.fr\\\/produit\\\/airflow-kit-triumph-bobber-t120\\\/\",\"url\":\"https:\\\/\\\/viba-motor.fr\\\/produit\\\/airflow-kit-triumph-bobber-t120\\\/\",\"name\":\"VIBA - Shop - AirFlow kit Triumph Bobber\",\"isPartOf\":{\"@id\":\"https:\\\/\\\/viba-motor.fr\\\/#website\"},\"primaryImageOfPage\":{\"@id\":\"https:\\\/\\\/viba-motor.fr\\\/produit\\\/airflow-kit-triumph-bobber-t120\\\/#primaryimage\"},\"image\":{\"@id\":\"https:\\\/\\\/viba-motor.fr\\\/produit\\\/airflow-kit-triumph-bobber-t120\\\/#primaryimage\"},\"thumbnailUrl\":\"https:\\\/\\\/i0.wp.com\\\/viba-motor.fr\\\/wp-content\\\/uploads\\\/AirFlow-kit-Triumph-Bobber-by-VIBA_01.jpg?fit=1600%2C1067&ssl=1\",\"datePublished\":\"2018-11-30T10:01:36+00:00\",\"dateModified\":\"2024-07-03T04:12:58+00:00\",\"description\":\"AirFlow kit for Triumph Bonneville Bobber T120 \\\/ Kit pipes d'amission d'air pour Triumph Bobber T120\",\"breadcrumb\":{\"@id\":\"https:\\\/\\\/viba-motor.fr\\\/produit\\\/airflow-kit-triumph-bobber-t120\\\/#breadcrumb\"},\"inLanguage\":\"fr-FR\",\"potentialAction\":[{\"@type\":\"ReadAction\",\"target\":[\"https:\\\/\\\/viba-motor.fr\\\/produit\\\/airflow-kit-triumph-bobber-t120\\\/\"]}]},{\"@type\":\"ImageObject\",\"inLanguage\":\"fr-FR\",\"@id\":\"https:\\\/\\\/viba-motor.fr\\\/produit\\\/airflow-kit-triumph-bobber-t120\\\/#primaryimage\",\"url\":\"https:\\\/\\\/i0.wp.com\\\/viba-motor.fr\\\/wp-content\\\/uploads\\\/AirFlow-kit-Triumph-Bobber-by-VIBA_01.jpg?fit=1600%2C1067&ssl=1\",\"contentUrl\":\"https:\\\/\\\/i0.wp.com\\\/viba-motor.fr\\\/wp-content\\\/uploads\\\/AirFlow-kit-Triumph-Bobber-by-VIBA_01.jpg?fit=1600%2C1067&ssl=1\",\"width\":1600,\"height\":1067},{\"@type\":\"BreadcrumbList\",\"@id\":\"https:\\\/\\\/viba-motor.fr\\\/produit\\\/airflow-kit-triumph-bobber-t120\\\/#breadcrumb\",\"itemListElement\":[{\"@type\":\"ListItem\",\"position\":1,\"name\":\"Accueil\",\"item\":\"https:\\\/\\\/viba-motor.fr\\\/\"},{\"@type\":\"ListItem\",\"position\":2,\"name\":\"Shop\",\"item\":\"https:\\\/\\\/viba-motor.fr\\\/\"},{\"@type\":\"ListItem\",\"position\":3,\"name\":\"Bobber\",\"item\":\"https:\\\/\\\/viba-motor.fr\\\/etiquette-produit\\\/bobber\\\/\"},{\"@type\":\"ListItem\",\"position\":4,\"name\":\"AirFlow kit Triumph Bobber\"}]},{\"@type\":\"WebSite\",\"@id\":\"https:\\\/\\\/viba-motor.fr\\\/#website\",\"url\":\"https:\\\/\\\/viba-motor.fr\\\/\",\"name\":\"VIBA\",\"description\":\"Design Studio &amp; Creative Atelier\",\"publisher\":{\"@id\":\"https:\\\/\\\/viba-motor.fr\\\/#organization\"},\"potentialAction\":[{\"@type\":\"SearchAction\",\"target\":{\"@type\":\"EntryPoint\",\"urlTemplate\":\"https:\\\/\\\/viba-motor.fr\\\/?s={search_term_string}\"},\"query-input\":{\"@type\":\"PropertyValueSpecification\",\"valueRequired\":true,\"valueName\":\"search_term_string\"}}],\"inLanguage\":\"fr-FR\"},{\"@type\":\"Organization\",\"@id\":\"https:\\\/\\\/viba-motor.fr\\\/#organization\",\"name\":\"VIBA\",\"url\":\"https:\\\/\\\/viba-motor.fr\\\/\",\"logo\":{\"@type\":\"ImageObject\",\"inLanguage\":\"fr-FR\",\"@id\":\"https:\\\/\\\/viba-motor.fr\\\/#\\\/schema\\\/logo\\\/image\\\/\",\"url\":\"https:\\\/\\\/viba-motor.fr\\\/wp-content\\\/uploads\\\/Viba-logo.svg\",\"contentUrl\":\"https:\\\/\\\/viba-motor.fr\\\/wp-content\\\/uploads\\\/Viba-logo.svg\",\"width\":200,\"height\":50,\"caption\":\"VIBA\"},\"image\":{\"@id\":\"https:\\\/\\\/viba-motor.fr\\\/#\\\/schema\\\/logo\\\/image\\\/\"}}]}<\/script>\n<!-- \/ Yoast SEO plugin. -->","yoast_head_json":{"title":"VIBA - Shop - AirFlow kit Triumph Bobber","description":"AirFlow kit for Triumph Bonneville Bobber T120 \/ Kit pipes d'amission d'air pour Triumph Bobber T120","robots":{"index":"index","follow":"follow","max-snippet":"max-snippet:-1","max-image-preview":"max-image-preview:large","max-video-preview":"max-video-preview:-1"},"canonical":"https:\/\/viba-motor.fr\/fr\/produit\/airflow-kit-triumph-bobber-t120\/","og_locale":"fr_FR","og_type":"article","og_title":"VIBA - Shop - AirFlow kit Triumph Bobber","og_description":"AirFlow kit for Triumph Bonneville Bobber T120 \/ Kit pipes d'amission d'air pour Triumph Bobber T120","og_url":"https:\/\/viba-motor.fr\/fr\/produit\/airflow-kit-triumph-bobber-t120\/","og_site_name":"VIBA","article_modified_time":"2024-07-03T04:12:58+00:00","og_image":[{"width":1600,"height":1067,"url":"https:\/\/viba-motor.fr\/wp-content\/uploads\/AirFlow-kit-Triumph-Bobber-by-VIBA_01.jpg","type":"image\/jpeg"}],"twitter_card":"summary_large_image","twitter_misc":{"Dur\u00e9e de lecture estim\u00e9e":"1 minute"},"schema":{"@context":"https:\/\/schema.org","@graph":[{"@type":"WebPage","@id":"https:\/\/viba-motor.fr\/produit\/airflow-kit-triumph-bobber-t120\/","url":"https:\/\/viba-motor.fr\/produit\/airflow-kit-triumph-bobber-t120\/","name":"VIBA - Shop - AirFlow kit Triumph Bobber","isPartOf":{"@id":"https:\/\/viba-motor.fr\/#website"},"primaryImageOfPage":{"@id":"https:\/\/viba-motor.fr\/produit\/airflow-kit-triumph-bobber-t120\/#primaryimage"},"image":{"@id":"https:\/\/viba-motor.fr\/produit\/airflow-kit-triumph-bobber-t120\/#primaryimage"},"thumbnailUrl":"https:\/\/i0.wp.com\/viba-motor.fr\/wp-content\/uploads\/AirFlow-kit-Triumph-Bobber-by-VIBA_01.jpg?fit=1600%2C1067&ssl=1","datePublished":"2018-11-30T10:01:36+00:00","dateModified":"2024-07-03T04:12:58+00:00","description":"AirFlow kit for Triumph Bonneville Bobber T120 \/ Kit pipes d'amission d'air pour Triumph Bobber T120","breadcrumb":{"@id":"https:\/\/viba-motor.fr\/produit\/airflow-kit-triumph-bobber-t120\/#breadcrumb"},"inLanguage":"fr-FR","potentialAction":[{"@type":"ReadAction","target":["https:\/\/viba-motor.fr\/produit\/airflow-kit-triumph-bobber-t120\/"]}]},{"@type":"ImageObject","inLanguage":"fr-FR","@id":"https:\/\/viba-motor.fr\/produit\/airflow-kit-triumph-bobber-t120\/#primaryimage","url":"https:\/\/i0.wp.com\/viba-motor.fr\/wp-content\/uploads\/AirFlow-kit-Triumph-Bobber-by-VIBA_01.jpg?fit=1600%2C1067&ssl=1","contentUrl":"https:\/\/i0.wp.com\/viba-motor.fr\/wp-content\/uploads\/AirFlow-kit-Triumph-Bobber-by-VIBA_01.jpg?fit=1600%2C1067&ssl=1","width":1600,"height":1067},{"@type":"BreadcrumbList","@id":"https:\/\/viba-motor.fr\/produit\/airflow-kit-triumph-bobber-t120\/#breadcrumb","itemListElement":[{"@type":"ListItem","position":1,"name":"Accueil","item":"https:\/\/viba-motor.fr\/"},{"@type":"ListItem","position":2,"name":"Shop","item":"https:\/\/viba-motor.fr\/"},{"@type":"ListItem","position":3,"name":"Bobber","item":"https:\/\/viba-motor.fr\/etiquette-produit\/bobber\/"},{"@type":"ListItem","position":4,"name":"AirFlow kit Triumph Bobber"}]},{"@type":"WebSite","@id":"https:\/\/viba-motor.fr\/#website","url":"https:\/\/viba-motor.fr\/","name":"VIBA","description":"Design Studio &amp; Creative Atelier","publisher":{"@id":"https:\/\/viba-motor.fr\/#organization"},"potentialAction":[{"@type":"SearchAction","target":{"@type":"EntryPoint","urlTemplate":"https:\/\/viba-motor.fr\/?s={search_term_string}"},"query-input":{"@type":"PropertyValueSpecification","valueRequired":true,"valueName":"search_term_string"}}],"inLanguage":"fr-FR"},{"@type":"Organization","@id":"https:\/\/viba-motor.fr\/#organization","name":"VIBA","url":"https:\/\/viba-motor.fr\/","logo":{"@type":"ImageObject","inLanguage":"fr-FR","@id":"https:\/\/viba-motor.fr\/#\/schema\/logo\/image\/","url":"https:\/\/viba-motor.fr\/wp-content\/uploads\/Viba-logo.svg","contentUrl":"https:\/\/viba-motor.fr\/wp-content\/uploads\/Viba-logo.svg","width":200,"height":50,"caption":"VIBA"},"image":{"@id":"https:\/\/viba-motor.fr\/#\/schema\/logo\/image\/"}}]}},"jetpack_sharing_enabled":true,"_links":{"self":[{"href":"https:\/\/viba-motor.fr\/fr\/wp-json\/wp\/v2\/product\/382","targetHints":{"allow":["GET"]}}],"collection":[{"href":"https:\/\/viba-motor.fr\/fr\/wp-json\/wp\/v2\/product"}],"about":[{"href":"https:\/\/viba-motor.fr\/fr\/wp-json\/wp\/v2\/types\/product"}],"version-history":[{"count":0,"href":"https:\/\/viba-motor.fr\/fr\/wp-json\/wp\/v2\/product\/382\/revisions"}],"wp:featuredmedia":[{"embeddable":true,"href":"https:\/\/viba-motor.fr\/fr\/wp-json\/wp\/v2\/media\/418"}],"wp:attachment":[{"href":"https:\/\/viba-motor.fr\/fr\/wp-json\/wp\/v2\/media?parent=382"}],"wp:term":[{"taxonomy":"product_brand","embeddable":true,"href":"https:\/\/viba-motor.fr\/fr\/wp-json\/wp\/v2\/product_brand?post=382"},{"taxonomy":"product_cat","embeddable":true,"href":"https:\/\/viba-motor.fr\/fr\/wp-json\/wp\/v2\/product_cat?post=382"},{"taxonomy":"product_tag","embeddable":true,"href":"https:\/\/viba-motor.fr\/fr\/wp-json\/wp\/v2\/product_tag?post=382"}],"curies":[{"name":"wp","href":"https:\/\/api.w.org\/{rel}","templated":true}]}}