{"id":416,"date":"2018-11-30T15:39:58","date_gmt":"2018-11-30T14:39:58","guid":{"rendered":"https:\/\/viba-motor.fr\/?post_type=product&#038;p=416"},"modified":"2026-03-25T09:33:49","modified_gmt":"2026-03-25T08:33:49","slug":"wiring-harness-cover-triumph-bobber-t120","status":"publish","type":"product","link":"https:\/\/viba-motor.fr\/fr\/produit\/wiring-harness-cover-triumph-bobber-t120\/","title":{"rendered":"Wiring Harness Cover Triumph Bobber"},"content":{"rendered":"<p>Con\u00e7u sp\u00e9cifiquement pour Triumph Bobber, notre cache-faisceau dissimule parfaitement les fils une fois la bo\u00eete \u00e0 air retir\u00e9e. Compos\u00e9 de trois parties pour garantir un assemblage facile, il est livr\u00e9 avec 4 vis en aluminium noir et 2 \u00e9crous pour une finition soign\u00e9e et un maintien s\u00e9curis\u00e9. Pas besoin de vous soucier d'installations ou de modifications compliqu\u00e9es, notre cache-c\u00e2bles Viba est con\u00e7u pour un montage sans tracas sur votre Triumph Bobber 2017+. Dites adieu aux fils disgracieux qui encombrent le profil \u00e9l\u00e9gant de votre moto et bonjour \u00e0 un look \u00e9pur\u00e9 et soign\u00e9.<\/p>","protected":false},"excerpt":{"rendered":"<p>Cache recouvrant les fils une fois la bo\u00eete \u00e0 air retir\u00e9e. Permet un acc\u00e8s rapide aux fusibles.<br \/>\nCon\u00e7u pour \u00eatre mont\u00e9 et connect\u00e9 directement et facilement sur Triumph Bobber 2017+.<\/p>","protected":false},"featured_media":424,"template":"","meta":{"_acf_changed":false,"inline_featured_image":false},"product_brand":[],"product_cat":[43,24],"product_tag":[48],"class_list":{"0":"post-416","1":"product","2":"type-product","3":"status-publish","4":"has-post-thumbnail","6":"product_cat-bobber","7":"product_cat-triumph","8":"product_tag-bobber","10":"first","11":"instock","12":"taxable","13":"shipping-taxable","14":"purchasable","15":"product-type-simple"},"acf":[],"yoast_head":"<!-- This site is optimized with the Yoast SEO plugin v27.3 - https:\/\/yoast.com\/product\/yoast-seo-wordpress\/ -->\n<title>Wiring Harness Cover Triumph Bobber - VIBA<\/title>\n<meta name=\"description\" content=\"Wiring Harness Cover for Triumph Bonneville Bobber T120 \/ Cache faisceau \u00e9lectrique pour Triumph Bonneville Bobber T120\" \/>\n<meta name=\"robots\" content=\"index, follow, max-snippet:-1, max-image-preview:large, max-video-preview:-1\" \/>\n<link rel=\"canonical\" href=\"https:\/\/viba-motor.fr\/fr\/produit\/wiring-harness-cover-triumph-bobber-t120\/\" \/>\n<meta property=\"og:locale\" content=\"fr_FR\" \/>\n<meta property=\"og:type\" content=\"article\" \/>\n<meta property=\"og:title\" content=\"Wiring Harness Cover Triumph Bobber - VIBA\" \/>\n<meta property=\"og:description\" content=\"Wiring Harness Cover for Triumph Bonneville Bobber T120 \/ Cache faisceau \u00e9lectrique pour Triumph Bonneville Bobber T120\" \/>\n<meta property=\"og:url\" content=\"https:\/\/viba-motor.fr\/fr\/produit\/wiring-harness-cover-triumph-bobber-t120\/\" \/>\n<meta property=\"og:site_name\" content=\"VIBA\" \/>\n<meta property=\"article:modified_time\" content=\"2026-03-25T08:33:49+00:00\" \/>\n<meta property=\"og:image\" content=\"https:\/\/i0.wp.com\/viba-motor.fr\/wp-content\/uploads\/Wiring-Harness-Cover-Triumph-Bobber-by-VIBA_01.jpg?fit=1600%2C1067&ssl=1\" \/>\n\t<meta property=\"og:image:width\" content=\"1600\" \/>\n\t<meta property=\"og:image:height\" content=\"1067\" \/>\n\t<meta property=\"og:image:type\" content=\"image\/jpeg\" \/>\n<meta name=\"twitter:card\" content=\"summary_large_image\" \/>\n<meta name=\"twitter:label1\" content=\"Dur\u00e9e de lecture estim\u00e9e\" \/>\n\t<meta name=\"twitter:data1\" content=\"1 minute\" \/>\n<script type=\"application\/ld+json\" class=\"yoast-schema-graph\">{\"@context\":\"https:\\\/\\\/schema.org\",\"@graph\":[{\"@type\":\"WebPage\",\"@id\":\"https:\\\/\\\/viba-motor.fr\\\/produit\\\/wiring-harness-cover-triumph-bobber-t120\\\/\",\"url\":\"https:\\\/\\\/viba-motor.fr\\\/produit\\\/wiring-harness-cover-triumph-bobber-t120\\\/\",\"name\":\"Wiring Harness Cover Triumph Bobber - VIBA\",\"isPartOf\":{\"@id\":\"https:\\\/\\\/viba-motor.fr\\\/#website\"},\"primaryImageOfPage\":{\"@id\":\"https:\\\/\\\/viba-motor.fr\\\/produit\\\/wiring-harness-cover-triumph-bobber-t120\\\/#primaryimage\"},\"image\":{\"@id\":\"https:\\\/\\\/viba-motor.fr\\\/produit\\\/wiring-harness-cover-triumph-bobber-t120\\\/#primaryimage\"},\"thumbnailUrl\":\"https:\\\/\\\/i0.wp.com\\\/viba-motor.fr\\\/wp-content\\\/uploads\\\/Wiring-Harness-Cover-Triumph-Bobber-by-VIBA_01.jpg?fit=1600%2C1067&ssl=1\",\"datePublished\":\"2018-11-30T14:39:58+00:00\",\"dateModified\":\"2026-03-25T08:33:49+00:00\",\"description\":\"Wiring Harness Cover for Triumph Bonneville Bobber T120 \\\/ Cache faisceau \u00e9lectrique pour Triumph Bonneville Bobber T120\",\"breadcrumb\":{\"@id\":\"https:\\\/\\\/viba-motor.fr\\\/produit\\\/wiring-harness-cover-triumph-bobber-t120\\\/#breadcrumb\"},\"inLanguage\":\"fr-FR\",\"potentialAction\":[{\"@type\":\"ReadAction\",\"target\":[\"https:\\\/\\\/viba-motor.fr\\\/produit\\\/wiring-harness-cover-triumph-bobber-t120\\\/\"]}]},{\"@type\":\"ImageObject\",\"inLanguage\":\"fr-FR\",\"@id\":\"https:\\\/\\\/viba-motor.fr\\\/produit\\\/wiring-harness-cover-triumph-bobber-t120\\\/#primaryimage\",\"url\":\"https:\\\/\\\/i0.wp.com\\\/viba-motor.fr\\\/wp-content\\\/uploads\\\/Wiring-Harness-Cover-Triumph-Bobber-by-VIBA_01.jpg?fit=1600%2C1067&ssl=1\",\"contentUrl\":\"https:\\\/\\\/i0.wp.com\\\/viba-motor.fr\\\/wp-content\\\/uploads\\\/Wiring-Harness-Cover-Triumph-Bobber-by-VIBA_01.jpg?fit=1600%2C1067&ssl=1\",\"width\":1600,\"height\":1067},{\"@type\":\"BreadcrumbList\",\"@id\":\"https:\\\/\\\/viba-motor.fr\\\/produit\\\/wiring-harness-cover-triumph-bobber-t120\\\/#breadcrumb\",\"itemListElement\":[{\"@type\":\"ListItem\",\"position\":1,\"name\":\"Accueil\",\"item\":\"https:\\\/\\\/viba-motor.fr\\\/\"},{\"@type\":\"ListItem\",\"position\":2,\"name\":\"Shop\",\"item\":\"https:\\\/\\\/viba-motor.fr\\\/\"},{\"@type\":\"ListItem\",\"position\":3,\"name\":\"Bobber\",\"item\":\"https:\\\/\\\/viba-motor.fr\\\/etiquette-produit\\\/bobber\\\/\"},{\"@type\":\"ListItem\",\"position\":4,\"name\":\"Wiring Harness Cover Triumph Bobber\"}]},{\"@type\":\"WebSite\",\"@id\":\"https:\\\/\\\/viba-motor.fr\\\/#website\",\"url\":\"https:\\\/\\\/viba-motor.fr\\\/\",\"name\":\"VIBA\",\"description\":\"Design Studio &amp; Creative Atelier\",\"publisher\":{\"@id\":\"https:\\\/\\\/viba-motor.fr\\\/#organization\"},\"potentialAction\":[{\"@type\":\"SearchAction\",\"target\":{\"@type\":\"EntryPoint\",\"urlTemplate\":\"https:\\\/\\\/viba-motor.fr\\\/?s={search_term_string}\"},\"query-input\":{\"@type\":\"PropertyValueSpecification\",\"valueRequired\":true,\"valueName\":\"search_term_string\"}}],\"inLanguage\":\"fr-FR\"},{\"@type\":\"Organization\",\"@id\":\"https:\\\/\\\/viba-motor.fr\\\/#organization\",\"name\":\"VIBA\",\"url\":\"https:\\\/\\\/viba-motor.fr\\\/\",\"logo\":{\"@type\":\"ImageObject\",\"inLanguage\":\"fr-FR\",\"@id\":\"https:\\\/\\\/viba-motor.fr\\\/#\\\/schema\\\/logo\\\/image\\\/\",\"url\":\"https:\\\/\\\/viba-motor.fr\\\/wp-content\\\/uploads\\\/Viba-logo.svg\",\"contentUrl\":\"https:\\\/\\\/viba-motor.fr\\\/wp-content\\\/uploads\\\/Viba-logo.svg\",\"width\":200,\"height\":50,\"caption\":\"VIBA\"},\"image\":{\"@id\":\"https:\\\/\\\/viba-motor.fr\\\/#\\\/schema\\\/logo\\\/image\\\/\"}}]}<\/script>\n<!-- \/ Yoast SEO plugin. -->","yoast_head_json":{"title":"Wiring Harness Cover Triumph Bobber - VIBA","description":"Wiring Harness Cover for Triumph Bonneville Bobber T120 \/ Cache faisceau \u00e9lectrique pour Triumph Bonneville Bobber T120","robots":{"index":"index","follow":"follow","max-snippet":"max-snippet:-1","max-image-preview":"max-image-preview:large","max-video-preview":"max-video-preview:-1"},"canonical":"https:\/\/viba-motor.fr\/fr\/produit\/wiring-harness-cover-triumph-bobber-t120\/","og_locale":"fr_FR","og_type":"article","og_title":"Wiring Harness Cover Triumph Bobber - VIBA","og_description":"Wiring Harness Cover for Triumph Bonneville Bobber T120 \/ Cache faisceau \u00e9lectrique pour Triumph Bonneville Bobber T120","og_url":"https:\/\/viba-motor.fr\/fr\/produit\/wiring-harness-cover-triumph-bobber-t120\/","og_site_name":"VIBA","article_modified_time":"2026-03-25T08:33:49+00:00","og_image":[{"width":1600,"height":1067,"url":"https:\/\/i0.wp.com\/viba-motor.fr\/wp-content\/uploads\/Wiring-Harness-Cover-Triumph-Bobber-by-VIBA_01.jpg?fit=1600%2C1067&ssl=1","type":"image\/jpeg"}],"twitter_card":"summary_large_image","twitter_misc":{"Dur\u00e9e de lecture estim\u00e9e":"1 minute"},"schema":{"@context":"https:\/\/schema.org","@graph":[{"@type":"WebPage","@id":"https:\/\/viba-motor.fr\/produit\/wiring-harness-cover-triumph-bobber-t120\/","url":"https:\/\/viba-motor.fr\/produit\/wiring-harness-cover-triumph-bobber-t120\/","name":"Wiring Harness Cover Triumph Bobber - VIBA","isPartOf":{"@id":"https:\/\/viba-motor.fr\/#website"},"primaryImageOfPage":{"@id":"https:\/\/viba-motor.fr\/produit\/wiring-harness-cover-triumph-bobber-t120\/#primaryimage"},"image":{"@id":"https:\/\/viba-motor.fr\/produit\/wiring-harness-cover-triumph-bobber-t120\/#primaryimage"},"thumbnailUrl":"https:\/\/i0.wp.com\/viba-motor.fr\/wp-content\/uploads\/Wiring-Harness-Cover-Triumph-Bobber-by-VIBA_01.jpg?fit=1600%2C1067&ssl=1","datePublished":"2018-11-30T14:39:58+00:00","dateModified":"2026-03-25T08:33:49+00:00","description":"Wiring Harness Cover for Triumph Bonneville Bobber T120 \/ Cache faisceau \u00e9lectrique pour Triumph Bonneville Bobber T120","breadcrumb":{"@id":"https:\/\/viba-motor.fr\/produit\/wiring-harness-cover-triumph-bobber-t120\/#breadcrumb"},"inLanguage":"fr-FR","potentialAction":[{"@type":"ReadAction","target":["https:\/\/viba-motor.fr\/produit\/wiring-harness-cover-triumph-bobber-t120\/"]}]},{"@type":"ImageObject","inLanguage":"fr-FR","@id":"https:\/\/viba-motor.fr\/produit\/wiring-harness-cover-triumph-bobber-t120\/#primaryimage","url":"https:\/\/i0.wp.com\/viba-motor.fr\/wp-content\/uploads\/Wiring-Harness-Cover-Triumph-Bobber-by-VIBA_01.jpg?fit=1600%2C1067&ssl=1","contentUrl":"https:\/\/i0.wp.com\/viba-motor.fr\/wp-content\/uploads\/Wiring-Harness-Cover-Triumph-Bobber-by-VIBA_01.jpg?fit=1600%2C1067&ssl=1","width":1600,"height":1067},{"@type":"BreadcrumbList","@id":"https:\/\/viba-motor.fr\/produit\/wiring-harness-cover-triumph-bobber-t120\/#breadcrumb","itemListElement":[{"@type":"ListItem","position":1,"name":"Accueil","item":"https:\/\/viba-motor.fr\/"},{"@type":"ListItem","position":2,"name":"Shop","item":"https:\/\/viba-motor.fr\/"},{"@type":"ListItem","position":3,"name":"Bobber","item":"https:\/\/viba-motor.fr\/etiquette-produit\/bobber\/"},{"@type":"ListItem","position":4,"name":"Wiring Harness Cover Triumph Bobber"}]},{"@type":"WebSite","@id":"https:\/\/viba-motor.fr\/#website","url":"https:\/\/viba-motor.fr\/","name":"VIBA","description":"Design Studio &amp; Creative Atelier","publisher":{"@id":"https:\/\/viba-motor.fr\/#organization"},"potentialAction":[{"@type":"SearchAction","target":{"@type":"EntryPoint","urlTemplate":"https:\/\/viba-motor.fr\/?s={search_term_string}"},"query-input":{"@type":"PropertyValueSpecification","valueRequired":true,"valueName":"search_term_string"}}],"inLanguage":"fr-FR"},{"@type":"Organization","@id":"https:\/\/viba-motor.fr\/#organization","name":"VIBA","url":"https:\/\/viba-motor.fr\/","logo":{"@type":"ImageObject","inLanguage":"fr-FR","@id":"https:\/\/viba-motor.fr\/#\/schema\/logo\/image\/","url":"https:\/\/viba-motor.fr\/wp-content\/uploads\/Viba-logo.svg","contentUrl":"https:\/\/viba-motor.fr\/wp-content\/uploads\/Viba-logo.svg","width":200,"height":50,"caption":"VIBA"},"image":{"@id":"https:\/\/viba-motor.fr\/#\/schema\/logo\/image\/"}}]}},"jetpack_sharing_enabled":true,"_links":{"self":[{"href":"https:\/\/viba-motor.fr\/fr\/wp-json\/wp\/v2\/product\/416","targetHints":{"allow":["GET"]}}],"collection":[{"href":"https:\/\/viba-motor.fr\/fr\/wp-json\/wp\/v2\/product"}],"about":[{"href":"https:\/\/viba-motor.fr\/fr\/wp-json\/wp\/v2\/types\/product"}],"version-history":[{"count":1,"href":"https:\/\/viba-motor.fr\/fr\/wp-json\/wp\/v2\/product\/416\/revisions"}],"predecessor-version":[{"id":3817,"href":"https:\/\/viba-motor.fr\/fr\/wp-json\/wp\/v2\/product\/416\/revisions\/3817"}],"wp:featuredmedia":[{"embeddable":true,"href":"https:\/\/viba-motor.fr\/fr\/wp-json\/wp\/v2\/media\/424"}],"wp:attachment":[{"href":"https:\/\/viba-motor.fr\/fr\/wp-json\/wp\/v2\/media?parent=416"}],"wp:term":[{"taxonomy":"product_brand","embeddable":true,"href":"https:\/\/viba-motor.fr\/fr\/wp-json\/wp\/v2\/product_brand?post=416"},{"taxonomy":"product_cat","embeddable":true,"href":"https:\/\/viba-motor.fr\/fr\/wp-json\/wp\/v2\/product_cat?post=416"},{"taxonomy":"product_tag","embeddable":true,"href":"https:\/\/viba-motor.fr\/fr\/wp-json\/wp\/v2\/product_tag?post=416"}],"curies":[{"name":"wp","href":"https:\/\/api.w.org\/{rel}","templated":true}]}}