{"id":725,"date":"2019-02-14T19:25:26","date_gmt":"2019-02-14T18:25:26","guid":{"rendered":"https:\/\/viba-motor.fr\/?post_type=product&#038;p=725"},"modified":"2025-11-02T20:19:08","modified_gmt":"2025-11-02T19:19:08","slug":"led-tail-light-with-mounting-bracket-honda-monkey-125","status":"publish","type":"product","link":"https:\/\/viba-motor.fr\/fr\/produit\/led-tail-light-with-mounting-bracket-honda-monkey-125\/","title":{"rendered":"Tail light SP40 Honda Monkey125"},"content":{"rendered":"<p>Vous recevrez un feu arri\u00e8re con\u00e7u et assembl\u00e9 \u00e0 la main en France. Fabriqu\u00e9 avec un bloc LED de 40 mm de largeur, il est enti\u00e8rement plug &amp; play, avec des fils de la bonne longueur et un connecteur de type origine. Compatible avec les mod\u00e8les Honda Monkey 125 \u00e0 partir de 2018, notre feu arri\u00e8re Viba SP40 est sp\u00e9cialement con\u00e7u pour s'ajuster avec pr\u00e9cision sur le garde-boue arri\u00e8re d'origine du Monkey 125. Dites adieu aux installations compliqu\u00e9es et bonjour au look minimaliste.<\/p>","protected":false},"excerpt":{"rendered":"<p>Feu arri\u00e8re LED plug &amp; play avec connecteur de type origine et vis de montage.<br \/>\nCon\u00e7u pour \u00eatre mont\u00e9 et connect\u00e9 directement et facilement sur Honda Monkey 125 2018+<\/p>","protected":false},"featured_media":770,"template":"","meta":{"_acf_changed":false,"inline_featured_image":false},"product_brand":[],"product_cat":[25,67],"product_tag":[56],"class_list":{"0":"post-725","1":"product","2":"type-product","3":"status-publish","4":"has-post-thumbnail","6":"product_cat-honda","7":"product_cat-monkey-125","8":"product_tag-monkey-125","10":"first","11":"instock","12":"taxable","13":"shipping-taxable","14":"purchasable","15":"product-type-simple"},"acf":[],"yoast_head":"<!-- This site is optimized with the Yoast SEO plugin v27.3 - https:\/\/yoast.com\/product\/yoast-seo-wordpress\/ -->\n<title>VIBA - Shop - Tail light SP40 Honda Monkey125<\/title>\n<meta name=\"description\" content=\"LED Tail Light with mounting bracket Honda Monkey 125 \/ Feu arri\u00e8re LED avec boitier pour Honda Monkey 125\" \/>\n<meta name=\"robots\" content=\"index, follow, max-snippet:-1, max-image-preview:large, max-video-preview:-1\" \/>\n<link rel=\"canonical\" href=\"https:\/\/viba-motor.fr\/fr\/produit\/led-tail-light-with-mounting-bracket-honda-monkey-125\/\" \/>\n<meta property=\"og:locale\" content=\"fr_FR\" \/>\n<meta property=\"og:type\" content=\"article\" \/>\n<meta property=\"og:title\" content=\"VIBA - Shop - Tail light SP40 Honda Monkey125\" \/>\n<meta property=\"og:description\" content=\"LED Tail Light with mounting bracket Honda Monkey 125 \/ Feu arri\u00e8re LED avec boitier pour Honda Monkey 125\" \/>\n<meta property=\"og:url\" content=\"https:\/\/viba-motor.fr\/fr\/produit\/led-tail-light-with-mounting-bracket-honda-monkey-125\/\" \/>\n<meta property=\"og:site_name\" content=\"VIBA\" \/>\n<meta property=\"article:modified_time\" content=\"2025-11-02T19:19:08+00:00\" \/>\n<meta property=\"og:image\" content=\"https:\/\/viba-motor.fr\/wp-content\/uploads\/rear-light-Honda-Monkey_04-scaled.jpg\" \/>\n\t<meta property=\"og:image:width\" content=\"2560\" \/>\n\t<meta property=\"og:image:height\" content=\"1707\" \/>\n\t<meta property=\"og:image:type\" content=\"image\/jpeg\" \/>\n<meta name=\"twitter:card\" content=\"summary_large_image\" \/>\n<meta name=\"twitter:label1\" content=\"Dur\u00e9e de lecture estim\u00e9e\" \/>\n\t<meta name=\"twitter:data1\" content=\"1 minute\" \/>\n<script type=\"application\/ld+json\" class=\"yoast-schema-graph\">{\"@context\":\"https:\\\/\\\/schema.org\",\"@graph\":[{\"@type\":\"WebPage\",\"@id\":\"https:\\\/\\\/viba-motor.fr\\\/produit\\\/led-tail-light-with-mounting-bracket-honda-monkey-125\\\/\",\"url\":\"https:\\\/\\\/viba-motor.fr\\\/produit\\\/led-tail-light-with-mounting-bracket-honda-monkey-125\\\/\",\"name\":\"VIBA - Shop - Tail light SP40 Honda Monkey125\",\"isPartOf\":{\"@id\":\"https:\\\/\\\/viba-motor.fr\\\/#website\"},\"primaryImageOfPage\":{\"@id\":\"https:\\\/\\\/viba-motor.fr\\\/produit\\\/led-tail-light-with-mounting-bracket-honda-monkey-125\\\/#primaryimage\"},\"image\":{\"@id\":\"https:\\\/\\\/viba-motor.fr\\\/produit\\\/led-tail-light-with-mounting-bracket-honda-monkey-125\\\/#primaryimage\"},\"thumbnailUrl\":\"https:\\\/\\\/i0.wp.com\\\/viba-motor.fr\\\/wp-content\\\/uploads\\\/rear-light-Honda-Monkey_04-scaled.jpg?fit=2560%2C1707&ssl=1\",\"datePublished\":\"2019-02-14T18:25:26+00:00\",\"dateModified\":\"2025-11-02T19:19:08+00:00\",\"description\":\"LED Tail Light with mounting bracket Honda Monkey 125 \\\/ Feu arri\u00e8re LED avec boitier pour Honda Monkey 125\",\"breadcrumb\":{\"@id\":\"https:\\\/\\\/viba-motor.fr\\\/produit\\\/led-tail-light-with-mounting-bracket-honda-monkey-125\\\/#breadcrumb\"},\"inLanguage\":\"fr-FR\",\"potentialAction\":[{\"@type\":\"ReadAction\",\"target\":[\"https:\\\/\\\/viba-motor.fr\\\/produit\\\/led-tail-light-with-mounting-bracket-honda-monkey-125\\\/\"]}]},{\"@type\":\"ImageObject\",\"inLanguage\":\"fr-FR\",\"@id\":\"https:\\\/\\\/viba-motor.fr\\\/produit\\\/led-tail-light-with-mounting-bracket-honda-monkey-125\\\/#primaryimage\",\"url\":\"https:\\\/\\\/i0.wp.com\\\/viba-motor.fr\\\/wp-content\\\/uploads\\\/rear-light-Honda-Monkey_04-scaled.jpg?fit=2560%2C1707&ssl=1\",\"contentUrl\":\"https:\\\/\\\/i0.wp.com\\\/viba-motor.fr\\\/wp-content\\\/uploads\\\/rear-light-Honda-Monkey_04-scaled.jpg?fit=2560%2C1707&ssl=1\",\"width\":2560,\"height\":1707},{\"@type\":\"BreadcrumbList\",\"@id\":\"https:\\\/\\\/viba-motor.fr\\\/produit\\\/led-tail-light-with-mounting-bracket-honda-monkey-125\\\/#breadcrumb\",\"itemListElement\":[{\"@type\":\"ListItem\",\"position\":1,\"name\":\"Accueil\",\"item\":\"https:\\\/\\\/viba-motor.fr\\\/\"},{\"@type\":\"ListItem\",\"position\":2,\"name\":\"Shop\",\"item\":\"https:\\\/\\\/viba-motor.fr\\\/\"},{\"@type\":\"ListItem\",\"position\":3,\"name\":\"Monkey 125\",\"item\":\"https:\\\/\\\/viba-motor.fr\\\/etiquette-produit\\\/monkey-125\\\/\"},{\"@type\":\"ListItem\",\"position\":4,\"name\":\"Tail light SP40 Honda Monkey125\"}]},{\"@type\":\"WebSite\",\"@id\":\"https:\\\/\\\/viba-motor.fr\\\/#website\",\"url\":\"https:\\\/\\\/viba-motor.fr\\\/\",\"name\":\"VIBA\",\"description\":\"Design Studio &amp; Creative Atelier\",\"publisher\":{\"@id\":\"https:\\\/\\\/viba-motor.fr\\\/#organization\"},\"potentialAction\":[{\"@type\":\"SearchAction\",\"target\":{\"@type\":\"EntryPoint\",\"urlTemplate\":\"https:\\\/\\\/viba-motor.fr\\\/?s={search_term_string}\"},\"query-input\":{\"@type\":\"PropertyValueSpecification\",\"valueRequired\":true,\"valueName\":\"search_term_string\"}}],\"inLanguage\":\"fr-FR\"},{\"@type\":\"Organization\",\"@id\":\"https:\\\/\\\/viba-motor.fr\\\/#organization\",\"name\":\"VIBA\",\"url\":\"https:\\\/\\\/viba-motor.fr\\\/\",\"logo\":{\"@type\":\"ImageObject\",\"inLanguage\":\"fr-FR\",\"@id\":\"https:\\\/\\\/viba-motor.fr\\\/#\\\/schema\\\/logo\\\/image\\\/\",\"url\":\"https:\\\/\\\/viba-motor.fr\\\/wp-content\\\/uploads\\\/Viba-logo.svg\",\"contentUrl\":\"https:\\\/\\\/viba-motor.fr\\\/wp-content\\\/uploads\\\/Viba-logo.svg\",\"width\":200,\"height\":50,\"caption\":\"VIBA\"},\"image\":{\"@id\":\"https:\\\/\\\/viba-motor.fr\\\/#\\\/schema\\\/logo\\\/image\\\/\"}}]}<\/script>\n<!-- \/ Yoast SEO plugin. -->","yoast_head_json":{"title":"VIBA - Shop - Tail light SP40 Honda Monkey125","description":"LED Tail Light with mounting bracket Honda Monkey 125 \/ Feu arri\u00e8re LED avec boitier pour Honda Monkey 125","robots":{"index":"index","follow":"follow","max-snippet":"max-snippet:-1","max-image-preview":"max-image-preview:large","max-video-preview":"max-video-preview:-1"},"canonical":"https:\/\/viba-motor.fr\/fr\/produit\/led-tail-light-with-mounting-bracket-honda-monkey-125\/","og_locale":"fr_FR","og_type":"article","og_title":"VIBA - Shop - Tail light SP40 Honda Monkey125","og_description":"LED Tail Light with mounting bracket Honda Monkey 125 \/ Feu arri\u00e8re LED avec boitier pour Honda Monkey 125","og_url":"https:\/\/viba-motor.fr\/fr\/produit\/led-tail-light-with-mounting-bracket-honda-monkey-125\/","og_site_name":"VIBA","article_modified_time":"2025-11-02T19:19:08+00:00","og_image":[{"width":2560,"height":1707,"url":"https:\/\/viba-motor.fr\/wp-content\/uploads\/rear-light-Honda-Monkey_04-scaled.jpg","type":"image\/jpeg"}],"twitter_card":"summary_large_image","twitter_misc":{"Dur\u00e9e de lecture estim\u00e9e":"1 minute"},"schema":{"@context":"https:\/\/schema.org","@graph":[{"@type":"WebPage","@id":"https:\/\/viba-motor.fr\/produit\/led-tail-light-with-mounting-bracket-honda-monkey-125\/","url":"https:\/\/viba-motor.fr\/produit\/led-tail-light-with-mounting-bracket-honda-monkey-125\/","name":"VIBA - Shop - Tail light SP40 Honda Monkey125","isPartOf":{"@id":"https:\/\/viba-motor.fr\/#website"},"primaryImageOfPage":{"@id":"https:\/\/viba-motor.fr\/produit\/led-tail-light-with-mounting-bracket-honda-monkey-125\/#primaryimage"},"image":{"@id":"https:\/\/viba-motor.fr\/produit\/led-tail-light-with-mounting-bracket-honda-monkey-125\/#primaryimage"},"thumbnailUrl":"https:\/\/i0.wp.com\/viba-motor.fr\/wp-content\/uploads\/rear-light-Honda-Monkey_04-scaled.jpg?fit=2560%2C1707&ssl=1","datePublished":"2019-02-14T18:25:26+00:00","dateModified":"2025-11-02T19:19:08+00:00","description":"LED Tail Light with mounting bracket Honda Monkey 125 \/ Feu arri\u00e8re LED avec boitier pour Honda Monkey 125","breadcrumb":{"@id":"https:\/\/viba-motor.fr\/produit\/led-tail-light-with-mounting-bracket-honda-monkey-125\/#breadcrumb"},"inLanguage":"fr-FR","potentialAction":[{"@type":"ReadAction","target":["https:\/\/viba-motor.fr\/produit\/led-tail-light-with-mounting-bracket-honda-monkey-125\/"]}]},{"@type":"ImageObject","inLanguage":"fr-FR","@id":"https:\/\/viba-motor.fr\/produit\/led-tail-light-with-mounting-bracket-honda-monkey-125\/#primaryimage","url":"https:\/\/i0.wp.com\/viba-motor.fr\/wp-content\/uploads\/rear-light-Honda-Monkey_04-scaled.jpg?fit=2560%2C1707&ssl=1","contentUrl":"https:\/\/i0.wp.com\/viba-motor.fr\/wp-content\/uploads\/rear-light-Honda-Monkey_04-scaled.jpg?fit=2560%2C1707&ssl=1","width":2560,"height":1707},{"@type":"BreadcrumbList","@id":"https:\/\/viba-motor.fr\/produit\/led-tail-light-with-mounting-bracket-honda-monkey-125\/#breadcrumb","itemListElement":[{"@type":"ListItem","position":1,"name":"Accueil","item":"https:\/\/viba-motor.fr\/"},{"@type":"ListItem","position":2,"name":"Shop","item":"https:\/\/viba-motor.fr\/"},{"@type":"ListItem","position":3,"name":"Monkey 125","item":"https:\/\/viba-motor.fr\/etiquette-produit\/monkey-125\/"},{"@type":"ListItem","position":4,"name":"Tail light SP40 Honda Monkey125"}]},{"@type":"WebSite","@id":"https:\/\/viba-motor.fr\/#website","url":"https:\/\/viba-motor.fr\/","name":"VIBA","description":"Design Studio &amp; Creative Atelier","publisher":{"@id":"https:\/\/viba-motor.fr\/#organization"},"potentialAction":[{"@type":"SearchAction","target":{"@type":"EntryPoint","urlTemplate":"https:\/\/viba-motor.fr\/?s={search_term_string}"},"query-input":{"@type":"PropertyValueSpecification","valueRequired":true,"valueName":"search_term_string"}}],"inLanguage":"fr-FR"},{"@type":"Organization","@id":"https:\/\/viba-motor.fr\/#organization","name":"VIBA","url":"https:\/\/viba-motor.fr\/","logo":{"@type":"ImageObject","inLanguage":"fr-FR","@id":"https:\/\/viba-motor.fr\/#\/schema\/logo\/image\/","url":"https:\/\/viba-motor.fr\/wp-content\/uploads\/Viba-logo.svg","contentUrl":"https:\/\/viba-motor.fr\/wp-content\/uploads\/Viba-logo.svg","width":200,"height":50,"caption":"VIBA"},"image":{"@id":"https:\/\/viba-motor.fr\/#\/schema\/logo\/image\/"}}]}},"jetpack_sharing_enabled":true,"_links":{"self":[{"href":"https:\/\/viba-motor.fr\/fr\/wp-json\/wp\/v2\/product\/725","targetHints":{"allow":["GET"]}}],"collection":[{"href":"https:\/\/viba-motor.fr\/fr\/wp-json\/wp\/v2\/product"}],"about":[{"href":"https:\/\/viba-motor.fr\/fr\/wp-json\/wp\/v2\/types\/product"}],"version-history":[{"count":1,"href":"https:\/\/viba-motor.fr\/fr\/wp-json\/wp\/v2\/product\/725\/revisions"}],"predecessor-version":[{"id":3864,"href":"https:\/\/viba-motor.fr\/fr\/wp-json\/wp\/v2\/product\/725\/revisions\/3864"}],"wp:featuredmedia":[{"embeddable":true,"href":"https:\/\/viba-motor.fr\/fr\/wp-json\/wp\/v2\/media\/770"}],"wp:attachment":[{"href":"https:\/\/viba-motor.fr\/fr\/wp-json\/wp\/v2\/media?parent=725"}],"wp:term":[{"taxonomy":"product_brand","embeddable":true,"href":"https:\/\/viba-motor.fr\/fr\/wp-json\/wp\/v2\/product_brand?post=725"},{"taxonomy":"product_cat","embeddable":true,"href":"https:\/\/viba-motor.fr\/fr\/wp-json\/wp\/v2\/product_cat?post=725"},{"taxonomy":"product_tag","embeddable":true,"href":"https:\/\/viba-motor.fr\/fr\/wp-json\/wp\/v2\/product_tag?post=725"}],"curies":[{"name":"wp","href":"https:\/\/api.w.org\/{rel}","templated":true}]}}