{"id":826,"date":"2019-08-07T18:57:48","date_gmt":"2019-08-07T16:57:48","guid":{"rendered":"https:\/\/viba-motor.fr\/?post_type=product&#038;p=826"},"modified":"2026-03-26T16:39:28","modified_gmt":"2026-03-26T15:39:28","slug":"blinker-honda-monkey-125","status":"publish","type":"product","link":"https:\/\/viba-motor.fr\/fr\/produit\/blinker-honda-monkey-125\/","title":{"rendered":"Turn signal Honda Monkey 125 &#8211; Rear"},"content":{"rendered":"<p>You\u2019ll get a pair of rear turn signals designed and hand-assembled in France. Made with 15,5mm width LEDs, they\u2019re fully plug &amp; play, with wires of the right length and OE-style connectors that fit directly onto those on your Honda. Of course, screws are included to mount your new Viba parts perfectly on the subframe of your Honda Monkey 125. Replace your bike\u2019s turn signals faster and easier than ever!<\/p>","protected":false},"excerpt":{"rendered":"<p>Paire de clignotants arri\u00e8re LED plug &amp; play avec connecteurs de type origine et vis de montage.<br \/>\nCon\u00e7u pour \u00eatre mont\u00e9 et connect\u00e9 directement et facilement sur Honda Monkey 125 2018+<\/p>","protected":false},"featured_media":835,"template":"","meta":{"_acf_changed":false,"inline_featured_image":false},"product_brand":[],"product_cat":[25,67],"product_tag":[56],"class_list":{"0":"post-826","1":"product","2":"type-product","3":"status-publish","4":"has-post-thumbnail","6":"product_cat-honda","7":"product_cat-monkey-125","8":"product_tag-monkey-125","10":"first","11":"instock","12":"taxable","13":"shipping-taxable","14":"purchasable","15":"product-type-simple"},"acf":[],"yoast_head":"<!-- This site is optimized with the Yoast SEO plugin v27.5 - https:\/\/yoast.com\/product\/yoast-seo-wordpress\/ -->\n<title>Turn signal Honda Monkey 125 - Rear \u23a2VIBA<\/title>\n<meta name=\"description\" content=\"Upgrade your Honda Monkey 125 with Viba&#039;s French-designed turn signals. Plug &amp; play installation for effortless replacement. Order now, we ship worlwide!\" \/>\n<meta name=\"robots\" content=\"index, follow, max-snippet:-1, max-image-preview:large, max-video-preview:-1\" \/>\n<link rel=\"canonical\" href=\"https:\/\/viba-motor.fr\/fr\/produit\/blinker-honda-monkey-125\/\" \/>\n<meta property=\"og:locale\" content=\"fr_FR\" \/>\n<meta property=\"og:type\" content=\"article\" \/>\n<meta property=\"og:title\" content=\"Turn signal Honda Monkey 125 - Rear \u23a2VIBA\" \/>\n<meta property=\"og:description\" content=\"Upgrade your Honda Monkey 125 with Viba&#039;s French-designed turn signals. Plug &amp; play installation for effortless replacement. Order now, we ship worlwide!\" \/>\n<meta property=\"og:url\" content=\"https:\/\/viba-motor.fr\/fr\/produit\/blinker-honda-monkey-125\/\" \/>\n<meta property=\"og:site_name\" content=\"VIBA\" \/>\n<meta property=\"article:modified_time\" content=\"2026-03-26T15:39:28+00:00\" \/>\n<meta property=\"og:image\" content=\"https:\/\/viba-motor.fr\/wp-content\/uploads\/rear-blinker-Honda-Monkey_03-scaled.jpg\" \/>\n\t<meta property=\"og:image:width\" content=\"6000\" \/>\n\t<meta property=\"og:image:height\" content=\"4000\" \/>\n\t<meta property=\"og:image:type\" content=\"image\/jpeg\" \/>\n<meta name=\"twitter:card\" content=\"summary_large_image\" \/>\n<meta name=\"twitter:label1\" content=\"Dur\u00e9e de lecture estim\u00e9e\" \/>\n\t<meta name=\"twitter:data1\" content=\"1 minute\" \/>\n<script type=\"application\/ld+json\" class=\"yoast-schema-graph\">{\"@context\":\"https:\\\/\\\/schema.org\",\"@graph\":[{\"@type\":\"WebPage\",\"@id\":\"https:\\\/\\\/viba-motor.fr\\\/produit\\\/blinker-honda-monkey-125\\\/\",\"url\":\"https:\\\/\\\/viba-motor.fr\\\/produit\\\/blinker-honda-monkey-125\\\/\",\"name\":\"Turn signal Honda Monkey 125 - Rear \u23a2VIBA\",\"isPartOf\":{\"@id\":\"https:\\\/\\\/viba-motor.fr\\\/#website\"},\"primaryImageOfPage\":{\"@id\":\"https:\\\/\\\/viba-motor.fr\\\/produit\\\/blinker-honda-monkey-125\\\/#primaryimage\"},\"image\":{\"@id\":\"https:\\\/\\\/viba-motor.fr\\\/produit\\\/blinker-honda-monkey-125\\\/#primaryimage\"},\"thumbnailUrl\":\"https:\\\/\\\/i0.wp.com\\\/viba-motor.fr\\\/wp-content\\\/uploads\\\/rear-blinker-Honda-Monkey_03-scaled.jpg?fit=6000%2C4000&ssl=1\",\"datePublished\":\"2019-08-07T16:57:48+00:00\",\"dateModified\":\"2026-03-26T15:39:28+00:00\",\"description\":\"Upgrade your Honda Monkey 125 with Viba's French-designed turn signals. Plug & play installation for effortless replacement. Order now, we ship worlwide!\",\"breadcrumb\":{\"@id\":\"https:\\\/\\\/viba-motor.fr\\\/produit\\\/blinker-honda-monkey-125\\\/#breadcrumb\"},\"inLanguage\":\"fr-FR\",\"potentialAction\":[{\"@type\":\"ReadAction\",\"target\":[\"https:\\\/\\\/viba-motor.fr\\\/produit\\\/blinker-honda-monkey-125\\\/\"]}]},{\"@type\":\"ImageObject\",\"inLanguage\":\"fr-FR\",\"@id\":\"https:\\\/\\\/viba-motor.fr\\\/produit\\\/blinker-honda-monkey-125\\\/#primaryimage\",\"url\":\"https:\\\/\\\/i0.wp.com\\\/viba-motor.fr\\\/wp-content\\\/uploads\\\/rear-blinker-Honda-Monkey_03-scaled.jpg?fit=6000%2C4000&ssl=1\",\"contentUrl\":\"https:\\\/\\\/i0.wp.com\\\/viba-motor.fr\\\/wp-content\\\/uploads\\\/rear-blinker-Honda-Monkey_03-scaled.jpg?fit=6000%2C4000&ssl=1\",\"width\":6000,\"height\":4000},{\"@type\":\"BreadcrumbList\",\"@id\":\"https:\\\/\\\/viba-motor.fr\\\/produit\\\/blinker-honda-monkey-125\\\/#breadcrumb\",\"itemListElement\":[{\"@type\":\"ListItem\",\"position\":1,\"name\":\"Accueil\",\"item\":\"https:\\\/\\\/viba-motor.fr\\\/\"},{\"@type\":\"ListItem\",\"position\":2,\"name\":\"Shop\",\"item\":\"https:\\\/\\\/viba-motor.fr\\\/\"},{\"@type\":\"ListItem\",\"position\":3,\"name\":\"Monkey 125\",\"item\":\"https:\\\/\\\/viba-motor.fr\\\/etiquette-produit\\\/monkey-125\\\/\"},{\"@type\":\"ListItem\",\"position\":4,\"name\":\"Turn signal Honda Monkey 125 &#8211; Rear\"}]},{\"@type\":\"WebSite\",\"@id\":\"https:\\\/\\\/viba-motor.fr\\\/#website\",\"url\":\"https:\\\/\\\/viba-motor.fr\\\/\",\"name\":\"VIBA\",\"description\":\"Design Studio &amp; Creative Atelier\",\"publisher\":{\"@id\":\"https:\\\/\\\/viba-motor.fr\\\/#organization\"},\"potentialAction\":[{\"@type\":\"SearchAction\",\"target\":{\"@type\":\"EntryPoint\",\"urlTemplate\":\"https:\\\/\\\/viba-motor.fr\\\/?s={search_term_string}\"},\"query-input\":{\"@type\":\"PropertyValueSpecification\",\"valueRequired\":true,\"valueName\":\"search_term_string\"}}],\"inLanguage\":\"fr-FR\"},{\"@type\":\"Organization\",\"@id\":\"https:\\\/\\\/viba-motor.fr\\\/#organization\",\"name\":\"VIBA\",\"url\":\"https:\\\/\\\/viba-motor.fr\\\/\",\"logo\":{\"@type\":\"ImageObject\",\"inLanguage\":\"fr-FR\",\"@id\":\"https:\\\/\\\/viba-motor.fr\\\/#\\\/schema\\\/logo\\\/image\\\/\",\"url\":\"https:\\\/\\\/viba-motor.fr\\\/wp-content\\\/uploads\\\/Viba-logo.svg\",\"contentUrl\":\"https:\\\/\\\/viba-motor.fr\\\/wp-content\\\/uploads\\\/Viba-logo.svg\",\"width\":200,\"height\":50,\"caption\":\"VIBA\"},\"image\":{\"@id\":\"https:\\\/\\\/viba-motor.fr\\\/#\\\/schema\\\/logo\\\/image\\\/\"}}]}<\/script>\n<!-- \/ Yoast SEO plugin. -->","yoast_head_json":{"title":"Turn signal Honda Monkey 125 - Rear \u23a2VIBA","description":"Upgrade your Honda Monkey 125 with Viba's French-designed turn signals. Plug & play installation for effortless replacement. Order now, we ship worlwide!","robots":{"index":"index","follow":"follow","max-snippet":"max-snippet:-1","max-image-preview":"max-image-preview:large","max-video-preview":"max-video-preview:-1"},"canonical":"https:\/\/viba-motor.fr\/fr\/produit\/blinker-honda-monkey-125\/","og_locale":"fr_FR","og_type":"article","og_title":"Turn signal Honda Monkey 125 - Rear \u23a2VIBA","og_description":"Upgrade your Honda Monkey 125 with Viba's French-designed turn signals. Plug & play installation for effortless replacement. Order now, we ship worlwide!","og_url":"https:\/\/viba-motor.fr\/fr\/produit\/blinker-honda-monkey-125\/","og_site_name":"VIBA","article_modified_time":"2026-03-26T15:39:28+00:00","og_image":[{"width":6000,"height":4000,"url":"https:\/\/viba-motor.fr\/wp-content\/uploads\/rear-blinker-Honda-Monkey_03-scaled.jpg","type":"image\/jpeg"}],"twitter_card":"summary_large_image","twitter_misc":{"Dur\u00e9e de lecture estim\u00e9e":"1 minute"},"schema":{"@context":"https:\/\/schema.org","@graph":[{"@type":"WebPage","@id":"https:\/\/viba-motor.fr\/produit\/blinker-honda-monkey-125\/","url":"https:\/\/viba-motor.fr\/produit\/blinker-honda-monkey-125\/","name":"Turn signal Honda Monkey 125 - Rear \u23a2VIBA","isPartOf":{"@id":"https:\/\/viba-motor.fr\/#website"},"primaryImageOfPage":{"@id":"https:\/\/viba-motor.fr\/produit\/blinker-honda-monkey-125\/#primaryimage"},"image":{"@id":"https:\/\/viba-motor.fr\/produit\/blinker-honda-monkey-125\/#primaryimage"},"thumbnailUrl":"https:\/\/i0.wp.com\/viba-motor.fr\/wp-content\/uploads\/rear-blinker-Honda-Monkey_03-scaled.jpg?fit=6000%2C4000&ssl=1","datePublished":"2019-08-07T16:57:48+00:00","dateModified":"2026-03-26T15:39:28+00:00","description":"Upgrade your Honda Monkey 125 with Viba's French-designed turn signals. Plug & play installation for effortless replacement. Order now, we ship worlwide!","breadcrumb":{"@id":"https:\/\/viba-motor.fr\/produit\/blinker-honda-monkey-125\/#breadcrumb"},"inLanguage":"fr-FR","potentialAction":[{"@type":"ReadAction","target":["https:\/\/viba-motor.fr\/produit\/blinker-honda-monkey-125\/"]}]},{"@type":"ImageObject","inLanguage":"fr-FR","@id":"https:\/\/viba-motor.fr\/produit\/blinker-honda-monkey-125\/#primaryimage","url":"https:\/\/i0.wp.com\/viba-motor.fr\/wp-content\/uploads\/rear-blinker-Honda-Monkey_03-scaled.jpg?fit=6000%2C4000&ssl=1","contentUrl":"https:\/\/i0.wp.com\/viba-motor.fr\/wp-content\/uploads\/rear-blinker-Honda-Monkey_03-scaled.jpg?fit=6000%2C4000&ssl=1","width":6000,"height":4000},{"@type":"BreadcrumbList","@id":"https:\/\/viba-motor.fr\/produit\/blinker-honda-monkey-125\/#breadcrumb","itemListElement":[{"@type":"ListItem","position":1,"name":"Accueil","item":"https:\/\/viba-motor.fr\/"},{"@type":"ListItem","position":2,"name":"Shop","item":"https:\/\/viba-motor.fr\/"},{"@type":"ListItem","position":3,"name":"Monkey 125","item":"https:\/\/viba-motor.fr\/etiquette-produit\/monkey-125\/"},{"@type":"ListItem","position":4,"name":"Turn signal Honda Monkey 125 &#8211; Rear"}]},{"@type":"WebSite","@id":"https:\/\/viba-motor.fr\/#website","url":"https:\/\/viba-motor.fr\/","name":"VIBA","description":"Design Studio &amp; Creative Atelier","publisher":{"@id":"https:\/\/viba-motor.fr\/#organization"},"potentialAction":[{"@type":"SearchAction","target":{"@type":"EntryPoint","urlTemplate":"https:\/\/viba-motor.fr\/?s={search_term_string}"},"query-input":{"@type":"PropertyValueSpecification","valueRequired":true,"valueName":"search_term_string"}}],"inLanguage":"fr-FR"},{"@type":"Organization","@id":"https:\/\/viba-motor.fr\/#organization","name":"VIBA","url":"https:\/\/viba-motor.fr\/","logo":{"@type":"ImageObject","inLanguage":"fr-FR","@id":"https:\/\/viba-motor.fr\/#\/schema\/logo\/image\/","url":"https:\/\/viba-motor.fr\/wp-content\/uploads\/Viba-logo.svg","contentUrl":"https:\/\/viba-motor.fr\/wp-content\/uploads\/Viba-logo.svg","width":200,"height":50,"caption":"VIBA"},"image":{"@id":"https:\/\/viba-motor.fr\/#\/schema\/logo\/image\/"}}]}},"jetpack_sharing_enabled":true,"_links":{"self":[{"href":"https:\/\/viba-motor.fr\/fr\/wp-json\/wp\/v2\/product\/826","targetHints":{"allow":["GET"]}}],"collection":[{"href":"https:\/\/viba-motor.fr\/fr\/wp-json\/wp\/v2\/product"}],"about":[{"href":"https:\/\/viba-motor.fr\/fr\/wp-json\/wp\/v2\/types\/product"}],"version-history":[{"count":1,"href":"https:\/\/viba-motor.fr\/fr\/wp-json\/wp\/v2\/product\/826\/revisions"}],"predecessor-version":[{"id":3879,"href":"https:\/\/viba-motor.fr\/fr\/wp-json\/wp\/v2\/product\/826\/revisions\/3879"}],"wp:featuredmedia":[{"embeddable":true,"href":"https:\/\/viba-motor.fr\/fr\/wp-json\/wp\/v2\/media\/835"}],"wp:attachment":[{"href":"https:\/\/viba-motor.fr\/fr\/wp-json\/wp\/v2\/media?parent=826"}],"wp:term":[{"taxonomy":"product_brand","embeddable":true,"href":"https:\/\/viba-motor.fr\/fr\/wp-json\/wp\/v2\/product_brand?post=826"},{"taxonomy":"product_cat","embeddable":true,"href":"https:\/\/viba-motor.fr\/fr\/wp-json\/wp\/v2\/product_cat?post=826"},{"taxonomy":"product_tag","embeddable":true,"href":"https:\/\/viba-motor.fr\/fr\/wp-json\/wp\/v2\/product_tag?post=826"}],"curies":[{"name":"wp","href":"https:\/\/api.w.org\/{rel}","templated":true}]}}